{"id":1082,"date":"2024-08-20T17:15:36","date_gmt":"2024-08-20T17:15:36","guid":{"rendered":"https:\/\/fotosyviajes.es\/?page_id=1082"},"modified":"2025-11-18T15:34:33","modified_gmt":"2025-11-18T15:34:33","slug":"alsacia-selva-negra","status":"publish","type":"page","link":"https:\/\/fotosyviajes.es\/index.php\/grandes-rutas\/alsacia-selva-negra\/","title":{"rendered":"Alsacia &#8211; Selva Negra"},"content":{"rendered":"\n<figure class=\"wp-block-image size-large\"><img loading=\"lazy\" decoding=\"async\" width=\"1024\" height=\"681\" src=\"https:\/\/fotosyviajes.es\/wp-content\/uploads\/2024\/08\/2024_Ruta-1024x681.gif\" alt=\"\" class=\"wp-image-1107\" srcset=\"https:\/\/fotosyviajes.es\/wp-content\/uploads\/2024\/08\/2024_Ruta-1024x681.gif 1024w, https:\/\/fotosyviajes.es\/wp-content\/uploads\/2024\/08\/2024_Ruta-300x200.gif 300w, https:\/\/fotosyviajes.es\/wp-content\/uploads\/2024\/08\/2024_Ruta-768x511.gif 768w\" sizes=\"auto, (max-width: 1024px) 100vw, 1024px\" \/><\/figure>\n\n\n\n<p>Todo empez\u00f3 con una idea sencilla: viajar sin prisa, con la casa a cuestas y el coraz\u00f3n abierto.<\/p>\n\n\n\n<p>Durante varios d\u00edas recorrimos la **Selva Negra** y **Alsacia** en autocaravana, siguiendo el ritmo del sol, el sonido de los bosques y el aroma del pan reci\u00e9n hecho en los pueblos que \u00edbamos descubriendo.<\/p>\n\n\n\n<p>En cada parada, la c\u00e1mara se convirti\u00f3 en una extensi\u00f3n de nuestra mirada: quiso atrapar la luz que filtraban los abetos, el reflejo de los castillos sobre los lagos, las fachadas de colores que parec\u00edan sonre\u00edr en Colmar o Eguisheim.<\/p>\n\n\n\n<p>Esta web es el resultado de aquel viaje: una colecci\u00f3n de im\u00e1genes y momentos que a\u00fan huelen a libertad, a caf\u00e9 temprano, a lluvia fina sobre el parabrisas.<\/p>\n\n\n\n<p>Que estas p\u00e1ginas te inviten a salir a la carretera, a perderte, a mirar el mundo desde una ventana en movimiento.<\/p>\n\n\n\n<div class=\"wp-block-columns is-layout-flex wp-container-core-columns-is-layout-9d6595d7 wp-block-columns-is-layout-flex\">\n<div class=\"wp-block-column is-layout-flow wp-block-column-is-layout-flow\">\n<ul class=\"wp-block-list\">\n<li><a href=\"https:\/\/turismoburgos.org\/\">Burgos<\/a> <a href=\"https:\/\/maps.app.goo.gl\/BDv54nDuBC67K6647\"><img decoding=\"async\" style=\"width: 20px;\" src=\"https:\/\/fotosyviajes.es\/wp-content\/uploads\/2020\/04\/maps_p.gif\" alt=\"\"> <img decoding=\"async\" style=\"width: 24px;\" src=\"https:\/\/fotosyviajes.es\/wp-content\/uploads\/2020\/04\/pngocean.com_.png\" alt=\"\"><\/a><\/li>\n\n\n\n<li><a href=\"https:\/\/www.vitoria-gasteiz.org\/wb021\/was\/we001Action.do?idioma=es&amp;accion=turismo&amp;accionWe001=ficha\">Vitoria &#8211; Gasteiz<\/a> <a href=\"https:\/\/maps.app.goo.gl\/rAqJ2urikFf99mdK9\"><img decoding=\"async\" style=\"width: 20px;\" src=\"https:\/\/fotosyviajes.es\/wp-content\/uploads\/2020\/04\/maps_p.gif\" alt=\"\"> <img decoding=\"async\" style=\"width: 24px;\" src=\"https:\/\/fotosyviajes.es\/wp-content\/uploads\/2020\/04\/pngocean.com_.png\" alt=\"\"><\/a><\/li>\n\n\n\n<li><a href=\"https:\/\/www.arcachon.com\/es\/\">Arcachon<\/a> <a href=\"https:\/\/maps.app.goo.gl\/gp2xXERv3RQA5r1VA\"><img decoding=\"async\" style=\"width: 20px;\" src=\"https:\/\/fotosyviajes.es\/wp-content\/uploads\/2020\/04\/maps_p.gif\" alt=\"\"> <img decoding=\"async\" style=\"width: 24px;\" src=\"https:\/\/fotosyviajes.es\/wp-content\/uploads\/2020\/04\/pngocean.com_.png\" alt=\"\"><\/a><\/li>\n\n\n\n<li><a href=\"https:\/\/www.france.fr\/es\/articulo\/brantome-perigord\/\">Brant\u00f4me en P\u00e9rigord<\/a> <a href=\"https:\/\/goo.gl\/maps\/38W2zzL7W2KKMhW86\"><img decoding=\"async\" style=\"width: 20px;\" src=\"https:\/\/fotosyviajes.es\/wp-content\/uploads\/2020\/04\/maps_p.gif\" alt=\"\"><\/a> <a href=\"https:\/\/maps.app.goo.gl\/YdN1LT7aGLMDmedT9\"><img decoding=\"async\" style=\"width: 24px;\" src=\"https:\/\/fotosyviajes.es\/wp-content\/uploads\/2020\/04\/pngocean.com_.png\" alt=\"\"><\/a><\/li>\n\n\n\n<li><a href=\"https:\/\/www.monestirs.cat\/monst\/annex\/fran\/aquita\/cboschaud.htm\">Abbaye Notre-Dame de Boschaud<\/a> <a href=\"https:\/\/maps.app.goo.gl\/VPsehRStcXbWyKuY9\"><img decoding=\"async\" style=\"width: 20px;\" src=\"https:\/\/fotosyviajes.es\/wp-content\/uploads\/2020\/04\/maps_p.gif\" alt=\"\"> <\/a><a href=\"https:\/\/maps.app.goo.gl\/kob2KmyrVKPfmg7J6\"><img loading=\"lazy\" decoding=\"async\" width=\"24\" height=\"24\" class=\"wp-image-757\" style=\"width: 24px;\" src=\"https:\/\/fotosyviajes.es\/wp-content\/uploads\/2020\/12\/Parking.png\" alt=\"\"><\/a><\/li>\n\n\n\n<li><a href=\"https:\/\/www.perigord.com\/es\/listings\/villes-et-villages\/saint-jean-de-cole\/\">Saint-Jean-de-C\u00f4le<\/a>  <a href=\"https:\/\/maps.app.goo.gl\/ykgGUgxZjLwGwZY18\"><img decoding=\"async\" style=\"width: 24px;\" src=\"https:\/\/fotosyviajes.es\/wp-content\/uploads\/2020\/04\/pngocean.com_.png\" alt=\"\"><\/a><\/li>\n\n\n\n<li><a href=\"https:\/\/www.france-voyage.com\/francia-ciudades\/digoin-28395.htm\">Digoin<\/a>  <a href=\"https:\/\/maps.app.goo.gl\/NiJWY75a5Zqi2YWe6\"><img decoding=\"async\" style=\"width: 24px;\" src=\"https:\/\/fotosyviajes.es\/wp-content\/uploads\/2020\/04\/pngocean.com_.png\" alt=\"\"><\/a><\/li>\n\n\n\n<li><a href=\"https:\/\/visit.freiburg.de\/en\/\">Friburgo de Brisgovia<\/a>  <a href=\"https:\/\/maps.app.goo.gl\/yL7vAvnHJZArDAsd9\"><img decoding=\"async\" style=\"width: 24px;\" src=\"https:\/\/fotosyviajes.es\/wp-content\/uploads\/2020\/04\/pngocean.com_.png\" alt=\"\"><\/a><\/li>\n\n\n\n<li><a href=\"https:\/\/www.triberg.de\/english\/tourismus-1\">Triberg<\/a> <a href=\"https:\/\/maps.app.goo.gl\/XPLYHdTYqhNTTx8B7\"> <img decoding=\"async\" style=\"width: 24px;\" src=\"https:\/\/fotosyviajes.es\/wp-content\/uploads\/2020\/04\/pngocean.com_.png\" alt=\"\"><\/a><\/li>\n\n\n\n<li><a href=\"https:\/\/www.sasbachwalden.de\/\">Sasbacwolden<\/a> <a href=\"https:\/\/maps.app.goo.gl\/R6dZVJYQoJvXST1Q7\"> <img decoding=\"async\" style=\"width: 24px;\" src=\"https:\/\/fotosyviajes.es\/wp-content\/uploads\/2020\/04\/pngocean.com_.png\" alt=\"\"><\/a><\/li>\n\n\n\n<li><a href=\"https:\/\/www.gengenbach.info\/\">Gengenbach<\/a> <a href=\"https:\/\/maps.app.goo.gl\/iaELV5wgQrAM5TTD9\"> <img decoding=\"async\" style=\"width: 24px;\" src=\"https:\/\/fotosyviajes.es\/wp-content\/uploads\/2020\/04\/pngocean.com_.png\" alt=\"\"><\/a><\/li>\n\n\n\n<li><a href=\"https:\/\/es.wikipedia.org\/wiki\/Kehl\">Kehl<\/a> &#8211; <a href=\"https:\/\/maps.app.goo.gl\/SLLP6yC4zDZ6nEvr8\"> <\/a><a href=\"https:\/\/maps.app.goo.gl\/VU5UM8y3Nsn3UU1H8\"><img decoding=\"async\" style=\"width: 24px;\" src=\"https:\/\/fotosyviajes.es\/wp-content\/uploads\/2020\/04\/pngocean.com_.png\" alt=\"\"><\/a><\/li>\n\n\n\n<li><a href=\"https:\/\/www.visitstrasbourg.fr\/es\/descubrir\/escapadas-a-menos-de-2-horas\/en-alemania\/\">Estrasburgo<\/a><\/li>\n\n\n\n<li><a href=\"https:\/\/www.tourisme-obernai.fr\/ES.html\">Obernai<\/a> &#8211;<a href=\"https:\/\/maps.app.goo.gl\/3Doh4Td6Ej5FKMCi6\"> <img decoding=\"async\" style=\"width: 24px;\" src=\"https:\/\/fotosyviajes.es\/wp-content\/uploads\/2020\/04\/pngocean.com_.png\" alt=\"\"><\/a><\/li>\n\n\n\n<li><a href=\"https:\/\/www.tourisme-colmar.com\/en\/\">Colmar<\/a> &#8211; <a href=\"https:\/\/maps.app.goo.gl\/6nwbdbXffo5BGfB16\"><img decoding=\"async\" style=\"width: 24px;\" src=\"https:\/\/fotosyviajes.es\/wp-content\/uploads\/2020\/04\/pngocean.com_.png\" alt=\"\"><\/a><\/li>\n\n\n\n<li><a href=\"https:\/\/www.tourisme-eguisheim-rouffach.com\/ES\/Chateau-Haut-Koenigsbourg-f269000048.html\">Castillo de Haut-Koenigsbourg<\/a><a href=\"https:\/\/es.wikipedia.org\/wiki\/Castillo_de_Haut-Koenigsbourg\">  <\/a>&#8211; <a href=\"https:\/\/maps.app.goo.gl\/8vSXJfdamioELfBPA\"><img loading=\"lazy\" decoding=\"async\" width=\"24\" height=\"24\" class=\"wp-image-757\" style=\"width: 24px;\" src=\"https:\/\/fotosyviajes.es\/wp-content\/uploads\/2020\/12\/Parking.png\" alt=\"\"><\/a><\/li>\n\n\n\n<li><a href=\"https:\/\/www.tourisme-eguisheim-rouffach.com\/es\/\">Eguisheim<\/a> &#8211; <a href=\"https:\/\/maps.app.goo.gl\/RFuYtXkWV8CZWF149\"><img loading=\"lazy\" decoding=\"async\" width=\"25\" height=\"25\" class=\"wp-image-1122\" style=\"width: 25px;\" src=\"https:\/\/fotosyviajes.es\/wp-content\/uploads\/2025\/08\/camping.png\" alt=\"\"><\/a>  <a href=\"https:\/\/maps.app.goo.gl\/6dx4zKfndg6LyrCR8\"><\/a><\/li>\n\n\n\n<li><a href=\"https:\/\/es.wikipedia.org\/wiki\/Riquewihr\"><\/a><a href=\"https:\/\/es.wikipedia.org\/wiki\/Riquewihr\">Riquewihr<\/a> &#8211;<a href=\"https:\/\/maps.app.goo.gl\/zjUjbpbAoqjtXwz97\"> <img loading=\"lazy\" decoding=\"async\" width=\"24\" height=\"24\" class=\"wp-image-757\" style=\"width: 24px;\" src=\"https:\/\/fotosyviajes.es\/wp-content\/uploads\/2020\/12\/Parking.png\" alt=\"\"><\/a><\/li>\n\n\n\n<li><a href=\"https:\/\/www.france-voyage.com\/francia-ciudades\/kaysersberg-vignoble-27053\/oficina-turismo-kaysersberg-6697.htm\">Kaysersberg<\/a> &#8211; <a href=\"https:\/\/maps.app.goo.gl\/c6t8GyGqYEWahCnW7\"><img loading=\"lazy\" decoding=\"async\" width=\"24\" height=\"24\" class=\"wp-image-757\" style=\"width: 24px;\" src=\"https:\/\/fotosyviajes.es\/wp-content\/uploads\/2020\/12\/Parking.png\" alt=\"\"><\/a><\/li>\n\n\n\n<li><a href=\"https:\/\/avignon-tourisme.com\/es\/oficina-de-turismo\/\">Avignon<\/a> &#8211; <a href=\"https:\/\/maps.app.goo.gl\/yikPAarc9xqTQZC16\"><img loading=\"lazy\" decoding=\"async\" width=\"25\" height=\"25\" class=\"wp-image-1122\" style=\"width: 25px;\" src=\"https:\/\/fotosyviajes.es\/wp-content\/uploads\/2025\/08\/camping.png\" alt=\"\"><\/a> &#8211; <a href=\"https:\/\/maps.app.goo.gl\/6dx4zKfndg6LyrCR8\"> <\/a><a href=\"https:\/\/maps.app.goo.gl\/PNmLvsNE8zokEcYK9\"><img decoding=\"async\" style=\"width: 24px;\" src=\"https:\/\/fotosyviajes.es\/wp-content\/uploads\/2020\/04\/pngocean.com_.png\" alt=\"\"><\/a><\/li>\n\n\n\n<li><a href=\"https:\/\/pontdugard.fr\/es\">Pont-du-Gard<\/a>  <a href=\"https:\/\/maps.app.goo.gl\/Jk6DE2EbYanrcuoT7\"><img loading=\"lazy\" decoding=\"async\" width=\"24\" height=\"24\" class=\"wp-image-757\" style=\"width: 24px;\" src=\"https:\/\/fotosyviajes.es\/wp-content\/uploads\/2020\/12\/Parking.png\" alt=\"\"><\/a><\/li>\n\n\n\n<li><a href=\"https:\/\/visitandorra.com\/es\/informacion-para-el-visitante\/oficinas-de-turismo\/\">Andorra<\/a> &#8211; <a href=\"https:\/\/maps.app.goo.gl\/4sGMPRdJ5ogzNtTM8\"><img loading=\"lazy\" decoding=\"async\" width=\"24\" height=\"24\" class=\"wp-image-757\" style=\"width: 24px;\" src=\"https:\/\/fotosyviajes.es\/wp-content\/uploads\/2020\/12\/Parking.png\" alt=\"\"><\/a><\/li>\n\n\n\n<li><a href=\"https:\/\/www.zaragoza.es\/sede\/portal\/turismo\/es-util\/oficinas-de-turismo\">Zaragoza<\/a> &#8211; <a href=\"https:\/\/maps.app.goo.gl\/5PrWTAE61ZJ6jGYn7\"><img decoding=\"async\" style=\"width: 24px;\" src=\"https:\/\/fotosyviajes.es\/wp-content\/uploads\/2020\/04\/pngocean.com_.png\" alt=\"\"><\/a><\/li>\n<\/ul>\n<\/div>\n<\/div>\n\n\n\n<div class=\"wp-block-columns is-layout-flex wp-container-core-columns-is-layout-9d6595d7 wp-block-columns-is-layout-flex\">\n<div class=\"wp-block-column is-layout-flow wp-block-column-is-layout-flow\"><style type=\"text\/css\">\n#foogallery-gallery-1143 .fg-image { width: 125px; }\n#foogallery-gallery-1143 { --fg-gutter: 10px; }<\/style>\n\t\t\t<div class=\"foogallery foogallery-container foogallery-default foogallery-lightbox-foobox fg-center fg-default fg-ready fg-light fg-border-thin fg-shadow-outline fg-loading-default fg-loaded-fade-in fg-caption-hover fg-hover-fade fg-hover-zoom\" id=\"foogallery-gallery-1143\" data-foogallery=\"{&quot;item&quot;:{&quot;showCaptionTitle&quot;:true,&quot;showCaptionDescription&quot;:true},&quot;lazy&quot;:true}\" style=\"--fg-title-line-clamp: 0; --fg-description-line-clamp: 0;\" >\n\t<div class=\"fg-item fg-type-image fg-idle\"><figure class=\"fg-item-inner\"><a href=\"https:\/\/fotosyviajes.es\/wp-content\/uploads\/2025\/08\/DSC_4817-scaled.jpg\" data-attachment-id=\"1126\" data-type=\"image\" class=\"fg-thumb\"><span class=\"fg-image-wrap\"><img decoding=\"async\" width=\"125\" height=\"125\" class=\"skip-lazy fg-image\" data-src-fg=\"https:\/\/fotosyviajes.es\/wp-content\/uploads\/cache\/2025\/08\/DSC_4817-scaled\/2920246170.jpg\" src=\"data:image\/svg+xml,%3Csvg%20xmlns%3D%22http%3A%2F%2Fwww.w3.org%2F2000%2Fsvg%22%20width%3D%22125%22%20height%3D%22125%22%20viewBox%3D%220%200%20125%20125%22%3E%3C%2Fsvg%3E\" loading=\"eager\"><\/span><span class=\"fg-image-overlay\"><\/span><\/a><\/figure><div class=\"fg-loader\"><\/div><\/div><div class=\"fg-item fg-type-image fg-idle\"><figure class=\"fg-item-inner\"><a href=\"https:\/\/fotosyviajes.es\/wp-content\/uploads\/2025\/08\/DSC_4851-scaled.jpg\" data-attachment-id=\"1127\" data-type=\"image\" class=\"fg-thumb\"><span class=\"fg-image-wrap\"><img decoding=\"async\" width=\"125\" height=\"125\" class=\"skip-lazy fg-image\" data-src-fg=\"https:\/\/fotosyviajes.es\/wp-content\/uploads\/cache\/2025\/08\/DSC_4851-scaled\/2252539974.jpg\" src=\"data:image\/svg+xml,%3Csvg%20xmlns%3D%22http%3A%2F%2Fwww.w3.org%2F2000%2Fsvg%22%20width%3D%22125%22%20height%3D%22125%22%20viewBox%3D%220%200%20125%20125%22%3E%3C%2Fsvg%3E\" loading=\"eager\"><\/span><span class=\"fg-image-overlay\"><\/span><\/a><\/figure><div class=\"fg-loader\"><\/div><\/div><div class=\"fg-item fg-type-image fg-idle\"><figure class=\"fg-item-inner\"><a href=\"https:\/\/fotosyviajes.es\/wp-content\/uploads\/2025\/08\/DSC_4877-scaled.jpg\" data-attachment-id=\"1128\" data-type=\"image\" class=\"fg-thumb\"><span class=\"fg-image-wrap\"><img decoding=\"async\" width=\"125\" height=\"125\" class=\"skip-lazy fg-image\" data-src-fg=\"https:\/\/fotosyviajes.es\/wp-content\/uploads\/cache\/2025\/08\/DSC_4877-scaled\/362271558.jpg\" src=\"data:image\/svg+xml,%3Csvg%20xmlns%3D%22http%3A%2F%2Fwww.w3.org%2F2000%2Fsvg%22%20width%3D%22125%22%20height%3D%22125%22%20viewBox%3D%220%200%20125%20125%22%3E%3C%2Fsvg%3E\" loading=\"eager\"><\/span><span class=\"fg-image-overlay\"><\/span><\/a><\/figure><div class=\"fg-loader\"><\/div><\/div><div class=\"fg-item fg-type-image fg-idle\"><figure class=\"fg-item-inner\"><a href=\"https:\/\/fotosyviajes.es\/wp-content\/uploads\/2025\/08\/DSC_4911-scaled.jpg\" data-attachment-id=\"1129\" data-type=\"image\" class=\"fg-thumb\"><span class=\"fg-image-wrap\"><img decoding=\"async\" width=\"125\" height=\"125\" class=\"skip-lazy fg-image\" data-src-fg=\"https:\/\/fotosyviajes.es\/wp-content\/uploads\/cache\/2025\/08\/DSC_4911-scaled\/1037917882.jpg\" src=\"data:image\/svg+xml,%3Csvg%20xmlns%3D%22http%3A%2F%2Fwww.w3.org%2F2000%2Fsvg%22%20width%3D%22125%22%20height%3D%22125%22%20viewBox%3D%220%200%20125%20125%22%3E%3C%2Fsvg%3E\" loading=\"eager\"><\/span><span class=\"fg-image-overlay\"><\/span><\/a><\/figure><div class=\"fg-loader\"><\/div><\/div><div class=\"fg-item fg-type-image fg-idle\"><figure class=\"fg-item-inner\"><a href=\"https:\/\/fotosyviajes.es\/wp-content\/uploads\/2025\/08\/DSC_4968-scaled.jpg\" data-attachment-id=\"1130\" data-type=\"image\" class=\"fg-thumb\"><span class=\"fg-image-wrap\"><img decoding=\"async\" width=\"125\" height=\"125\" class=\"skip-lazy fg-image\" data-src-fg=\"https:\/\/fotosyviajes.es\/wp-content\/uploads\/cache\/2025\/08\/DSC_4968-scaled\/2240746675.jpg\" src=\"data:image\/svg+xml,%3Csvg%20xmlns%3D%22http%3A%2F%2Fwww.w3.org%2F2000%2Fsvg%22%20width%3D%22125%22%20height%3D%22125%22%20viewBox%3D%220%200%20125%20125%22%3E%3C%2Fsvg%3E\" loading=\"eager\"><\/span><span class=\"fg-image-overlay\"><\/span><\/a><\/figure><div class=\"fg-loader\"><\/div><\/div><div class=\"fg-item fg-type-image fg-idle\"><figure class=\"fg-item-inner\"><a href=\"https:\/\/fotosyviajes.es\/wp-content\/uploads\/2025\/08\/DSC_4984-scaled.jpg\" data-attachment-id=\"1131\" data-type=\"image\" class=\"fg-thumb\"><span class=\"fg-image-wrap\"><img decoding=\"async\" width=\"125\" height=\"125\" class=\"skip-lazy fg-image\" data-src-fg=\"https:\/\/fotosyviajes.es\/wp-content\/uploads\/cache\/2025\/08\/DSC_4984-scaled\/1048555605.jpg\" src=\"data:image\/svg+xml,%3Csvg%20xmlns%3D%22http%3A%2F%2Fwww.w3.org%2F2000%2Fsvg%22%20width%3D%22125%22%20height%3D%22125%22%20viewBox%3D%220%200%20125%20125%22%3E%3C%2Fsvg%3E\" loading=\"eager\"><\/span><span class=\"fg-image-overlay\"><\/span><\/a><\/figure><div class=\"fg-loader\"><\/div><\/div><div class=\"fg-item fg-type-image fg-idle\"><figure class=\"fg-item-inner\"><a href=\"https:\/\/fotosyviajes.es\/wp-content\/uploads\/2025\/08\/DSC_5040-scaled.jpg\" data-attachment-id=\"1132\" data-type=\"image\" class=\"fg-thumb\"><span class=\"fg-image-wrap\"><img decoding=\"async\" width=\"125\" height=\"125\" class=\"skip-lazy fg-image\" data-src-fg=\"https:\/\/fotosyviajes.es\/wp-content\/uploads\/cache\/2025\/08\/DSC_5040-scaled\/624705144.jpg\" src=\"data:image\/svg+xml,%3Csvg%20xmlns%3D%22http%3A%2F%2Fwww.w3.org%2F2000%2Fsvg%22%20width%3D%22125%22%20height%3D%22125%22%20viewBox%3D%220%200%20125%20125%22%3E%3C%2Fsvg%3E\" loading=\"eager\"><\/span><span class=\"fg-image-overlay\"><\/span><\/a><\/figure><div class=\"fg-loader\"><\/div><\/div><div class=\"fg-item fg-type-image fg-idle\"><figure class=\"fg-item-inner\"><a href=\"https:\/\/fotosyviajes.es\/wp-content\/uploads\/2025\/08\/DSC_5047-scaled.jpg\" data-attachment-id=\"1133\" data-type=\"image\" class=\"fg-thumb\"><span class=\"fg-image-wrap\"><img decoding=\"async\" width=\"125\" height=\"125\" class=\"skip-lazy fg-image\" data-src-fg=\"https:\/\/fotosyviajes.es\/wp-content\/uploads\/cache\/2025\/08\/DSC_5047-scaled\/1622854347.jpg\" src=\"data:image\/svg+xml,%3Csvg%20xmlns%3D%22http%3A%2F%2Fwww.w3.org%2F2000%2Fsvg%22%20width%3D%22125%22%20height%3D%22125%22%20viewBox%3D%220%200%20125%20125%22%3E%3C%2Fsvg%3E\" loading=\"eager\"><\/span><span class=\"fg-image-overlay\"><\/span><\/a><\/figure><div class=\"fg-loader\"><\/div><\/div><div class=\"fg-item fg-type-image fg-idle\"><figure class=\"fg-item-inner\"><a href=\"https:\/\/fotosyviajes.es\/wp-content\/uploads\/2025\/08\/DSC_5115-scaled.jpg\" data-attachment-id=\"1134\" data-type=\"image\" class=\"fg-thumb\"><span class=\"fg-image-wrap\"><img decoding=\"async\" width=\"125\" height=\"125\" class=\"skip-lazy fg-image\" data-src-fg=\"https:\/\/fotosyviajes.es\/wp-content\/uploads\/cache\/2025\/08\/DSC_5115-scaled\/1103594899.jpg\" src=\"data:image\/svg+xml,%3Csvg%20xmlns%3D%22http%3A%2F%2Fwww.w3.org%2F2000%2Fsvg%22%20width%3D%22125%22%20height%3D%22125%22%20viewBox%3D%220%200%20125%20125%22%3E%3C%2Fsvg%3E\" loading=\"eager\"><\/span><span class=\"fg-image-overlay\"><\/span><\/a><\/figure><div class=\"fg-loader\"><\/div><\/div><div class=\"fg-item fg-type-image fg-idle\"><figure class=\"fg-item-inner\"><a href=\"https:\/\/fotosyviajes.es\/wp-content\/uploads\/2025\/08\/DSC_5133-scaled.jpg\" data-attachment-id=\"1135\" data-type=\"image\" class=\"fg-thumb\"><span class=\"fg-image-wrap\"><img decoding=\"async\" width=\"125\" height=\"125\" class=\"skip-lazy fg-image\" data-src-fg=\"https:\/\/fotosyviajes.es\/wp-content\/uploads\/cache\/2025\/08\/DSC_5133-scaled\/974819243.jpg\" src=\"data:image\/svg+xml,%3Csvg%20xmlns%3D%22http%3A%2F%2Fwww.w3.org%2F2000%2Fsvg%22%20width%3D%22125%22%20height%3D%22125%22%20viewBox%3D%220%200%20125%20125%22%3E%3C%2Fsvg%3E\" loading=\"eager\"><\/span><span class=\"fg-image-overlay\"><\/span><\/a><\/figure><div class=\"fg-loader\"><\/div><\/div><div class=\"fg-item fg-type-image fg-idle\"><figure class=\"fg-item-inner\"><a href=\"https:\/\/fotosyviajes.es\/wp-content\/uploads\/2025\/08\/DSC_5176-scaled.jpg\" data-attachment-id=\"1136\" data-type=\"image\" class=\"fg-thumb\"><span class=\"fg-image-wrap\"><img decoding=\"async\" width=\"125\" height=\"125\" class=\"skip-lazy fg-image\" data-src-fg=\"https:\/\/fotosyviajes.es\/wp-content\/uploads\/cache\/2025\/08\/DSC_5176-scaled\/1700099869.jpg\" src=\"data:image\/svg+xml,%3Csvg%20xmlns%3D%22http%3A%2F%2Fwww.w3.org%2F2000%2Fsvg%22%20width%3D%22125%22%20height%3D%22125%22%20viewBox%3D%220%200%20125%20125%22%3E%3C%2Fsvg%3E\" loading=\"eager\"><\/span><span class=\"fg-image-overlay\"><\/span><\/a><\/figure><div class=\"fg-loader\"><\/div><\/div><div class=\"fg-item fg-type-image fg-idle\"><figure class=\"fg-item-inner\"><a href=\"https:\/\/fotosyviajes.es\/wp-content\/uploads\/2025\/08\/DSC_5181-scaled.jpg\" data-attachment-id=\"1137\" data-type=\"image\" class=\"fg-thumb\"><span class=\"fg-image-wrap\"><img decoding=\"async\" width=\"125\" height=\"125\" class=\"skip-lazy fg-image\" data-src-fg=\"https:\/\/fotosyviajes.es\/wp-content\/uploads\/cache\/2025\/08\/DSC_5181-scaled\/2923029652.jpg\" src=\"data:image\/svg+xml,%3Csvg%20xmlns%3D%22http%3A%2F%2Fwww.w3.org%2F2000%2Fsvg%22%20width%3D%22125%22%20height%3D%22125%22%20viewBox%3D%220%200%20125%20125%22%3E%3C%2Fsvg%3E\" loading=\"eager\"><\/span><span class=\"fg-image-overlay\"><\/span><\/a><\/figure><div class=\"fg-loader\"><\/div><\/div><div class=\"fg-item fg-type-image fg-idle\"><figure class=\"fg-item-inner\"><a href=\"https:\/\/fotosyviajes.es\/wp-content\/uploads\/2025\/08\/IMG_0044.jpeg\" data-attachment-id=\"1138\" data-type=\"image\" class=\"fg-thumb\"><span class=\"fg-image-wrap\"><img decoding=\"async\" width=\"125\" height=\"125\" class=\"skip-lazy fg-image\" data-src-fg=\"https:\/\/fotosyviajes.es\/wp-content\/uploads\/cache\/2025\/08\/IMG_0044\/1600698884.jpeg\" src=\"data:image\/svg+xml,%3Csvg%20xmlns%3D%22http%3A%2F%2Fwww.w3.org%2F2000%2Fsvg%22%20width%3D%22125%22%20height%3D%22125%22%20viewBox%3D%220%200%20125%20125%22%3E%3C%2Fsvg%3E\" loading=\"eager\"><\/span><span class=\"fg-image-overlay\"><\/span><\/a><\/figure><div class=\"fg-loader\"><\/div><\/div><\/div>\n<\/div>\n<\/div>\n\n\n\n<p><\/p>\n","protected":false},"excerpt":{"rendered":"<p>Todo empez\u00f3 con una idea sencilla: viajar sin prisa, con la casa a cuestas y el coraz\u00f3n abierto. Durante varios d\u00edas recorrimos la **Selva Negra** y **Alsacia** en autocaravana, siguiendo el ritmo del sol, el sonido de los bosques y el aroma del pan reci\u00e9n hecho en los pueblos que \u00edbamos descubriendo. En cada parada, &hellip; <a href=\"https:\/\/fotosyviajes.es\/index.php\/grandes-rutas\/alsacia-selva-negra\/\" class=\"more-link\">Seguir leyendo <span class=\"screen-reader-text\">Alsacia &#8211; Selva Negra<\/span> <span class=\"meta-nav\">&rarr;<\/span><\/a><\/p>\n","protected":false},"author":1,"featured_media":1086,"parent":46,"menu_order":0,"comment_status":"closed","ping_status":"closed","template":"","meta":{"footnotes":""},"class_list":["post-1082","page","type-page","status-publish","has-post-thumbnail","hentry"],"_links":{"self":[{"href":"https:\/\/fotosyviajes.es\/index.php\/wp-json\/wp\/v2\/pages\/1082","targetHints":{"allow":["GET"]}}],"collection":[{"href":"https:\/\/fotosyviajes.es\/index.php\/wp-json\/wp\/v2\/pages"}],"about":[{"href":"https:\/\/fotosyviajes.es\/index.php\/wp-json\/wp\/v2\/types\/page"}],"author":[{"embeddable":true,"href":"https:\/\/fotosyviajes.es\/index.php\/wp-json\/wp\/v2\/users\/1"}],"replies":[{"embeddable":true,"href":"https:\/\/fotosyviajes.es\/index.php\/wp-json\/wp\/v2\/comments?post=1082"}],"version-history":[{"count":55,"href":"https:\/\/fotosyviajes.es\/index.php\/wp-json\/wp\/v2\/pages\/1082\/revisions"}],"predecessor-version":[{"id":1631,"href":"https:\/\/fotosyviajes.es\/index.php\/wp-json\/wp\/v2\/pages\/1082\/revisions\/1631"}],"up":[{"embeddable":true,"href":"https:\/\/fotosyviajes.es\/index.php\/wp-json\/wp\/v2\/pages\/46"}],"wp:featuredmedia":[{"embeddable":true,"href":"https:\/\/fotosyviajes.es\/index.php\/wp-json\/wp\/v2\/media\/1086"}],"wp:attachment":[{"href":"https:\/\/fotosyviajes.es\/index.php\/wp-json\/wp\/v2\/media?parent=1082"}],"curies":[{"name":"wp","href":"https:\/\/api.w.org\/{rel}","templated":true}]}}