{"id":1335,"date":"2025-10-22T14:25:29","date_gmt":"2025-10-22T14:25:29","guid":{"rendered":"https:\/\/fotosyviajes.es\/?page_id=1335"},"modified":"2025-10-27T17:28:20","modified_gmt":"2025-10-27T17:28:20","slug":"arribes-del-duero-sur","status":"publish","type":"page","link":"https:\/\/fotosyviajes.es\/index.php\/grandes-rutas\/arribes-del-duero-sur\/","title":{"rendered":"Arribes del Duero &#8211; Sur"},"content":{"rendered":"\n<figure class=\"wp-block-image size-large\"><img loading=\"lazy\" decoding=\"async\" width=\"1024\" height=\"552\" src=\"https:\/\/fotosyviajes.es\/wp-content\/uploads\/2025\/10\/Ruta-1024x552.jpg\" alt=\"\" class=\"wp-image-1336\" srcset=\"https:\/\/fotosyviajes.es\/wp-content\/uploads\/2025\/10\/Ruta-1024x552.jpg 1024w, https:\/\/fotosyviajes.es\/wp-content\/uploads\/2025\/10\/Ruta-300x162.jpg 300w, https:\/\/fotosyviajes.es\/wp-content\/uploads\/2025\/10\/Ruta-768x414.jpg 768w, https:\/\/fotosyviajes.es\/wp-content\/uploads\/2025\/10\/Ruta.jpg 1290w\" sizes=\"auto, (max-width: 1024px) 100vw, 1024px\" \/><\/figure>\n\n\n\n<p>Salimos con la ilusi\u00f3n cargada en la autocaravana, sin prisas y con el mapa abierto a la improvisaci\u00f3n. El destino: los Arribes del Duero, esa frontera natural entre Espa\u00f1a y Portugal que guarda uno de los paisajes m\u00e1s sorprendentes de la pen\u00ednsula. No sab\u00edamos exactamente qu\u00e9 nos esperaba, pero eso era parte del encanto.<\/p>\n\n\n\n<p>Los primeros kil\u00f3metros fueron un recordatorio de lo que significa viajar sobre ruedas: el sonido del motor acompasado con el paisaje, la libertad de detenerse donde el coraz\u00f3n lo pida, el placer de que el horizonte cambie con cada curva. Poco a poco, la llanura dio paso a un terreno m\u00e1s abrupto, y el Duero comenz\u00f3 a insinuarse entre los montes, profundo y silencioso.<\/p>\n\n\n\n<p>Dormir junto al r\u00edo, despertar con la luz filtr\u00e1ndose entre los riscos, escuchar el vuelo lejano de los buitres\u2026 cada d\u00eda tra\u00eda una nueva postal. En los peque\u00f1os pueblos, el tiempo parec\u00eda haberse detenido. Las calles de piedra, los saludos pausados, los olores a le\u00f1a y a tierra mojada nos recordaban que a\u00fan existen lugares donde la vida se mide de otra forma.<\/p>\n\n\n\n<p>Recorrer los Arribes en autocaravana fue sentir la naturaleza en su estado m\u00e1s puro, pero tambi\u00e9n reencontrarse con uno mismo. Sin horarios, sin ruido, solo el rumor del viento y el agua marcando el comp\u00e1s. Cada parada fue una historia; cada mirada, una fotograf\u00eda en la memoria.<\/p>\n\n\n\n<p>Esta web recoge ese viaje, esas sensaciones y momentos que el objetivo logr\u00f3 atrapar, aunque ninguna imagen pueda reflejar del todo la magia de estar all\u00ed. Ojal\u00e1, al pasar sus p\u00e1ginas, puedas viajar con nosotros y sentir un poco del asombro y la paz que nos regalaron los Arribes del Duero.<\/p>\n\n\n\n<div class=\"wp-block-columns is-layout-flex wp-container-core-columns-is-layout-9d6595d7 wp-block-columns-is-layout-flex\">\n<div class=\"wp-block-column is-layout-flow wp-block-column-is-layout-flow\">\n<ul class=\"wp-block-list\">\n<li><a href=\"https:\/\/www.avilaturismo.com\/\">Avila<\/a>  <a href=\"https:\/\/maps.app.goo.gl\/cTdGc4UUu94wuRtN7\"><img loading=\"lazy\" decoding=\"async\" width=\"20\" height=\"23\" class=\"wp-image-293\" style=\"width: 20px;\" src=\"https:\/\/fotosyviajes.es\/wp-content\/uploads\/2020\/04\/maps_p.gif\" alt=\"Maps\"> <img loading=\"lazy\" decoding=\"async\" width=\"24\" height=\"24\" class=\"wp-image-43\" style=\"width: 24px;\" src=\"https:\/\/fotosyviajes.es\/wp-content\/uploads\/2020\/04\/cropped-pngocean.com_.png\" alt=\"\" srcset=\"https:\/\/fotosyviajes.es\/wp-content\/uploads\/2020\/04\/cropped-pngocean.com_.png 512w, https:\/\/fotosyviajes.es\/wp-content\/uploads\/2020\/04\/cropped-pngocean.com_-300x300.png 300w, https:\/\/fotosyviajes.es\/wp-content\/uploads\/2020\/04\/cropped-pngocean.com_-150x150.png 150w, https:\/\/fotosyviajes.es\/wp-content\/uploads\/2020\/04\/cropped-pngocean.com_-270x270.png 270w, https:\/\/fotosyviajes.es\/wp-content\/uploads\/2020\/04\/cropped-pngocean.com_-192x192.png 192w, https:\/\/fotosyviajes.es\/wp-content\/uploads\/2020\/04\/cropped-pngocean.com_-180x180.png 180w, https:\/\/fotosyviajes.es\/wp-content\/uploads\/2020\/04\/cropped-pngocean.com_-32x32.png 32w\" sizes=\"auto, (max-width: 24px) 100vw, 24px\" \/><\/a><\/li>\n\n\n\n<li><a href=\"https:\/\/salamanca.es\/es\/\">Salamanca<\/a> <a href=\"https:\/\/maps.app.goo.gl\/BFHCsvMuaR9Pw6d99\"><img loading=\"lazy\" decoding=\"async\" width=\"20\" height=\"23\" class=\"wp-image-293\" style=\"width: 20px;\" src=\"https:\/\/fotosyviajes.es\/wp-content\/uploads\/2020\/04\/maps_p.gif\" alt=\"Maps\"> <img loading=\"lazy\" decoding=\"async\" width=\"24\" height=\"24\" class=\"wp-image-757\" style=\"width: 24px;\" src=\"https:\/\/fotosyviajes.es\/wp-content\/uploads\/2020\/12\/Parking.png\" alt=\"\"><\/a><\/li>\n\n\n\n<li><a href=\"https:\/\/turismo.ciudadrodrigo.es\/\">Ciudad Rodrigo<\/a> <a href=\"https:\/\/maps.app.goo.gl\/d7HvpvC4Y8UYCG737\"><img loading=\"lazy\" decoding=\"async\" width=\"20\" height=\"23\" class=\"wp-image-293\" style=\"width: 20px;\" src=\"https:\/\/fotosyviajes.es\/wp-content\/uploads\/2020\/04\/maps_p.gif\" alt=\"Maps\"> <img loading=\"lazy\" decoding=\"async\" width=\"24\" height=\"24\" class=\"wp-image-43\" style=\"width: 24px;\" src=\"https:\/\/fotosyviajes.es\/wp-content\/uploads\/2020\/04\/cropped-pngocean.com_.png\" alt=\"\" srcset=\"https:\/\/fotosyviajes.es\/wp-content\/uploads\/2020\/04\/cropped-pngocean.com_.png 512w, https:\/\/fotosyviajes.es\/wp-content\/uploads\/2020\/04\/cropped-pngocean.com_-300x300.png 300w, https:\/\/fotosyviajes.es\/wp-content\/uploads\/2020\/04\/cropped-pngocean.com_-150x150.png 150w, https:\/\/fotosyviajes.es\/wp-content\/uploads\/2020\/04\/cropped-pngocean.com_-270x270.png 270w, https:\/\/fotosyviajes.es\/wp-content\/uploads\/2020\/04\/cropped-pngocean.com_-192x192.png 192w, https:\/\/fotosyviajes.es\/wp-content\/uploads\/2020\/04\/cropped-pngocean.com_-180x180.png 180w, https:\/\/fotosyviajes.es\/wp-content\/uploads\/2020\/04\/cropped-pngocean.com_-32x32.png 32w\" sizes=\"auto, (max-width: 24px) 100vw, 24px\" \/><\/a><\/li>\n\n\n\n<li><a href=\"https:\/\/www.turismocastillayleon.com\/es\/servicios\/ayuntamientos\/gallegos-arganan\">Gallegos de Arga\u00f1an<\/a> <a href=\"https:\/\/maps.app.goo.gl\/7XcziKAf6Sf5pJiu7\"><img loading=\"lazy\" decoding=\"async\" width=\"20\" height=\"23\" class=\"wp-image-293\" style=\"width: 20px;\" src=\"https:\/\/fotosyviajes.es\/wp-content\/uploads\/2020\/04\/maps_p.gif\" alt=\"Maps\"> <img loading=\"lazy\" decoding=\"async\" width=\"24\" height=\"24\" class=\"wp-image-43\" style=\"width: 24px;\" src=\"https:\/\/fotosyviajes.es\/wp-content\/uploads\/2020\/04\/cropped-pngocean.com_.png\" alt=\"\" srcset=\"https:\/\/fotosyviajes.es\/wp-content\/uploads\/2020\/04\/cropped-pngocean.com_.png 512w, https:\/\/fotosyviajes.es\/wp-content\/uploads\/2020\/04\/cropped-pngocean.com_-300x300.png 300w, https:\/\/fotosyviajes.es\/wp-content\/uploads\/2020\/04\/cropped-pngocean.com_-150x150.png 150w, https:\/\/fotosyviajes.es\/wp-content\/uploads\/2020\/04\/cropped-pngocean.com_-270x270.png 270w, https:\/\/fotosyviajes.es\/wp-content\/uploads\/2020\/04\/cropped-pngocean.com_-192x192.png 192w, https:\/\/fotosyviajes.es\/wp-content\/uploads\/2020\/04\/cropped-pngocean.com_-180x180.png 180w, https:\/\/fotosyviajes.es\/wp-content\/uploads\/2020\/04\/cropped-pngocean.com_-32x32.png 32w\" sizes=\"auto, (max-width: 24px) 100vw, 24px\" \/><\/a><\/li>\n\n\n\n<li><a href=\"https:\/\/www.turismocastillayleon.com\/es\/patrimonio-cultura\/san-felices-gallegos?isprediction=1\">San Felices de los Gallegos<\/a> <a href=\"https:\/\/maps.app.goo.gl\/W3oKHxepG3QNjgt27\"><img loading=\"lazy\" decoding=\"async\" width=\"20\" height=\"23\" class=\"wp-image-293\" style=\"width: 20px;\" src=\"https:\/\/fotosyviajes.es\/wp-content\/uploads\/2020\/04\/maps_p.gif\" alt=\"Maps\"><img loading=\"lazy\" decoding=\"async\" width=\"24\" height=\"24\" class=\"wp-image-757\" style=\"width: 24px;\" src=\"https:\/\/fotosyviajes.es\/wp-content\/uploads\/2020\/12\/Parking.png\" alt=\"\"><\/a><\/li>\n\n\n\n<li><a href=\"https:\/\/www.turismocastillayleon.com\/es\/servicios\/ayuntamientos\/lumbrales?isprediction=1\">Lumbrales<\/a><\/li>\n\n\n\n<li><a href=\"https:\/\/www.turismocastillayleon.com\/es\/servicios\/ayuntamientos\/barruecopardo?isprediction=1\">Barruecopardo<\/a><a href=\"https:\/\/maps.app.goo.gl\/CcpQAz9m4c7JVZZu8\"> <img loading=\"lazy\" decoding=\"async\" width=\"20\" height=\"23\" class=\"wp-image-293\" style=\"width: 20px;\" src=\"https:\/\/fotosyviajes.es\/wp-content\/uploads\/2020\/04\/maps_p.gif\" alt=\"Maps\"> <img loading=\"lazy\" decoding=\"async\" width=\"24\" height=\"24\" class=\"wp-image-43\" style=\"width: 24px;\" src=\"https:\/\/fotosyviajes.es\/wp-content\/uploads\/2020\/04\/cropped-pngocean.com_.png\" alt=\"\" srcset=\"https:\/\/fotosyviajes.es\/wp-content\/uploads\/2020\/04\/cropped-pngocean.com_.png 512w, https:\/\/fotosyviajes.es\/wp-content\/uploads\/2020\/04\/cropped-pngocean.com_-300x300.png 300w, https:\/\/fotosyviajes.es\/wp-content\/uploads\/2020\/04\/cropped-pngocean.com_-150x150.png 150w, https:\/\/fotosyviajes.es\/wp-content\/uploads\/2020\/04\/cropped-pngocean.com_-270x270.png 270w, https:\/\/fotosyviajes.es\/wp-content\/uploads\/2020\/04\/cropped-pngocean.com_-192x192.png 192w, https:\/\/fotosyviajes.es\/wp-content\/uploads\/2020\/04\/cropped-pngocean.com_-180x180.png 180w, https:\/\/fotosyviajes.es\/wp-content\/uploads\/2020\/04\/cropped-pngocean.com_-32x32.png 32w\" sizes=\"auto, (max-width: 24px) 100vw, 24px\" \/><\/a><\/li>\n\n\n\n<li><a href=\"https:\/\/www.turismocastillayleon.com\/es\/servicios\/ayuntamientos\/villarino-aires\">Villarino de los Aires<\/a> <a href=\"https:\/\/maps.app.goo.gl\/rRoET1r2pFHMjnKV7\"><img loading=\"lazy\" decoding=\"async\" width=\"20\" height=\"23\" class=\"wp-image-293\" style=\"width: 20px;\" src=\"https:\/\/fotosyviajes.es\/wp-content\/uploads\/2020\/04\/maps_p.gif\" alt=\"Maps\"> <img loading=\"lazy\" decoding=\"async\" width=\"24\" height=\"24\" class=\"wp-image-43\" style=\"width: 24px;\" src=\"https:\/\/fotosyviajes.es\/wp-content\/uploads\/2020\/04\/cropped-pngocean.com_.png\" alt=\"\" srcset=\"https:\/\/fotosyviajes.es\/wp-content\/uploads\/2020\/04\/cropped-pngocean.com_.png 512w, https:\/\/fotosyviajes.es\/wp-content\/uploads\/2020\/04\/cropped-pngocean.com_-300x300.png 300w, https:\/\/fotosyviajes.es\/wp-content\/uploads\/2020\/04\/cropped-pngocean.com_-150x150.png 150w, https:\/\/fotosyviajes.es\/wp-content\/uploads\/2020\/04\/cropped-pngocean.com_-270x270.png 270w, https:\/\/fotosyviajes.es\/wp-content\/uploads\/2020\/04\/cropped-pngocean.com_-192x192.png 192w, https:\/\/fotosyviajes.es\/wp-content\/uploads\/2020\/04\/cropped-pngocean.com_-180x180.png 180w, https:\/\/fotosyviajes.es\/wp-content\/uploads\/2020\/04\/cropped-pngocean.com_-32x32.png 32w\" sizes=\"auto, (max-width: 24px) 100vw, 24px\" \/><\/a><\/li>\n\n\n\n<li><a href=\"https:\/\/www.turismocastillayleon.com\/es\/servicios\/ayuntamientos\/almendra\">Almendra<\/a> <a href=\"https:\/\/maps.app.goo.gl\/41UHeqPakqBxkLQC6\"><img loading=\"lazy\" decoding=\"async\" width=\"20\" height=\"23\" class=\"wp-image-293\" style=\"width: 20px;\" src=\"https:\/\/fotosyviajes.es\/wp-content\/uploads\/2020\/04\/maps_p.gif\" alt=\"Maps\"> <img loading=\"lazy\" decoding=\"async\" width=\"24\" height=\"24\" class=\"wp-image-43\" style=\"width: 24px;\" src=\"https:\/\/fotosyviajes.es\/wp-content\/uploads\/2020\/04\/cropped-pngocean.com_.png\" alt=\"\" srcset=\"https:\/\/fotosyviajes.es\/wp-content\/uploads\/2020\/04\/cropped-pngocean.com_.png 512w, https:\/\/fotosyviajes.es\/wp-content\/uploads\/2020\/04\/cropped-pngocean.com_-300x300.png 300w, https:\/\/fotosyviajes.es\/wp-content\/uploads\/2020\/04\/cropped-pngocean.com_-150x150.png 150w, https:\/\/fotosyviajes.es\/wp-content\/uploads\/2020\/04\/cropped-pngocean.com_-270x270.png 270w, https:\/\/fotosyviajes.es\/wp-content\/uploads\/2020\/04\/cropped-pngocean.com_-192x192.png 192w, https:\/\/fotosyviajes.es\/wp-content\/uploads\/2020\/04\/cropped-pngocean.com_-180x180.png 180w, https:\/\/fotosyviajes.es\/wp-content\/uploads\/2020\/04\/cropped-pngocean.com_-32x32.png 32w\" sizes=\"auto, (max-width: 24px) 100vw, 24px\" \/><\/a><\/li>\n\n\n\n<li><a href=\"https:\/\/www.turismocastillayleon.com\/es\/servicios\/oficinas-turismo-4ec3\/oficina-turismo-fermoselle?isprediction=1\">Fermoselle<\/a><\/li>\n\n\n\n<li><a href=\"https:\/\/www.turismocastillayleon.com\/es\/patrimonio-cultura\/zamora?isprediction=1\">Zamora<\/a> <a href=\"https:\/\/maps.app.goo.gl\/w9RJdsofcabfJh9D7\"><img loading=\"lazy\" decoding=\"async\" width=\"20\" height=\"23\" class=\"wp-image-293\" style=\"width: 20px;\" src=\"https:\/\/fotosyviajes.es\/wp-content\/uploads\/2020\/04\/maps_p.gif\" alt=\"Maps\"> <img loading=\"lazy\" decoding=\"async\" width=\"24\" height=\"24\" class=\"wp-image-43\" style=\"width: 24px;\" src=\"https:\/\/fotosyviajes.es\/wp-content\/uploads\/2020\/04\/cropped-pngocean.com_.png\" alt=\"\" srcset=\"https:\/\/fotosyviajes.es\/wp-content\/uploads\/2020\/04\/cropped-pngocean.com_.png 512w, https:\/\/fotosyviajes.es\/wp-content\/uploads\/2020\/04\/cropped-pngocean.com_-300x300.png 300w, https:\/\/fotosyviajes.es\/wp-content\/uploads\/2020\/04\/cropped-pngocean.com_-150x150.png 150w, https:\/\/fotosyviajes.es\/wp-content\/uploads\/2020\/04\/cropped-pngocean.com_-270x270.png 270w, https:\/\/fotosyviajes.es\/wp-content\/uploads\/2020\/04\/cropped-pngocean.com_-192x192.png 192w, https:\/\/fotosyviajes.es\/wp-content\/uploads\/2020\/04\/cropped-pngocean.com_-180x180.png 180w, https:\/\/fotosyviajes.es\/wp-content\/uploads\/2020\/04\/cropped-pngocean.com_-32x32.png 32w\" sizes=\"auto, (max-width: 24px) 100vw, 24px\" \/><\/a><\/li>\n<\/ul>\n<\/div>\n<\/div>\n\n\n<style type=\"text\/css\">\n#foogallery-gallery-1429.fg-justified .fg-item { margin-right: 2px; margin-bottom: 2px; }\n#foogallery-gallery-1429.fg-justified .fg-image { height: 200px; }<\/style>\n\t\t\t<div class=\"foogallery foogallery-container foogallery-justified foogallery-lightbox-foogallery fg-justified fg-ready fg-light fg-shadow-outline fg-loading-default fg-loaded-fade-in fg-caption-always fg-hover-fade fg-hover-zoom2\" id=\"foogallery-gallery-1429\" data-foogallery=\"{&quot;item&quot;:{&quot;showCaptionTitle&quot;:true,&quot;showCaptionDescription&quot;:false},&quot;lazy&quot;:true,&quot;template&quot;:{&quot;rowHeight&quot;:200,&quot;maxRowHeight&quot;:300,&quot;margins&quot;:2,&quot;align&quot;:&quot;center&quot;,&quot;lastRow&quot;:&quot;smart&quot;}}\" data-foogallery-lightbox=\"{&quot;thumbs&quot;:&quot;bottom&quot;,&quot;thumbsCaptions&quot;:false,&quot;thumbsBestFit&quot;:false,&quot;thumbsSmall&quot;:false,&quot;thumbsCaptionsAlign&quot;:&quot;default&quot;,&quot;info&quot;:&quot;bottom&quot;,&quot;infoVisible&quot;:true,&quot;infoOverlay&quot;:true,&quot;infoAlign&quot;:&quot;default&quot;,&quot;transition&quot;:&quot;fade&quot;,&quot;hoverButtons&quot;:false,&quot;fitMedia&quot;:false,&quot;noScrollbars&quot;:true,&quot;preserveButtonSpace&quot;:true,&quot;buttons&quot;:{&quot;fullscreen&quot;:true,&quot;info&quot;:true,&quot;thumbs&quot;:false},&quot;video&quot;:{&quot;autoPlay&quot;:true}}\" style=\"--fg-title-line-clamp: 1; --fg-description-line-clamp: 0;\" >\n\t<div class=\"fg-item fg-type-image fg-idle\"><figure class=\"fg-item-inner\"><a href=\"https:\/\/fotosyviajes.es\/wp-content\/uploads\/2025\/10\/IMG_20241004_123112-1.jpg\" data-attachment-id=\"1411\" data-type=\"image\" class=\"fg-thumb\"><span class=\"fg-image-wrap\"><img fetchpriority=\"high\" decoding=\"async\" height=\"300\" width=\"666\" class=\"skip-lazy fg-image\" data-src-fg=\"https:\/\/fotosyviajes.es\/wp-content\/uploads\/cache\/2025\/10\/IMG_20241004_123112-1\/2982387705.jpg\" src=\"data:image\/svg+xml,%3Csvg%20xmlns%3D%22http%3A%2F%2Fwww.w3.org%2F2000%2Fsvg%22%20width%3D%22666%22%20height%3D%22300%22%20viewBox%3D%220%200%20666%20300%22%3E%3C%2Fsvg%3E\" loading=\"eager\"><\/span><span class=\"fg-image-overlay\"><\/span><\/a><\/figure><div class=\"fg-loader\"><\/div><\/div><div class=\"fg-item fg-type-image fg-idle\"><figure class=\"fg-item-inner\"><a href=\"https:\/\/fotosyviajes.es\/wp-content\/uploads\/2025\/10\/IMG_1214.jpeg\" data-attachment-id=\"1412\" data-type=\"image\" class=\"fg-thumb\"><span class=\"fg-image-wrap\"><img decoding=\"async\" height=\"300\" width=\"169\" class=\"skip-lazy fg-image\" data-src-fg=\"https:\/\/fotosyviajes.es\/wp-content\/uploads\/cache\/2025\/10\/IMG_1214\/1408161677.jpeg\" src=\"data:image\/svg+xml,%3Csvg%20xmlns%3D%22http%3A%2F%2Fwww.w3.org%2F2000%2Fsvg%22%20width%3D%22169%22%20height%3D%22300%22%20viewBox%3D%220%200%20169%20300%22%3E%3C%2Fsvg%3E\" loading=\"eager\"><\/span><span class=\"fg-image-overlay\"><\/span><\/a><\/figure><div class=\"fg-loader\"><\/div><\/div><div class=\"fg-item fg-type-image fg-idle\"><figure class=\"fg-item-inner\"><a href=\"https:\/\/fotosyviajes.es\/wp-content\/uploads\/2025\/10\/IMG_1191.jpeg\" data-attachment-id=\"1414\" data-type=\"image\" class=\"fg-thumb\"><span class=\"fg-image-wrap\"><img decoding=\"async\" height=\"300\" width=\"169\" class=\"skip-lazy fg-image\" data-src-fg=\"https:\/\/fotosyviajes.es\/wp-content\/uploads\/cache\/2025\/10\/IMG_1191\/1837837165.jpeg\" src=\"data:image\/svg+xml,%3Csvg%20xmlns%3D%22http%3A%2F%2Fwww.w3.org%2F2000%2Fsvg%22%20width%3D%22169%22%20height%3D%22300%22%20viewBox%3D%220%200%20169%20300%22%3E%3C%2Fsvg%3E\" loading=\"eager\"><\/span><span class=\"fg-image-overlay\"><\/span><\/a><\/figure><div class=\"fg-loader\"><\/div><\/div><div class=\"fg-item fg-type-image fg-idle\"><figure class=\"fg-item-inner\"><a href=\"https:\/\/fotosyviajes.es\/wp-content\/uploads\/2025\/10\/IMG_1259.jpeg\" data-attachment-id=\"1415\" data-type=\"image\" class=\"fg-thumb\"><span class=\"fg-image-wrap\"><img decoding=\"async\" height=\"300\" width=\"533\" class=\"skip-lazy fg-image\" data-src-fg=\"https:\/\/fotosyviajes.es\/wp-content\/uploads\/cache\/2025\/10\/IMG_1259\/2136192353.jpeg\" src=\"data:image\/svg+xml,%3Csvg%20xmlns%3D%22http%3A%2F%2Fwww.w3.org%2F2000%2Fsvg%22%20width%3D%22533%22%20height%3D%22300%22%20viewBox%3D%220%200%20533%20300%22%3E%3C%2Fsvg%3E\" loading=\"eager\"><\/span><span class=\"fg-image-overlay\"><\/span><\/a><\/figure><div class=\"fg-loader\"><\/div><\/div><div class=\"fg-item fg-type-image fg-idle\"><figure class=\"fg-item-inner\"><a href=\"https:\/\/fotosyviajes.es\/wp-content\/uploads\/2025\/10\/IMG_1383.jpeg\" data-attachment-id=\"1416\" data-type=\"image\" class=\"fg-thumb\"><span class=\"fg-image-wrap\"><img decoding=\"async\" height=\"300\" width=\"533\" class=\"skip-lazy fg-image\" data-src-fg=\"https:\/\/fotosyviajes.es\/wp-content\/uploads\/cache\/2025\/10\/IMG_1383\/2708382754.jpeg\" src=\"data:image\/svg+xml,%3Csvg%20xmlns%3D%22http%3A%2F%2Fwww.w3.org%2F2000%2Fsvg%22%20width%3D%22533%22%20height%3D%22300%22%20viewBox%3D%220%200%20533%20300%22%3E%3C%2Fsvg%3E\" loading=\"eager\"><\/span><span class=\"fg-image-overlay\"><\/span><\/a><\/figure><div class=\"fg-loader\"><\/div><\/div><div class=\"fg-item fg-type-image fg-idle\"><figure class=\"fg-item-inner\"><a href=\"https:\/\/fotosyviajes.es\/wp-content\/uploads\/2025\/10\/IMG_1232.jpeg\" data-attachment-id=\"1417\" data-type=\"image\" class=\"fg-thumb\"><span class=\"fg-image-wrap\"><img decoding=\"async\" height=\"300\" width=\"169\" class=\"skip-lazy fg-image\" data-src-fg=\"https:\/\/fotosyviajes.es\/wp-content\/uploads\/cache\/2025\/10\/IMG_1232\/2779066061.jpeg\" src=\"data:image\/svg+xml,%3Csvg%20xmlns%3D%22http%3A%2F%2Fwww.w3.org%2F2000%2Fsvg%22%20width%3D%22169%22%20height%3D%22300%22%20viewBox%3D%220%200%20169%20300%22%3E%3C%2Fsvg%3E\" loading=\"eager\"><\/span><span class=\"fg-image-overlay\"><\/span><\/a><\/figure><div class=\"fg-loader\"><\/div><\/div><div class=\"fg-item fg-type-image fg-idle\"><figure class=\"fg-item-inner\"><a href=\"https:\/\/fotosyviajes.es\/wp-content\/uploads\/2025\/10\/IMG_1196.jpeg\" data-attachment-id=\"1418\" data-type=\"image\" class=\"fg-thumb\"><span class=\"fg-image-wrap\"><img decoding=\"async\" height=\"300\" width=\"533\" class=\"skip-lazy fg-image\" data-src-fg=\"https:\/\/fotosyviajes.es\/wp-content\/uploads\/cache\/2025\/10\/IMG_1196\/789872209.jpeg\" src=\"data:image\/svg+xml,%3Csvg%20xmlns%3D%22http%3A%2F%2Fwww.w3.org%2F2000%2Fsvg%22%20width%3D%22533%22%20height%3D%22300%22%20viewBox%3D%220%200%20533%20300%22%3E%3C%2Fsvg%3E\" loading=\"eager\"><\/span><span class=\"fg-image-overlay\"><\/span><\/a><\/figure><div class=\"fg-loader\"><\/div><\/div><div class=\"fg-item fg-type-image fg-idle\"><figure class=\"fg-item-inner\"><a href=\"https:\/\/fotosyviajes.es\/wp-content\/uploads\/2025\/10\/IMG_1331.jpeg\" data-attachment-id=\"1420\" data-type=\"image\" class=\"fg-thumb\"><span class=\"fg-image-wrap\"><img decoding=\"async\" height=\"300\" width=\"169\" class=\"skip-lazy fg-image\" data-src-fg=\"https:\/\/fotosyviajes.es\/wp-content\/uploads\/cache\/2025\/10\/IMG_1331\/564614291.jpeg\" src=\"data:image\/svg+xml,%3Csvg%20xmlns%3D%22http%3A%2F%2Fwww.w3.org%2F2000%2Fsvg%22%20width%3D%22169%22%20height%3D%22300%22%20viewBox%3D%220%200%20169%20300%22%3E%3C%2Fsvg%3E\" loading=\"eager\"><\/span><span class=\"fg-image-overlay\"><\/span><\/a><\/figure><div class=\"fg-loader\"><\/div><\/div><div class=\"fg-item fg-type-image fg-idle\"><figure class=\"fg-item-inner\"><a href=\"https:\/\/fotosyviajes.es\/wp-content\/uploads\/2025\/10\/IMG_1397.jpeg\" data-attachment-id=\"1422\" data-type=\"image\" class=\"fg-thumb\"><span class=\"fg-image-wrap\"><img decoding=\"async\" height=\"300\" width=\"169\" class=\"skip-lazy fg-image\" data-src-fg=\"https:\/\/fotosyviajes.es\/wp-content\/uploads\/cache\/2025\/10\/IMG_1397\/270715110.jpeg\" src=\"data:image\/svg+xml,%3Csvg%20xmlns%3D%22http%3A%2F%2Fwww.w3.org%2F2000%2Fsvg%22%20width%3D%22169%22%20height%3D%22300%22%20viewBox%3D%220%200%20169%20300%22%3E%3C%2Fsvg%3E\" loading=\"eager\"><\/span><span class=\"fg-image-overlay\"><\/span><\/a><\/figure><div class=\"fg-loader\"><\/div><\/div><div class=\"fg-item fg-type-image fg-idle\"><figure class=\"fg-item-inner\"><a href=\"https:\/\/fotosyviajes.es\/wp-content\/uploads\/2025\/10\/IMG_1351.jpeg\" data-attachment-id=\"1423\" data-type=\"image\" class=\"fg-thumb\"><span class=\"fg-image-wrap\"><img decoding=\"async\" height=\"300\" width=\"533\" class=\"skip-lazy fg-image\" data-src-fg=\"https:\/\/fotosyviajes.es\/wp-content\/uploads\/cache\/2025\/10\/IMG_1351\/1406856057.jpeg\" src=\"data:image\/svg+xml,%3Csvg%20xmlns%3D%22http%3A%2F%2Fwww.w3.org%2F2000%2Fsvg%22%20width%3D%22533%22%20height%3D%22300%22%20viewBox%3D%220%200%20533%20300%22%3E%3C%2Fsvg%3E\" loading=\"eager\"><\/span><span class=\"fg-image-overlay\"><\/span><\/a><\/figure><div class=\"fg-loader\"><\/div><\/div><div class=\"fg-item fg-type-image fg-idle\"><figure class=\"fg-item-inner\"><a href=\"https:\/\/fotosyviajes.es\/wp-content\/uploads\/2025\/10\/IMG_1218.jpeg\" data-attachment-id=\"1424\" data-type=\"image\" class=\"fg-thumb\"><span class=\"fg-image-wrap\"><img decoding=\"async\" height=\"300\" width=\"533\" class=\"skip-lazy fg-image\" data-src-fg=\"https:\/\/fotosyviajes.es\/wp-content\/uploads\/cache\/2025\/10\/IMG_1218\/3808757593.jpeg\" src=\"data:image\/svg+xml,%3Csvg%20xmlns%3D%22http%3A%2F%2Fwww.w3.org%2F2000%2Fsvg%22%20width%3D%22533%22%20height%3D%22300%22%20viewBox%3D%220%200%20533%20300%22%3E%3C%2Fsvg%3E\" loading=\"eager\"><\/span><span class=\"fg-image-overlay\"><\/span><\/a><\/figure><div class=\"fg-loader\"><\/div><\/div><div class=\"fg-item fg-type-image fg-idle\"><figure class=\"fg-item-inner\"><a href=\"https:\/\/fotosyviajes.es\/wp-content\/uploads\/2025\/10\/IMG_1262.jpeg\" data-attachment-id=\"1425\" data-type=\"image\" class=\"fg-thumb\"><span class=\"fg-image-wrap\"><img decoding=\"async\" height=\"300\" width=\"533\" class=\"skip-lazy fg-image\" data-src-fg=\"https:\/\/fotosyviajes.es\/wp-content\/uploads\/cache\/2025\/10\/IMG_1262\/3190369317.jpeg\" src=\"data:image\/svg+xml,%3Csvg%20xmlns%3D%22http%3A%2F%2Fwww.w3.org%2F2000%2Fsvg%22%20width%3D%22533%22%20height%3D%22300%22%20viewBox%3D%220%200%20533%20300%22%3E%3C%2Fsvg%3E\" loading=\"eager\"><\/span><span class=\"fg-image-overlay\"><\/span><\/a><\/figure><div class=\"fg-loader\"><\/div><\/div><div class=\"fg-item fg-type-image fg-idle\"><figure class=\"fg-item-inner\"><a href=\"https:\/\/fotosyviajes.es\/wp-content\/uploads\/2025\/10\/IMG_1424.jpeg\" data-attachment-id=\"1413\" data-type=\"image\" class=\"fg-thumb\"><span class=\"fg-image-wrap\"><img decoding=\"async\" height=\"300\" width=\"169\" class=\"skip-lazy fg-image\" data-src-fg=\"https:\/\/fotosyviajes.es\/wp-content\/uploads\/cache\/2025\/10\/IMG_1424\/2058493014.jpeg\" src=\"data:image\/svg+xml,%3Csvg%20xmlns%3D%22http%3A%2F%2Fwww.w3.org%2F2000%2Fsvg%22%20width%3D%22169%22%20height%3D%22300%22%20viewBox%3D%220%200%20169%20300%22%3E%3C%2Fsvg%3E\" loading=\"eager\"><\/span><span class=\"fg-image-overlay\"><\/span><\/a><\/figure><div class=\"fg-loader\"><\/div><\/div><\/div>\n","protected":false},"excerpt":{"rendered":"<p>Salimos con la ilusi\u00f3n cargada en la autocaravana, sin prisas y con el mapa abierto a la improvisaci\u00f3n. El destino: los Arribes del Duero, esa frontera natural entre Espa\u00f1a y Portugal que guarda uno de los paisajes m\u00e1s sorprendentes de la pen\u00ednsula. No sab\u00edamos exactamente qu\u00e9 nos esperaba, pero eso era parte del encanto. Los &hellip; <a href=\"https:\/\/fotosyviajes.es\/index.php\/grandes-rutas\/arribes-del-duero-sur\/\" class=\"more-link\">Seguir leyendo <span class=\"screen-reader-text\">Arribes del Duero &#8211; Sur<\/span> <span class=\"meta-nav\">&rarr;<\/span><\/a><\/p>\n","protected":false},"author":2,"featured_media":1339,"parent":46,"menu_order":0,"comment_status":"closed","ping_status":"closed","template":"","meta":{"footnotes":""},"class_list":["post-1335","page","type-page","status-publish","has-post-thumbnail","hentry"],"_links":{"self":[{"href":"https:\/\/fotosyviajes.es\/index.php\/wp-json\/wp\/v2\/pages\/1335","targetHints":{"allow":["GET"]}}],"collection":[{"href":"https:\/\/fotosyviajes.es\/index.php\/wp-json\/wp\/v2\/pages"}],"about":[{"href":"https:\/\/fotosyviajes.es\/index.php\/wp-json\/wp\/v2\/types\/page"}],"author":[{"embeddable":true,"href":"https:\/\/fotosyviajes.es\/index.php\/wp-json\/wp\/v2\/users\/2"}],"replies":[{"embeddable":true,"href":"https:\/\/fotosyviajes.es\/index.php\/wp-json\/wp\/v2\/comments?post=1335"}],"version-history":[{"count":18,"href":"https:\/\/fotosyviajes.es\/index.php\/wp-json\/wp\/v2\/pages\/1335\/revisions"}],"predecessor-version":[{"id":1430,"href":"https:\/\/fotosyviajes.es\/index.php\/wp-json\/wp\/v2\/pages\/1335\/revisions\/1430"}],"up":[{"embeddable":true,"href":"https:\/\/fotosyviajes.es\/index.php\/wp-json\/wp\/v2\/pages\/46"}],"wp:featuredmedia":[{"embeddable":true,"href":"https:\/\/fotosyviajes.es\/index.php\/wp-json\/wp\/v2\/media\/1339"}],"wp:attachment":[{"href":"https:\/\/fotosyviajes.es\/index.php\/wp-json\/wp\/v2\/media?parent=1335"}],"curies":[{"name":"wp","href":"https:\/\/api.w.org\/{rel}","templated":true}]}}