{"id":1366,"date":"2025-10-25T16:52:18","date_gmt":"2025-10-25T16:52:18","guid":{"rendered":"https:\/\/fotosyviajes.es\/?page_id=1366"},"modified":"2025-10-27T17:35:53","modified_gmt":"2025-10-27T17:35:53","slug":"cadiz-y-malaga-costa","status":"publish","type":"page","link":"https:\/\/fotosyviajes.es\/index.php\/grandes-rutas\/cadiz-y-malaga-costa\/","title":{"rendered":"Cadiz y Malaga costa"},"content":{"rendered":"\n<p>Hay viajes que se planean con mapas, rutas y horarios, y otros que simplemente nacen del deseo de perderse. Esta web pertenece a los segundos. Fue en la autocaravana, con el sonido del mar siempre cerca y el viento del sur como compa\u00f1ero, donde descubrimos que la libertad cabe en cuatro ruedas y una carretera junto al oc\u00e9ano.<\/p>\n\n\n\n<p>Entre los pueblos blancos de C\u00e1diz, las salinas, los atardeceres infinitos y el bullicio alegre de M\u00e1laga, fuimos tejiendo una ruta de sensaciones: el olor a sal, el sabor a pesca\u00edto frito, la luz dorada sobre los acantilados. Cada parada fue una historia, cada fotograf\u00eda una forma de detener el tiempo.<\/p>\n\n\n\n<p>Viajar por la costa andaluza no es solo moverse por un mapa; es dejarse llevar por la cadencia de sus d\u00edas tranquilos, por la hospitalidad de su gente y por la certeza de que la belleza se esconde en los detalles m\u00e1s simples: una conversaci\u00f3n en un chiringuito, un amanecer visto desde el retrovisor, una carretera que no sabes a d\u00f3nde lleva.<\/p>\n\n\n\n<p>Esta web no pretende ser una gu\u00eda, sino una invitaci\u00f3n. Una invitaci\u00f3n a mirar con calma, a vivir sin prisa, y a descubrir que, a veces, el mejor destino es aquel que se encuentra por casualidad.<\/p>\n\n\n\n<p>Bienvenidos a este viaje por la costa de C\u00e1diz y M\u00e1laga, donde cada kil\u00f3metro guarda una historia y cada fotograf\u00eda, una emoci\u00f3n<\/p>\n\n\n\n<figure class=\"wp-block-image size-large\"><img loading=\"lazy\" decoding=\"async\" width=\"1024\" height=\"782\" src=\"https:\/\/fotosyviajes.es\/wp-content\/uploads\/2025\/10\/Ruta-2-1024x782.jpg\" alt=\"\" class=\"wp-image-1367\" srcset=\"https:\/\/fotosyviajes.es\/wp-content\/uploads\/2025\/10\/Ruta-2-1024x782.jpg 1024w, https:\/\/fotosyviajes.es\/wp-content\/uploads\/2025\/10\/Ruta-2-300x229.jpg 300w, https:\/\/fotosyviajes.es\/wp-content\/uploads\/2025\/10\/Ruta-2-768x586.jpg 768w, https:\/\/fotosyviajes.es\/wp-content\/uploads\/2025\/10\/Ruta-2.jpg 1290w\" sizes=\"auto, (max-width: 1024px) 100vw, 1024px\" \/><\/figure>\n\n\n\n<ul class=\"wp-block-list\">\n<li><a href=\"https:\/\/plasenciaturismo.es\/\">Plasencia<\/a> <a href=\"https:\/\/maps.app.goo.gl\/JjgpWatDLQQEwRx2A\"><img loading=\"lazy\" decoding=\"async\" width=\"20\" height=\"23\" class=\"wp-image-293\" style=\"width: 20px;\" src=\"https:\/\/fotosyviajes.es\/wp-content\/uploads\/2020\/04\/maps_p.gif\" alt=\"Maps\"><img loading=\"lazy\" decoding=\"async\" width=\"24\" height=\"24\" class=\"wp-image-757\" style=\"width: 24px;\" src=\"https:\/\/fotosyviajes.es\/wp-content\/uploads\/2020\/12\/Parking.png\" alt=\"\"> <\/a><\/li>\n\n\n\n<li><a href=\"https:\/\/turismomerida.org\/inicio\/\">Merida<\/a> <a href=\"https:\/\/maps.app.goo.gl\/5Bru7JJDUGS54Wis6\"><img loading=\"lazy\" decoding=\"async\" width=\"20\" height=\"23\" class=\"wp-image-293\" style=\"width: 20px;\" src=\"https:\/\/fotosyviajes.es\/wp-content\/uploads\/2020\/04\/maps_p.gif\" alt=\"Maps\"> <img loading=\"lazy\" decoding=\"async\" width=\"24\" height=\"24\" class=\"wp-image-43\" style=\"width: 24px;\" src=\"https:\/\/fotosyviajes.es\/wp-content\/uploads\/2020\/04\/cropped-pngocean.com_.png\" alt=\"\" srcset=\"https:\/\/fotosyviajes.es\/wp-content\/uploads\/2020\/04\/cropped-pngocean.com_.png 512w, https:\/\/fotosyviajes.es\/wp-content\/uploads\/2020\/04\/cropped-pngocean.com_-300x300.png 300w, https:\/\/fotosyviajes.es\/wp-content\/uploads\/2020\/04\/cropped-pngocean.com_-150x150.png 150w, https:\/\/fotosyviajes.es\/wp-content\/uploads\/2020\/04\/cropped-pngocean.com_-270x270.png 270w, https:\/\/fotosyviajes.es\/wp-content\/uploads\/2020\/04\/cropped-pngocean.com_-192x192.png 192w, https:\/\/fotosyviajes.es\/wp-content\/uploads\/2020\/04\/cropped-pngocean.com_-180x180.png 180w, https:\/\/fotosyviajes.es\/wp-content\/uploads\/2020\/04\/cropped-pngocean.com_-32x32.png 32w\" sizes=\"auto, (max-width: 24px) 100vw, 24px\" \/><\/a><\/li>\n\n\n\n<li><a href=\"https:\/\/monesterio.es\/plantilla.php?enlace=municipio_turismo\">Monesterio<\/a><a href=\"https:\/\/maps.app.goo.gl\/5yFwQacEw2EraK4s5\"><img loading=\"lazy\" decoding=\"async\" width=\"20\" height=\"23\" class=\"wp-image-293\" style=\"width: 20px;\" src=\"https:\/\/fotosyviajes.es\/wp-content\/uploads\/2020\/04\/maps_p.gif\" alt=\"Maps\"> <img loading=\"lazy\" decoding=\"async\" width=\"24\" height=\"24\" class=\"wp-image-43\" style=\"width: 24px;\" src=\"https:\/\/fotosyviajes.es\/wp-content\/uploads\/2020\/04\/cropped-pngocean.com_.png\" alt=\"\" srcset=\"https:\/\/fotosyviajes.es\/wp-content\/uploads\/2020\/04\/cropped-pngocean.com_.png 512w, https:\/\/fotosyviajes.es\/wp-content\/uploads\/2020\/04\/cropped-pngocean.com_-300x300.png 300w, https:\/\/fotosyviajes.es\/wp-content\/uploads\/2020\/04\/cropped-pngocean.com_-150x150.png 150w, https:\/\/fotosyviajes.es\/wp-content\/uploads\/2020\/04\/cropped-pngocean.com_-270x270.png 270w, https:\/\/fotosyviajes.es\/wp-content\/uploads\/2020\/04\/cropped-pngocean.com_-192x192.png 192w, https:\/\/fotosyviajes.es\/wp-content\/uploads\/2020\/04\/cropped-pngocean.com_-180x180.png 180w, https:\/\/fotosyviajes.es\/wp-content\/uploads\/2020\/04\/cropped-pngocean.com_-32x32.png 32w\" sizes=\"auto, (max-width: 24px) 100vw, 24px\" \/><\/a><\/li>\n\n\n\n<li><a href=\"https:\/\/www.turismodechipiona.com\/\">Chipiona<\/a> <a href=\"https:\/\/maps.app.goo.gl\/SzbBYC9oCMf4c3FF8\"><img loading=\"lazy\" decoding=\"async\" width=\"20\" height=\"23\" class=\"wp-image-293\" style=\"width: 20px;\" src=\"https:\/\/fotosyviajes.es\/wp-content\/uploads\/2020\/04\/maps_p.gif\" alt=\"Maps\"> <img loading=\"lazy\" decoding=\"async\" width=\"24\" height=\"24\" class=\"wp-image-43\" style=\"width: 24px;\" src=\"https:\/\/fotosyviajes.es\/wp-content\/uploads\/2020\/04\/cropped-pngocean.com_.png\" alt=\"\" srcset=\"https:\/\/fotosyviajes.es\/wp-content\/uploads\/2020\/04\/cropped-pngocean.com_.png 512w, https:\/\/fotosyviajes.es\/wp-content\/uploads\/2020\/04\/cropped-pngocean.com_-300x300.png 300w, https:\/\/fotosyviajes.es\/wp-content\/uploads\/2020\/04\/cropped-pngocean.com_-150x150.png 150w, https:\/\/fotosyviajes.es\/wp-content\/uploads\/2020\/04\/cropped-pngocean.com_-270x270.png 270w, https:\/\/fotosyviajes.es\/wp-content\/uploads\/2020\/04\/cropped-pngocean.com_-192x192.png 192w, https:\/\/fotosyviajes.es\/wp-content\/uploads\/2020\/04\/cropped-pngocean.com_-180x180.png 180w, https:\/\/fotosyviajes.es\/wp-content\/uploads\/2020\/04\/cropped-pngocean.com_-32x32.png 32w\" sizes=\"auto, (max-width: 24px) 100vw, 24px\" \/><\/a><\/li>\n\n\n\n<li><a href=\"https:\/\/www.cadizturismo.com\/empresa\/oficina-municipal-de-turismo-de-rota\">Rota <\/a><\/li>\n\n\n\n<li><a href=\"https:\/\/www.turismoelpuerto.com\/\">El Puerto de Santa Maria<\/a> <a href=\"https:\/\/maps.app.goo.gl\/xSe6R7dNaHMxBf4K6\"><img loading=\"lazy\" decoding=\"async\" width=\"20\" height=\"23\" class=\"wp-image-293\" style=\"width: 20px;\" src=\"https:\/\/fotosyviajes.es\/wp-content\/uploads\/2020\/04\/maps_p.gif\" alt=\"Maps\"><img loading=\"lazy\" decoding=\"async\" width=\"24\" height=\"24\" class=\"wp-image-757\" style=\"width: 24px;\" src=\"https:\/\/fotosyviajes.es\/wp-content\/uploads\/2020\/12\/Parking.png\" alt=\"\"><\/a><\/li>\n\n\n\n<li><a href=\"https:\/\/turismo.cadiz.es\/\">Cadiz<\/a><a href=\"https:\/\/maps.app.goo.gl\/yi8q4QcwmC944hF78\">  <img loading=\"lazy\" decoding=\"async\" width=\"20\" height=\"23\" class=\"wp-image-293\" style=\"width: 20px;\" src=\"https:\/\/fotosyviajes.es\/wp-content\/uploads\/2020\/04\/maps_p.gif\" alt=\"Maps\"><img loading=\"lazy\" decoding=\"async\" width=\"24\" height=\"24\" class=\"wp-image-757\" style=\"width: 24px;\" src=\"https:\/\/fotosyviajes.es\/wp-content\/uploads\/2020\/12\/Parking.png\" alt=\"\"><\/a><\/li>\n\n\n\n<li><a href=\"https:\/\/turismoconil.es\/\">Conil<\/a><\/li>\n\n\n\n<li><a href=\"https:\/\/www.cadizturismo.com\/es\/playas\/los-canos-de-meca\">Los Ca\u00f1os de Meca<\/a><\/li>\n\n\n\n<li><a href=\"https:\/\/www.turismobarbate.es\/\">Barbate<\/a> <a href=\"https:\/\/maps.app.goo.gl\/CRwun2hZQRXKAx276\"> <img loading=\"lazy\" decoding=\"async\" width=\"20\" height=\"23\" class=\"wp-image-293\" style=\"width: 20px;\" src=\"https:\/\/fotosyviajes.es\/wp-content\/uploads\/2020\/04\/maps_p.gif\" alt=\"Maps\"> <img loading=\"lazy\" decoding=\"async\" width=\"24\" height=\"24\" class=\"wp-image-43\" style=\"width: 24px;\" src=\"https:\/\/fotosyviajes.es\/wp-content\/uploads\/2020\/04\/cropped-pngocean.com_.png\" alt=\"\" srcset=\"https:\/\/fotosyviajes.es\/wp-content\/uploads\/2020\/04\/cropped-pngocean.com_.png 512w, https:\/\/fotosyviajes.es\/wp-content\/uploads\/2020\/04\/cropped-pngocean.com_-300x300.png 300w, https:\/\/fotosyviajes.es\/wp-content\/uploads\/2020\/04\/cropped-pngocean.com_-150x150.png 150w, https:\/\/fotosyviajes.es\/wp-content\/uploads\/2020\/04\/cropped-pngocean.com_-270x270.png 270w, https:\/\/fotosyviajes.es\/wp-content\/uploads\/2020\/04\/cropped-pngocean.com_-192x192.png 192w, https:\/\/fotosyviajes.es\/wp-content\/uploads\/2020\/04\/cropped-pngocean.com_-180x180.png 180w, https:\/\/fotosyviajes.es\/wp-content\/uploads\/2020\/04\/cropped-pngocean.com_-32x32.png 32w\" sizes=\"auto, (max-width: 24px) 100vw, 24px\" \/><\/a> <\/li>\n\n\n\n<li><a href=\"https:\/\/www.cadizturismo.com\/playas\/bolonia\">Playa de Bolonia<\/a> <a href=\"https:\/\/maps.app.goo.gl\/BViELsGF9rM5K4hE9\"><img loading=\"lazy\" decoding=\"async\" width=\"20\" height=\"23\" class=\"wp-image-293\" style=\"width: 20px;\" src=\"https:\/\/fotosyviajes.es\/wp-content\/uploads\/2020\/04\/maps_p.gif\" alt=\"Maps\"><img loading=\"lazy\" decoding=\"async\" width=\"24\" height=\"24\" class=\"wp-image-757\" style=\"width: 24px;\" src=\"https:\/\/fotosyviajes.es\/wp-content\/uploads\/2020\/12\/Parking.png\" alt=\"\"><\/a><\/li>\n\n\n\n<li><a href=\"https:\/\/www.andalucia.org\/listing\/caleta-de-v%C3%A9lez\/19957102\/\">Caleta de Velez<\/a> <a href=\"https:\/\/maps.app.goo.gl\/NQo8txPb61zLuyon8\"><img loading=\"lazy\" decoding=\"async\" width=\"20\" height=\"23\" class=\"wp-image-293\" style=\"width: 20px;\" src=\"https:\/\/fotosyviajes.es\/wp-content\/uploads\/2020\/04\/maps_p.gif\" alt=\"Maps\"> <img loading=\"lazy\" decoding=\"async\" width=\"24\" height=\"24\" class=\"wp-image-43\" style=\"width: 24px;\" src=\"https:\/\/fotosyviajes.es\/wp-content\/uploads\/2020\/04\/cropped-pngocean.com_.png\" alt=\"\" srcset=\"https:\/\/fotosyviajes.es\/wp-content\/uploads\/2020\/04\/cropped-pngocean.com_.png 512w, https:\/\/fotosyviajes.es\/wp-content\/uploads\/2020\/04\/cropped-pngocean.com_-300x300.png 300w, https:\/\/fotosyviajes.es\/wp-content\/uploads\/2020\/04\/cropped-pngocean.com_-150x150.png 150w, https:\/\/fotosyviajes.es\/wp-content\/uploads\/2020\/04\/cropped-pngocean.com_-270x270.png 270w, https:\/\/fotosyviajes.es\/wp-content\/uploads\/2020\/04\/cropped-pngocean.com_-192x192.png 192w, https:\/\/fotosyviajes.es\/wp-content\/uploads\/2020\/04\/cropped-pngocean.com_-180x180.png 180w, https:\/\/fotosyviajes.es\/wp-content\/uploads\/2020\/04\/cropped-pngocean.com_-32x32.png 32w\" sizes=\"auto, (max-width: 24px) 100vw, 24px\" \/> <\/a><\/li>\n\n\n\n<li><\/li>\n<\/ul>\n\n\n\n<p><\/p>\n","protected":false},"excerpt":{"rendered":"<p>Hay viajes que se planean con mapas, rutas y horarios, y otros que simplemente nacen del deseo de perderse. Esta web pertenece a los segundos. Fue en la autocaravana, con el sonido del mar siempre cerca y el viento del sur como compa\u00f1ero, donde descubrimos que la libertad cabe en cuatro ruedas y una carretera &hellip; <a href=\"https:\/\/fotosyviajes.es\/index.php\/grandes-rutas\/cadiz-y-malaga-costa\/\" class=\"more-link\">Seguir leyendo <span class=\"screen-reader-text\">Cadiz y Malaga costa<\/span> <span class=\"meta-nav\">&rarr;<\/span><\/a><\/p>\n","protected":false},"author":2,"featured_media":1377,"parent":46,"menu_order":0,"comment_status":"closed","ping_status":"closed","template":"","meta":{"footnotes":""},"class_list":["post-1366","page","type-page","status-publish","has-post-thumbnail","hentry"],"_links":{"self":[{"href":"https:\/\/fotosyviajes.es\/index.php\/wp-json\/wp\/v2\/pages\/1366","targetHints":{"allow":["GET"]}}],"collection":[{"href":"https:\/\/fotosyviajes.es\/index.php\/wp-json\/wp\/v2\/pages"}],"about":[{"href":"https:\/\/fotosyviajes.es\/index.php\/wp-json\/wp\/v2\/types\/page"}],"author":[{"embeddable":true,"href":"https:\/\/fotosyviajes.es\/index.php\/wp-json\/wp\/v2\/users\/2"}],"replies":[{"embeddable":true,"href":"https:\/\/fotosyviajes.es\/index.php\/wp-json\/wp\/v2\/comments?post=1366"}],"version-history":[{"count":12,"href":"https:\/\/fotosyviajes.es\/index.php\/wp-json\/wp\/v2\/pages\/1366\/revisions"}],"predecessor-version":[{"id":1401,"href":"https:\/\/fotosyviajes.es\/index.php\/wp-json\/wp\/v2\/pages\/1366\/revisions\/1401"}],"up":[{"embeddable":true,"href":"https:\/\/fotosyviajes.es\/index.php\/wp-json\/wp\/v2\/pages\/46"}],"wp:featuredmedia":[{"embeddable":true,"href":"https:\/\/fotosyviajes.es\/index.php\/wp-json\/wp\/v2\/media\/1377"}],"wp:attachment":[{"href":"https:\/\/fotosyviajes.es\/index.php\/wp-json\/wp\/v2\/media?parent=1366"}],"curies":[{"name":"wp","href":"https:\/\/api.w.org\/{rel}","templated":true}]}}