{"id":217,"date":"2020-04-24T07:20:14","date_gmt":"2020-04-24T07:20:14","guid":{"rendered":"https:\/\/fotosyviajes.es\/?page_id=217"},"modified":"2025-12-04T16:29:23","modified_gmt":"2025-12-04T16:29:23","slug":"avila-salamanca","status":"publish","type":"page","link":"https:\/\/fotosyviajes.es\/index.php\/acerca-de\/escapadas\/avila-salamanca\/","title":{"rendered":"Avila y Salamanca"},"content":{"rendered":"\n<p>El viaje en autocaravana no es simplemente un desplazamiento de un punto a otro; es, ante todo, una invitaci\u00f3n a la exploraci\u00f3n y al descubrimiento. A medida que nos despojamos de la rutina diaria y nos adentramos en las carreteras serpenteantes de Salamanca y C\u00e1ceres, nos encontramos inmersos en un vasto paisaje de historia, cultura y naturaleza que espera ser revelado ante nuestros ojos.<\/p>\n\n\n\n<p>Esta web de fotos es un testimonio visual de esa traves\u00eda, un compendio de momentos congelados en el tiempo que capturan la esencia de dos provincias que, aunque distintas en su singularidad, comparten un hilo com\u00fan: la riqueza de su patrimonio y la calidez de sus gentes. Desde las majestuosas piedras de la Universidad de Salamanca hasta la impresionante arquitectura medieval de C\u00e1ceres, cada imagen cuenta una historia, teje recuerdos y evoca sensaciones que trascienden lo meramente f\u00edsico.<\/p>\n\n\n\n<p>A trav\u00e9s de esta web, invitamos al navegante a acompa\u00f1arnos en un recorrido que va m\u00e1s all\u00e1 de lo tur\u00edstico; es un viaje del alma. Las fotograf\u00edas aqu\u00ed reunidas son el reflejo de encuentros con la gastronom\u00eda local, el arte en las calles y el entorno natural que invita a la reflexi\u00f3n. Este libro es tambi\u00e9n un homenaje a la libertad que brinda el viajar, al poder de la conexi\u00f3n con el entorno y a la capacidad de asombro que reside en cada uno de nosotros.<\/p>\n\n\n\n<p>Con cada imagen, esperemos que el lector sienta la misma fascinaci\u00f3n que nosotros experimentamos al capturar estos instantes. Que se sumerja en los matices de los atardeceres sobre la Sierra de Francia, el esplendor de la Plaza Mayor de Salamanca y la serenidad que envuelve a cada rinc\u00f3n de C\u00e1ceres.<\/p>\n\n\n\n<p>As\u00ed, les damos la bienvenida a este viaje visual por tierras de historia y belleza, donde cada fotograf\u00eda es una ventana a las emociones y recuerdos vividos, y donde la autocaravana se convierte en nuestro hogar temporal, un refugio en el camino hacia los paisajes que nos inspiran. Que disfruten de esta traves\u00eda tanto como nosotros disfrutamos de vivirla.<\/p>\n\n\n\n<ul class=\"wp-block-list\">\n<li><a href=\"https:\/\/www.avilaturismo.com\/\">Avila<\/a> <a href=\"https:\/\/goo.gl\/maps\/5T3EtLVn6sej4s3u7\" data-type=\"URL\" data-id=\"https:\/\/goo.gl\/maps\/5T3EtLVn6sej4s3u7\" target=\"_blank\" rel=\"noreferrer noopener\"><img decoding=\"async\" style=\"width: 20px;\" src=\"https:\/\/fotosyviajes.es\/wp-content\/uploads\/2020\/04\/maps_p.gif\" alt=\"\"><\/a><a href=\"https:\/\/goo.gl\/maps\/i1jUnmMJxyj4cGpn8\" data-type=\"URL\" data-id=\"https:\/\/goo.gl\/maps\/i1jUnmMJxyj4cGpn8\"><img decoding=\"async\" style=\"width: 24px;\" src=\"https:\/\/fotosyviajes.es\/wp-content\/uploads\/2020\/04\/pngocean.com_.png\" alt=\"\"><\/a><\/li>\n\n\n\n<li><a href=\"https:\/\/albadetormes.com\/areas-municipales\/culturayturismo\/alba-informacion-turistica\/\">Alba de Tormes<\/a> <a href=\"https:\/\/goo.gl\/maps\/VQGrjrNo3Xbkje5v8\" target=\"_blank\" rel=\"noreferrer noopener\"><img decoding=\"async\" style=\"width: 20px;\" src=\"https:\/\/fotosyviajes.es\/wp-content\/uploads\/2020\/04\/maps_p.gif\" alt=\"\"><\/a><\/li>\n\n\n\n<li><a href=\"https:\/\/www.turismocastillayleon.com\/es\/patrimonio-cultura\/penaranda-bracamonte\">Pe\u00f1aranda de Bracamonte<\/a> <a href=\"https:\/\/goo.gl\/maps\/wGkAqhd8Egj8uzzDA\" target=\"_blank\" rel=\"noreferrer noopener\"><img decoding=\"async\" style=\"width: 20px;\" src=\"https:\/\/fotosyviajes.es\/wp-content\/uploads\/2020\/04\/maps_p.gif\" alt=\"\"><\/a><\/li>\n\n\n\n<li><a href=\"https:\/\/www.madrigaldelasaltastorres.es\/turismo\/que-ver-en-madrigal\/planificamos-tu-visita\/\">Madrigal de las Altas Torres<\/a> <a href=\"https:\/\/goo.gl\/maps\/qQwWvDr5Xf8iVsgz9\" target=\"_blank\" rel=\"noreferrer noopener\"><img decoding=\"async\" style=\"width: 20px;\" src=\"https:\/\/fotosyviajes.es\/wp-content\/uploads\/2020\/04\/maps_p.gif\" alt=\"\"><\/a><\/li>\n\n\n\n<li><a href=\"https:\/\/www.provinciadevalladolid.com\/-\/oficina-de-turismo-de-olmedo\">Olmedo<\/a><a href=\"https:\/\/goo.gl\/maps\/TYLCVEtZ5VZkZAE1A\"><img decoding=\"async\" style=\"width: 20px;\" src=\"https:\/\/fotosyviajes.es\/wp-content\/uploads\/2020\/04\/maps_p.gif\" alt=\"\"><\/a> <a href=\"https:\/\/goo.gl\/maps\/PXevVTfXjenufcCc9\"><img loading=\"lazy\" decoding=\"async\" width=\"24\" height=\"24\" class=\"wp-image-42\" style=\"width: 24px;\" src=\"https:\/\/fotosyviajes.es\/wp-content\/uploads\/2020\/04\/pngocean.com_.png\" alt=\"\" srcset=\"https:\/\/fotosyviajes.es\/wp-content\/uploads\/2020\/04\/pngocean.com_.png 540w, https:\/\/fotosyviajes.es\/wp-content\/uploads\/2020\/04\/pngocean.com_-300x300.png 300w, https:\/\/fotosyviajes.es\/wp-content\/uploads\/2020\/04\/pngocean.com_-150x150.png 150w\" sizes=\"auto, (max-width: 24px) 100vw, 24px\" \/><\/a><\/li>\n\n\n\n<li><a href=\"https:\/\/www.ayuntamientodecoca.com\/p\/el-turismo-en-coca.html\">Coca<\/a> <a href=\"https:\/\/goo.gl\/maps\/mCoD3qo44tUmscQ57\" data-type=\"URL\" data-id=\"https:\/\/goo.gl\/maps\/mCoD3qo44tUmscQ57\" target=\"_blank\" rel=\"noreferrer noopener\"><img decoding=\"async\" style=\"width: 20px;\" src=\"https:\/\/fotosyviajes.es\/wp-content\/uploads\/2020\/04\/maps_p.gif\" alt=\"\"><\/a><\/li>\n<\/ul>\n\n\n\n<hr class=\"wp-block-separator has-css-opacity\"\/>\n\n\n<style type=\"text\/css\">\n#foogallery-gallery-470 .fg-image { width: 300px; }\n#foogallery-gallery-470 { --fg-gutter: 10px; }<\/style>\n\t\t\t<div class=\"foogallery foogallery-container foogallery-default foogallery-lightbox-foobox fg-center fg-default fg-ready fg-light fg-border-thin fg-shadow-outline fg-loading-default fg-loaded-fade-in fg-caption-hover fg-hover-fade fg-hover-zoom\" id=\"foogallery-gallery-470\" data-foogallery=\"{&quot;item&quot;:{&quot;showCaptionTitle&quot;:true,&quot;showCaptionDescription&quot;:true},&quot;lazy&quot;:true}\" style=\"--fg-title-line-clamp: 0; --fg-description-line-clamp: 0;\" >\n\t<div class=\"fg-item fg-type-image fg-idle\"><figure class=\"fg-item-inner\"><a href=\"https:\/\/fotosyviajes.es\/wp-content\/uploads\/2020\/04\/Recorrido-Avila-Salamanca-1.jpg\" data-attachment-id=\"214\" data-type=\"image\" class=\"fg-thumb\"><span class=\"fg-image-wrap\"><img fetchpriority=\"high\" decoding=\"async\" width=\"300\" height=\"200\" class=\"skip-lazy fg-image\" data-src-fg=\"https:\/\/fotosyviajes.es\/wp-content\/uploads\/cache\/2020\/04\/Recorrido-Avila-Salamanca-1\/906594098.jpg\" src=\"data:image\/svg+xml,%3Csvg%20xmlns%3D%22http%3A%2F%2Fwww.w3.org%2F2000%2Fsvg%22%20width%3D%22300%22%20height%3D%22200%22%20viewBox%3D%220%200%20300%20200%22%3E%3C%2Fsvg%3E\" loading=\"eager\"><\/span><span class=\"fg-image-overlay\"><\/span><\/a><\/figure><div class=\"fg-loader\"><\/div><\/div><div class=\"fg-item fg-type-image fg-idle\"><figure class=\"fg-item-inner\"><a href=\"https:\/\/fotosyviajes.es\/wp-content\/uploads\/2020\/04\/017-Avila-Salamanca.jpg\" data-attachment-id=\"202\" data-type=\"image\" class=\"fg-thumb\"><span class=\"fg-image-wrap\"><img decoding=\"async\" width=\"300\" height=\"200\" class=\"skip-lazy fg-image\" data-src-fg=\"https:\/\/fotosyviajes.es\/wp-content\/uploads\/cache\/2020\/04\/017-Avila-Salamanca\/278962630.jpg\" src=\"data:image\/svg+xml,%3Csvg%20xmlns%3D%22http%3A%2F%2Fwww.w3.org%2F2000%2Fsvg%22%20width%3D%22300%22%20height%3D%22200%22%20viewBox%3D%220%200%20300%20200%22%3E%3C%2Fsvg%3E\" loading=\"eager\"><\/span><span class=\"fg-image-overlay\"><\/span><\/a><\/figure><div class=\"fg-loader\"><\/div><\/div><div class=\"fg-item fg-type-image fg-idle\"><figure class=\"fg-item-inner\"><a href=\"https:\/\/fotosyviajes.es\/wp-content\/uploads\/2020\/04\/015-Avila-Salamanca.jpg\" data-attachment-id=\"201\" data-type=\"image\" class=\"fg-thumb\"><span class=\"fg-image-wrap\"><img decoding=\"async\" width=\"300\" height=\"200\" class=\"skip-lazy fg-image\" data-src-fg=\"https:\/\/fotosyviajes.es\/wp-content\/uploads\/cache\/2020\/04\/015-Avila-Salamanca\/3053922219.jpg\" src=\"data:image\/svg+xml,%3Csvg%20xmlns%3D%22http%3A%2F%2Fwww.w3.org%2F2000%2Fsvg%22%20width%3D%22300%22%20height%3D%22200%22%20viewBox%3D%220%200%20300%20200%22%3E%3C%2Fsvg%3E\" loading=\"eager\"><\/span><span class=\"fg-image-overlay\"><\/span><\/a><\/figure><div class=\"fg-loader\"><\/div><\/div><div class=\"fg-item fg-type-image fg-idle\"><figure class=\"fg-item-inner\"><a href=\"https:\/\/fotosyviajes.es\/wp-content\/uploads\/2020\/04\/018-Avila-Salamanca.jpg\" data-attachment-id=\"203\" data-type=\"image\" class=\"fg-thumb\"><span class=\"fg-image-wrap\"><img decoding=\"async\" width=\"300\" height=\"200\" class=\"skip-lazy fg-image\" data-src-fg=\"https:\/\/fotosyviajes.es\/wp-content\/uploads\/cache\/2020\/04\/018-Avila-Salamanca\/1877905902.jpg\" src=\"data:image\/svg+xml,%3Csvg%20xmlns%3D%22http%3A%2F%2Fwww.w3.org%2F2000%2Fsvg%22%20width%3D%22300%22%20height%3D%22200%22%20viewBox%3D%220%200%20300%20200%22%3E%3C%2Fsvg%3E\" loading=\"eager\"><\/span><span class=\"fg-image-overlay\"><\/span><\/a><\/figure><div class=\"fg-loader\"><\/div><\/div><div class=\"fg-item fg-type-image fg-idle\"><figure class=\"fg-item-inner\"><a href=\"https:\/\/fotosyviajes.es\/wp-content\/uploads\/2020\/04\/033-Avila-Salamanca.jpg\" data-attachment-id=\"204\" data-type=\"image\" class=\"fg-thumb\"><span class=\"fg-image-wrap\"><img decoding=\"async\" width=\"300\" height=\"200\" class=\"skip-lazy fg-image\" data-src-fg=\"https:\/\/fotosyviajes.es\/wp-content\/uploads\/cache\/2020\/04\/033-Avila-Salamanca\/385387776.jpg\" src=\"data:image\/svg+xml,%3Csvg%20xmlns%3D%22http%3A%2F%2Fwww.w3.org%2F2000%2Fsvg%22%20width%3D%22300%22%20height%3D%22200%22%20viewBox%3D%220%200%20300%20200%22%3E%3C%2Fsvg%3E\" loading=\"eager\"><\/span><span class=\"fg-image-overlay\"><\/span><\/a><\/figure><div class=\"fg-loader\"><\/div><\/div><div class=\"fg-item fg-type-image fg-idle\"><figure class=\"fg-item-inner\"><a href=\"https:\/\/fotosyviajes.es\/wp-content\/uploads\/2020\/04\/041-Avila-Salamanca.jpg\" data-attachment-id=\"205\" data-type=\"image\" class=\"fg-thumb\"><span class=\"fg-image-wrap\"><img decoding=\"async\" width=\"300\" height=\"200\" class=\"skip-lazy fg-image\" data-src-fg=\"https:\/\/fotosyviajes.es\/wp-content\/uploads\/cache\/2020\/04\/041-Avila-Salamanca\/2647164486.jpg\" src=\"data:image\/svg+xml,%3Csvg%20xmlns%3D%22http%3A%2F%2Fwww.w3.org%2F2000%2Fsvg%22%20width%3D%22300%22%20height%3D%22200%22%20viewBox%3D%220%200%20300%20200%22%3E%3C%2Fsvg%3E\" loading=\"eager\"><\/span><span class=\"fg-image-overlay\"><\/span><\/a><\/figure><div class=\"fg-loader\"><\/div><\/div><div class=\"fg-item fg-type-image fg-idle\"><figure class=\"fg-item-inner\"><a href=\"https:\/\/fotosyviajes.es\/wp-content\/uploads\/2020\/04\/050-Avila-Salamanca.jpg\" data-attachment-id=\"207\" data-type=\"image\" class=\"fg-thumb\"><span class=\"fg-image-wrap\"><img decoding=\"async\" width=\"300\" height=\"200\" class=\"skip-lazy fg-image\" data-src-fg=\"https:\/\/fotosyviajes.es\/wp-content\/uploads\/cache\/2020\/04\/050-Avila-Salamanca\/1520501484.jpg\" src=\"data:image\/svg+xml,%3Csvg%20xmlns%3D%22http%3A%2F%2Fwww.w3.org%2F2000%2Fsvg%22%20width%3D%22300%22%20height%3D%22200%22%20viewBox%3D%220%200%20300%20200%22%3E%3C%2Fsvg%3E\" loading=\"eager\"><\/span><span class=\"fg-image-overlay\"><\/span><\/a><\/figure><div class=\"fg-loader\"><\/div><\/div><div class=\"fg-item fg-type-image fg-idle\"><figure class=\"fg-item-inner\"><a href=\"https:\/\/fotosyviajes.es\/wp-content\/uploads\/2020\/04\/045-Avila-Salamanca.jpg\" data-attachment-id=\"206\" data-type=\"image\" class=\"fg-thumb\"><span class=\"fg-image-wrap\"><img decoding=\"async\" width=\"300\" height=\"200\" class=\"skip-lazy fg-image\" data-src-fg=\"https:\/\/fotosyviajes.es\/wp-content\/uploads\/cache\/2020\/04\/045-Avila-Salamanca\/2337428091.jpg\" src=\"data:image\/svg+xml,%3Csvg%20xmlns%3D%22http%3A%2F%2Fwww.w3.org%2F2000%2Fsvg%22%20width%3D%22300%22%20height%3D%22200%22%20viewBox%3D%220%200%20300%20200%22%3E%3C%2Fsvg%3E\" loading=\"eager\"><\/span><span class=\"fg-image-overlay\"><\/span><\/a><\/figure><div class=\"fg-loader\"><\/div><\/div><div class=\"fg-item fg-type-image fg-idle\"><figure class=\"fg-item-inner\"><a href=\"https:\/\/fotosyviajes.es\/wp-content\/uploads\/2020\/04\/078-Avila-Salamanca.jpg\" data-attachment-id=\"209\" data-type=\"image\" class=\"fg-thumb\"><span class=\"fg-image-wrap\"><img decoding=\"async\" width=\"300\" height=\"200\" class=\"skip-lazy fg-image\" data-src-fg=\"https:\/\/fotosyviajes.es\/wp-content\/uploads\/cache\/2020\/04\/078-Avila-Salamanca\/3725411909.jpg\" src=\"data:image\/svg+xml,%3Csvg%20xmlns%3D%22http%3A%2F%2Fwww.w3.org%2F2000%2Fsvg%22%20width%3D%22300%22%20height%3D%22200%22%20viewBox%3D%220%200%20300%20200%22%3E%3C%2Fsvg%3E\" loading=\"eager\"><\/span><span class=\"fg-image-overlay\"><\/span><\/a><\/figure><div class=\"fg-loader\"><\/div><\/div><div class=\"fg-item fg-type-image fg-idle\"><figure class=\"fg-item-inner\"><a href=\"https:\/\/fotosyviajes.es\/wp-content\/uploads\/2020\/04\/077-Avila-Salamanca.jpg\" data-attachment-id=\"208\" data-type=\"image\" class=\"fg-thumb\"><span class=\"fg-image-wrap\"><img decoding=\"async\" width=\"300\" height=\"200\" class=\"skip-lazy fg-image\" data-src-fg=\"https:\/\/fotosyviajes.es\/wp-content\/uploads\/cache\/2020\/04\/077-Avila-Salamanca\/2705553005.jpg\" src=\"data:image\/svg+xml,%3Csvg%20xmlns%3D%22http%3A%2F%2Fwww.w3.org%2F2000%2Fsvg%22%20width%3D%22300%22%20height%3D%22200%22%20viewBox%3D%220%200%20300%20200%22%3E%3C%2Fsvg%3E\" loading=\"eager\"><\/span><span class=\"fg-image-overlay\"><\/span><\/a><\/figure><div class=\"fg-loader\"><\/div><\/div><div class=\"fg-item fg-type-image fg-idle\"><figure class=\"fg-item-inner\"><a href=\"https:\/\/fotosyviajes.es\/wp-content\/uploads\/2020\/04\/090-Avila-Salamanca.jpg\" data-attachment-id=\"210\" data-type=\"image\" class=\"fg-thumb\"><span class=\"fg-image-wrap\"><img decoding=\"async\" width=\"300\" height=\"200\" class=\"skip-lazy fg-image\" data-src-fg=\"https:\/\/fotosyviajes.es\/wp-content\/uploads\/cache\/2020\/04\/090-Avila-Salamanca\/971373904.jpg\" src=\"data:image\/svg+xml,%3Csvg%20xmlns%3D%22http%3A%2F%2Fwww.w3.org%2F2000%2Fsvg%22%20width%3D%22300%22%20height%3D%22200%22%20viewBox%3D%220%200%20300%20200%22%3E%3C%2Fsvg%3E\" loading=\"eager\"><\/span><span class=\"fg-image-overlay\"><\/span><\/a><\/figure><div class=\"fg-loader\"><\/div><\/div><div class=\"fg-item fg-type-image fg-idle\"><figure class=\"fg-item-inner\"><a href=\"https:\/\/fotosyviajes.es\/wp-content\/uploads\/2020\/04\/095-Avila-Salamanca.jpg\" data-attachment-id=\"211\" data-type=\"image\" class=\"fg-thumb\"><span class=\"fg-image-wrap\"><img decoding=\"async\" width=\"300\" height=\"200\" class=\"skip-lazy fg-image\" data-src-fg=\"https:\/\/fotosyviajes.es\/wp-content\/uploads\/cache\/2020\/04\/095-Avila-Salamanca\/1302150601.jpg\" src=\"data:image\/svg+xml,%3Csvg%20xmlns%3D%22http%3A%2F%2Fwww.w3.org%2F2000%2Fsvg%22%20width%3D%22300%22%20height%3D%22200%22%20viewBox%3D%220%200%20300%20200%22%3E%3C%2Fsvg%3E\" loading=\"eager\"><\/span><span class=\"fg-image-overlay\"><\/span><\/a><\/figure><div class=\"fg-loader\"><\/div><\/div><div class=\"fg-item fg-type-image fg-idle\"><figure class=\"fg-item-inner\"><a href=\"https:\/\/fotosyviajes.es\/wp-content\/uploads\/2020\/04\/098-Avila-Salamanca.jpg\" data-attachment-id=\"212\" data-type=\"image\" class=\"fg-thumb\"><span class=\"fg-image-wrap\"><img decoding=\"async\" width=\"300\" height=\"200\" class=\"skip-lazy fg-image\" data-src-fg=\"https:\/\/fotosyviajes.es\/wp-content\/uploads\/cache\/2020\/04\/098-Avila-Salamanca\/137343085.jpg\" src=\"data:image\/svg+xml,%3Csvg%20xmlns%3D%22http%3A%2F%2Fwww.w3.org%2F2000%2Fsvg%22%20width%3D%22300%22%20height%3D%22200%22%20viewBox%3D%220%200%20300%20200%22%3E%3C%2Fsvg%3E\" loading=\"eager\"><\/span><span class=\"fg-image-overlay\"><\/span><\/a><\/figure><div class=\"fg-loader\"><\/div><\/div><div class=\"fg-item fg-type-image fg-idle\"><figure class=\"fg-item-inner\"><a href=\"https:\/\/fotosyviajes.es\/wp-content\/uploads\/2020\/04\/110-Avila-Salamanca.jpg\" data-attachment-id=\"213\" data-type=\"image\" class=\"fg-thumb\"><span class=\"fg-image-wrap\"><img decoding=\"async\" width=\"300\" height=\"200\" class=\"skip-lazy fg-image\" data-src-fg=\"https:\/\/fotosyviajes.es\/wp-content\/uploads\/cache\/2020\/04\/110-Avila-Salamanca\/2372895250.jpg\" src=\"data:image\/svg+xml,%3Csvg%20xmlns%3D%22http%3A%2F%2Fwww.w3.org%2F2000%2Fsvg%22%20width%3D%22300%22%20height%3D%22200%22%20viewBox%3D%220%200%20300%20200%22%3E%3C%2Fsvg%3E\" loading=\"eager\"><\/span><span class=\"fg-image-overlay\"><\/span><\/a><\/figure><div class=\"fg-loader\"><\/div><\/div><\/div>\n","protected":false},"excerpt":{"rendered":"<p>El viaje en autocaravana no es simplemente un desplazamiento de un punto a otro; es, ante todo, una invitaci\u00f3n a la exploraci\u00f3n y al descubrimiento. A medida que nos despojamos de la rutina diaria y nos adentramos en las carreteras serpenteantes de Salamanca y C\u00e1ceres, nos encontramos inmersos en un vasto paisaje de historia, cultura &hellip; <a href=\"https:\/\/fotosyviajes.es\/index.php\/acerca-de\/escapadas\/avila-salamanca\/\" class=\"more-link\">Seguir leyendo <span class=\"screen-reader-text\">Avila y Salamanca<\/span> <span class=\"meta-nav\">&rarr;<\/span><\/a><\/p>\n","protected":false},"author":1,"featured_media":355,"parent":45,"menu_order":0,"comment_status":"closed","ping_status":"closed","template":"","meta":{"footnotes":""},"class_list":["post-217","page","type-page","status-publish","has-post-thumbnail","hentry"],"_links":{"self":[{"href":"https:\/\/fotosyviajes.es\/index.php\/wp-json\/wp\/v2\/pages\/217","targetHints":{"allow":["GET"]}}],"collection":[{"href":"https:\/\/fotosyviajes.es\/index.php\/wp-json\/wp\/v2\/pages"}],"about":[{"href":"https:\/\/fotosyviajes.es\/index.php\/wp-json\/wp\/v2\/types\/page"}],"author":[{"embeddable":true,"href":"https:\/\/fotosyviajes.es\/index.php\/wp-json\/wp\/v2\/users\/1"}],"replies":[{"embeddable":true,"href":"https:\/\/fotosyviajes.es\/index.php\/wp-json\/wp\/v2\/comments?post=217"}],"version-history":[{"count":25,"href":"https:\/\/fotosyviajes.es\/index.php\/wp-json\/wp\/v2\/pages\/217\/revisions"}],"predecessor-version":[{"id":1804,"href":"https:\/\/fotosyviajes.es\/index.php\/wp-json\/wp\/v2\/pages\/217\/revisions\/1804"}],"up":[{"embeddable":true,"href":"https:\/\/fotosyviajes.es\/index.php\/wp-json\/wp\/v2\/pages\/45"}],"wp:featuredmedia":[{"embeddable":true,"href":"https:\/\/fotosyviajes.es\/index.php\/wp-json\/wp\/v2\/media\/355"}],"wp:attachment":[{"href":"https:\/\/fotosyviajes.es\/index.php\/wp-json\/wp\/v2\/media?parent=217"}],"curies":[{"name":"wp","href":"https:\/\/api.w.org\/{rel}","templated":true}]}}