{"id":231,"date":"2020-04-24T08:15:53","date_gmt":"2020-04-24T08:15:53","guid":{"rendered":"https:\/\/fotosyviajes.es\/?page_id=231"},"modified":"2025-11-05T17:28:28","modified_gmt":"2025-11-05T17:28:28","slug":"monsalud-brihuega","status":"publish","type":"page","link":"https:\/\/fotosyviajes.es\/index.php\/acerca-de\/escapadas\/monsalud-brihuega\/","title":{"rendered":"Monsalud Brihuega"},"content":{"rendered":"\n<p>El viaje comenz\u00f3 con una promesa: la de dejarse llevar por el camino, sin prisas, sin destino exacto, solo con la certeza de que cada kil\u00f3metro traer\u00eda consigo una nueva mirada. La autocaravana se convirti\u00f3 en refugio y en br\u00fajula, en un hogar rodante que avanzaba al comp\u00e1s del paisaje.<\/p>\n\n\n\n<p>Entre colinas doradas y horizontes de silencio apareci\u00f3 el Monasterio de Monsalud. Sus piedras, gastadas por siglos de viento y plegaria, guardaban la respiraci\u00f3n del tiempo. All\u00ed, el eco de los pasos resonaba como un di\u00e1logo con la historia. La luz se filtraba entre los arcos y los muros, revelando la huella invisible de lo sagrado, lo humano y lo eterno.<\/p>\n\n\n\n<p>M\u00e1s adelante, Brihuega despleg\u00f3 su belleza como un sue\u00f1o en tonos lilas. El aire se volvi\u00f3 perfume, los campos se cubrieron de lavanda, y el cielo, inmenso, parec\u00eda celebrar la plenitud del verano. En sus calles, el rumor de las fuentes y el brillo de las piedras contaban otra historia: la de la vida que sigue latiendo entre muros antiguos.<\/p>\n\n\n\n<p>Esta web es una colecci\u00f3n de instantes suspendidos, de silencios que hablan y luces que respiran. No pretende narrar un itinerario, sino evocar una sensaci\u00f3n: la del viaje como forma de contemplaci\u00f3n, como di\u00e1logo entre el alma y el paisaje.<\/p>\n\n\n\n<p>Porque viajar \u2014a veces\u2014 no es moverse, sino detenerse. Y mirar.<\/p>\n\n\n\n<ul class=\"wp-block-list\">\n<li><a href=\"https:\/\/www.turismocastillayleon.com\/es\/servicios\/comer\/restaurantes\/corcoles\">Corcoles<\/a>  <a href=\"https:\/\/goo.gl\/maps\/hKqaMR5pqAz1Mobr7\" target=\"_blank\" rel=\"noreferrer noopener\"><img loading=\"lazy\" decoding=\"async\" width=\"20\" height=\"23\" class=\"wp-image-293\" style=\"width: 20px;\" src=\"https:\/\/fotosyviajes.es\/wp-content\/uploads\/2020\/04\/maps_p.gif\" alt=\"Maps\"><\/a><\/li>\n\n\n\n<li><a href=\"https:\/\/cultura.castillalamancha.es\/patrimonio\/yacimientos-visitables\/monasterio-de-monsalud\">Monasterio de Monsalud<\/a>  <a href=\"https:\/\/goo.gl\/maps\/2KfwnE19QYwsAZnk8\" target=\"_blank\" rel=\"noreferrer noopener\"><img loading=\"lazy\" decoding=\"async\" width=\"20\" height=\"23\" class=\"wp-image-293\" style=\"width: 20px;\" src=\"https:\/\/fotosyviajes.es\/wp-content\/uploads\/2020\/04\/maps_p.gif\" alt=\"Maps\"><\/a><\/li>\n\n\n\n<li><a href=\"https:\/\/turismoenguadalajara.es\/localidades\/pareja\">Pareja<\/a> <a href=\"https:\/\/goo.gl\/maps\/2KfwnE19QYwsAZnk8\" target=\"_blank\" rel=\"noreferrer noopener\"><img loading=\"lazy\" decoding=\"async\" width=\"20\" height=\"23\" class=\"wp-image-293\" style=\"width: 20px;\" src=\"https:\/\/fotosyviajes.es\/wp-content\/uploads\/2020\/04\/maps_p.gif\" alt=\"Maps\"><\/a> <a href=\"https:\/\/maps.app.goo.gl\/KoMPuWsArHMJyUERA\"><img loading=\"lazy\" decoding=\"async\" width=\"22\" height=\"22\" class=\"wp-image-757\" style=\"width: 22px;\" src=\"https:\/\/fotosyviajes.es\/wp-content\/uploads\/2020\/12\/Parking.png\" alt=\"\"><\/a><\/li>\n\n\n\n<li><a href=\"https:\/\/turismobrihuega.com\/\">Brihuega<\/a> <a href=\"https:\/\/goo.gl\/maps\/DTTZQ8UZcDs7k2YX7\" target=\"_blank\" rel=\"noreferrer noopener\"><img loading=\"lazy\" decoding=\"async\" width=\"20\" height=\"23\" class=\"wp-image-293\" style=\"width: 20px;\" src=\"https:\/\/fotosyviajes.es\/wp-content\/uploads\/2020\/04\/maps_p.gif\" alt=\"Maps\"><\/a><\/li>\n\n\n\n<li><a href=\"https:\/\/turismobrihuega.com\/wp-content\/uploads\/2024\/06\/FOLLETO-ACCESO-CAMPOS-DE-LAVANDA.pdf\">Campos de Lavanda<\/a>  <a href=\"https:\/\/maps.app.goo.gl\/CHevcmrxwBoDKaUUA\"><img loading=\"lazy\" decoding=\"async\" width=\"20\" height=\"23\" class=\"wp-image-293\" style=\"width: 20px;\" src=\"https:\/\/fotosyviajes.es\/wp-content\/uploads\/2020\/04\/maps_p.gif\" alt=\"Maps\"><\/a> <a href=\"https:\/\/maps.app.goo.gl\/8ufgscH194Awzw4AA\"><img loading=\"lazy\" decoding=\"async\" width=\"22\" height=\"22\" class=\"wp-image-757\" style=\"width: 22px;\" src=\"https:\/\/fotosyviajes.es\/wp-content\/uploads\/2020\/12\/Parking.png\" alt=\"\"><\/a><\/li>\n<\/ul>\n\n\n<style type=\"text\/css\">\n#foogallery-gallery-485 .fg-image { width: 125px; }\n#foogallery-gallery-485 { --fg-gutter: 10px; }<\/style>\n\t\t\t<div class=\"foogallery foogallery-container foogallery-default foogallery-lightbox-foobox fg-center fg-default fg-ready fg-light fg-border-thin fg-shadow-outline fg-loading-default fg-loaded-fade-in fg-caption-hover fg-hover-fade fg-hover-zoom\" id=\"foogallery-gallery-485\" data-foogallery=\"{&quot;item&quot;:{&quot;showCaptionTitle&quot;:true,&quot;showCaptionDescription&quot;:true},&quot;lazy&quot;:true}\" style=\"--fg-title-line-clamp: 0; --fg-description-line-clamp: 0;\" >\n\t<div class=\"fg-item fg-type-image fg-idle\"><figure class=\"fg-item-inner\"><a href=\"https:\/\/fotosyviajes.es\/wp-content\/uploads\/2020\/04\/Ruta-Monsalud-Brihuega.jpg\" data-attachment-id=\"229\" data-type=\"image\" class=\"fg-thumb\"><span class=\"fg-image-wrap\"><img decoding=\"async\" width=\"125\" height=\"125\" class=\"skip-lazy fg-image\" data-src-fg=\"https:\/\/fotosyviajes.es\/wp-content\/uploads\/cache\/2020\/04\/Ruta-Monsalud-Brihuega\/2246450035.jpg\" src=\"data:image\/svg+xml,%3Csvg%20xmlns%3D%22http%3A%2F%2Fwww.w3.org%2F2000%2Fsvg%22%20width%3D%22125%22%20height%3D%22125%22%20viewBox%3D%220%200%20125%20125%22%3E%3C%2Fsvg%3E\" loading=\"eager\"><\/span><span class=\"fg-image-overlay\"><\/span><\/a><\/figure><div class=\"fg-loader\"><\/div><\/div><div class=\"fg-item fg-type-image fg-idle\"><figure class=\"fg-item-inner\"><a href=\"https:\/\/fotosyviajes.es\/wp-content\/uploads\/2020\/04\/Monsalud-y-Brihuega-184.jpg\" data-attachment-id=\"228\" data-type=\"image\" class=\"fg-thumb\"><span class=\"fg-image-wrap\"><img decoding=\"async\" width=\"125\" height=\"125\" class=\"skip-lazy fg-image\" data-src-fg=\"https:\/\/fotosyviajes.es\/wp-content\/uploads\/cache\/2020\/04\/Monsalud-y-Brihuega-184\/2024156771.jpg\" src=\"data:image\/svg+xml,%3Csvg%20xmlns%3D%22http%3A%2F%2Fwww.w3.org%2F2000%2Fsvg%22%20width%3D%22125%22%20height%3D%22125%22%20viewBox%3D%220%200%20125%20125%22%3E%3C%2Fsvg%3E\" loading=\"eager\"><\/span><span class=\"fg-image-overlay\"><\/span><\/a><\/figure><div class=\"fg-loader\"><\/div><\/div><div class=\"fg-item fg-type-image fg-idle\"><figure class=\"fg-item-inner\"><a href=\"https:\/\/fotosyviajes.es\/wp-content\/uploads\/2020\/04\/Monsalud-y-Brihuega-168.jpeg\" data-attachment-id=\"227\" data-type=\"image\" class=\"fg-thumb\"><span class=\"fg-image-wrap\"><img decoding=\"async\" width=\"125\" height=\"125\" class=\"skip-lazy fg-image\" data-src-fg=\"https:\/\/fotosyviajes.es\/wp-content\/uploads\/cache\/2020\/04\/Monsalud-y-Brihuega-168\/3954958355.jpeg\" src=\"data:image\/svg+xml,%3Csvg%20xmlns%3D%22http%3A%2F%2Fwww.w3.org%2F2000%2Fsvg%22%20width%3D%22125%22%20height%3D%22125%22%20viewBox%3D%220%200%20125%20125%22%3E%3C%2Fsvg%3E\" loading=\"eager\"><\/span><span class=\"fg-image-overlay\"><\/span><\/a><\/figure><div class=\"fg-loader\"><\/div><\/div><div class=\"fg-item fg-type-image fg-idle\"><figure class=\"fg-item-inner\"><a href=\"https:\/\/fotosyviajes.es\/wp-content\/uploads\/2020\/04\/Monsalud-y-Brihuega-163.jpeg\" data-attachment-id=\"226\" data-type=\"image\" class=\"fg-thumb\"><span class=\"fg-image-wrap\"><img decoding=\"async\" width=\"125\" height=\"125\" class=\"skip-lazy fg-image\" data-src-fg=\"https:\/\/fotosyviajes.es\/wp-content\/uploads\/cache\/2020\/04\/Monsalud-y-Brihuega-163\/3865963334.jpeg\" src=\"data:image\/svg+xml,%3Csvg%20xmlns%3D%22http%3A%2F%2Fwww.w3.org%2F2000%2Fsvg%22%20width%3D%22125%22%20height%3D%22125%22%20viewBox%3D%220%200%20125%20125%22%3E%3C%2Fsvg%3E\" loading=\"eager\"><\/span><span class=\"fg-image-overlay\"><\/span><\/a><\/figure><div class=\"fg-loader\"><\/div><\/div><div class=\"fg-item fg-type-image fg-idle\"><figure class=\"fg-item-inner\"><a href=\"https:\/\/fotosyviajes.es\/wp-content\/uploads\/2020\/04\/Monsalud-y-Brihuega-073.jpg\" data-attachment-id=\"225\" data-type=\"image\" class=\"fg-thumb\"><span class=\"fg-image-wrap\"><img decoding=\"async\" width=\"125\" height=\"125\" class=\"skip-lazy fg-image\" data-src-fg=\"https:\/\/fotosyviajes.es\/wp-content\/uploads\/cache\/2020\/04\/Monsalud-y-Brihuega-073\/3611525215.jpg\" src=\"data:image\/svg+xml,%3Csvg%20xmlns%3D%22http%3A%2F%2Fwww.w3.org%2F2000%2Fsvg%22%20width%3D%22125%22%20height%3D%22125%22%20viewBox%3D%220%200%20125%20125%22%3E%3C%2Fsvg%3E\" loading=\"eager\"><\/span><span class=\"fg-image-overlay\"><\/span><\/a><\/figure><div class=\"fg-loader\"><\/div><\/div><div class=\"fg-item fg-type-image fg-idle\"><figure class=\"fg-item-inner\"><a href=\"https:\/\/fotosyviajes.es\/wp-content\/uploads\/2020\/04\/Monsalud-y-Brihuega-062.jpg\" data-attachment-id=\"224\" data-type=\"image\" class=\"fg-thumb\"><span class=\"fg-image-wrap\"><img decoding=\"async\" width=\"125\" height=\"125\" class=\"skip-lazy fg-image\" data-src-fg=\"https:\/\/fotosyviajes.es\/wp-content\/uploads\/cache\/2020\/04\/Monsalud-y-Brihuega-062\/3935953758.jpg\" src=\"data:image\/svg+xml,%3Csvg%20xmlns%3D%22http%3A%2F%2Fwww.w3.org%2F2000%2Fsvg%22%20width%3D%22125%22%20height%3D%22125%22%20viewBox%3D%220%200%20125%20125%22%3E%3C%2Fsvg%3E\" loading=\"eager\"><\/span><span class=\"fg-image-overlay\"><\/span><\/a><\/figure><div class=\"fg-loader\"><\/div><\/div><div class=\"fg-item fg-type-image fg-idle\"><figure class=\"fg-item-inner\"><a href=\"https:\/\/fotosyviajes.es\/wp-content\/uploads\/2020\/04\/Monsalud-y-Brihuega-018.jpg\" data-attachment-id=\"222\" data-type=\"image\" class=\"fg-thumb\"><span class=\"fg-image-wrap\"><img decoding=\"async\" width=\"125\" height=\"125\" class=\"skip-lazy fg-image\" data-src-fg=\"https:\/\/fotosyviajes.es\/wp-content\/uploads\/cache\/2020\/04\/Monsalud-y-Brihuega-018\/647014484.jpg\" src=\"data:image\/svg+xml,%3Csvg%20xmlns%3D%22http%3A%2F%2Fwww.w3.org%2F2000%2Fsvg%22%20width%3D%22125%22%20height%3D%22125%22%20viewBox%3D%220%200%20125%20125%22%3E%3C%2Fsvg%3E\" loading=\"eager\"><\/span><span class=\"fg-image-overlay\"><\/span><\/a><\/figure><div class=\"fg-loader\"><\/div><\/div><div class=\"fg-item fg-type-image fg-idle\"><figure class=\"fg-item-inner\"><a href=\"https:\/\/fotosyviajes.es\/wp-content\/uploads\/2020\/04\/Monsalud-y-Brihuega-041.jpg\" data-attachment-id=\"223\" data-type=\"image\" class=\"fg-thumb\"><span class=\"fg-image-wrap\"><img decoding=\"async\" width=\"125\" height=\"125\" class=\"skip-lazy fg-image\" data-src-fg=\"https:\/\/fotosyviajes.es\/wp-content\/uploads\/cache\/2020\/04\/Monsalud-y-Brihuega-041\/2504229356.jpg\" src=\"data:image\/svg+xml,%3Csvg%20xmlns%3D%22http%3A%2F%2Fwww.w3.org%2F2000%2Fsvg%22%20width%3D%22125%22%20height%3D%22125%22%20viewBox%3D%220%200%20125%20125%22%3E%3C%2Fsvg%3E\" loading=\"eager\"><\/span><span class=\"fg-image-overlay\"><\/span><\/a><\/figure><div class=\"fg-loader\"><\/div><\/div><div class=\"fg-item fg-type-image fg-idle\"><figure class=\"fg-item-inner\"><a href=\"https:\/\/fotosyviajes.es\/wp-content\/uploads\/2020\/04\/Monsalud-y-Brihuega-007.jpeg\" data-attachment-id=\"221\" data-type=\"image\" class=\"fg-thumb\"><span class=\"fg-image-wrap\"><img decoding=\"async\" width=\"125\" height=\"125\" class=\"skip-lazy fg-image\" data-src-fg=\"https:\/\/fotosyviajes.es\/wp-content\/uploads\/cache\/2020\/04\/Monsalud-y-Brihuega-007\/1870262775.jpeg\" src=\"data:image\/svg+xml,%3Csvg%20xmlns%3D%22http%3A%2F%2Fwww.w3.org%2F2000%2Fsvg%22%20width%3D%22125%22%20height%3D%22125%22%20viewBox%3D%220%200%20125%20125%22%3E%3C%2Fsvg%3E\" loading=\"eager\"><\/span><span class=\"fg-image-overlay\"><\/span><\/a><\/figure><div class=\"fg-loader\"><\/div><\/div><\/div>\n","protected":false},"excerpt":{"rendered":"<p>El viaje comenz\u00f3 con una promesa: la de dejarse llevar por el camino, sin prisas, sin destino exacto, solo con la certeza de que cada kil\u00f3metro traer\u00eda consigo una nueva mirada. La autocaravana se convirti\u00f3 en refugio y en br\u00fajula, en un hogar rodante que avanzaba al comp\u00e1s del paisaje. Entre colinas doradas y horizontes &hellip; <a href=\"https:\/\/fotosyviajes.es\/index.php\/acerca-de\/escapadas\/monsalud-brihuega\/\" class=\"more-link\">Seguir leyendo <span class=\"screen-reader-text\">Monsalud Brihuega<\/span> <span class=\"meta-nav\">&rarr;<\/span><\/a><\/p>\n","protected":false},"author":1,"featured_media":360,"parent":45,"menu_order":0,"comment_status":"closed","ping_status":"closed","template":"","meta":{"footnotes":""},"class_list":["post-231","page","type-page","status-publish","has-post-thumbnail","hentry"],"_links":{"self":[{"href":"https:\/\/fotosyviajes.es\/index.php\/wp-json\/wp\/v2\/pages\/231","targetHints":{"allow":["GET"]}}],"collection":[{"href":"https:\/\/fotosyviajes.es\/index.php\/wp-json\/wp\/v2\/pages"}],"about":[{"href":"https:\/\/fotosyviajes.es\/index.php\/wp-json\/wp\/v2\/types\/page"}],"author":[{"embeddable":true,"href":"https:\/\/fotosyviajes.es\/index.php\/wp-json\/wp\/v2\/users\/1"}],"replies":[{"embeddable":true,"href":"https:\/\/fotosyviajes.es\/index.php\/wp-json\/wp\/v2\/comments?post=231"}],"version-history":[{"count":7,"href":"https:\/\/fotosyviajes.es\/index.php\/wp-json\/wp\/v2\/pages\/231\/revisions"}],"predecessor-version":[{"id":1508,"href":"https:\/\/fotosyviajes.es\/index.php\/wp-json\/wp\/v2\/pages\/231\/revisions\/1508"}],"up":[{"embeddable":true,"href":"https:\/\/fotosyviajes.es\/index.php\/wp-json\/wp\/v2\/pages\/45"}],"wp:featuredmedia":[{"embeddable":true,"href":"https:\/\/fotosyviajes.es\/index.php\/wp-json\/wp\/v2\/media\/360"}],"wp:attachment":[{"href":"https:\/\/fotosyviajes.es\/index.php\/wp-json\/wp\/v2\/media?parent=231"}],"curies":[{"name":"wp","href":"https:\/\/api.w.org\/{rel}","templated":true}]}}