{"id":307,"date":"2020-05-05T16:15:33","date_gmt":"2020-05-05T16:15:33","guid":{"rendered":"https:\/\/fotosyviajes.es\/?page_id=307"},"modified":"2025-11-07T17:17:38","modified_gmt":"2025-11-07T17:17:38","slug":"sierra-de-albacete","status":"publish","type":"page","link":"https:\/\/fotosyviajes.es\/index.php\/acerca-de\/escapadas\/sierra-de-albacete\/","title":{"rendered":"Sierra de Albacete"},"content":{"rendered":"\n<p>La sierra de Albacete es un rinc\u00f3n del mundo que, aunque muchas veces pasa desapercibido en los mapas tur\u00edsticos, guarda secretos y paisajes que dejan sin aliento a quienes se aventuran a descubrirlos. Este libro de fotos es un testimonio visual de un viaje \u00fanico en autocaravana por esta regi\u00f3n, donde cada curva del camino nos desvelaba una nueva maravilla.<\/p>\n\n\n\n<p>mosaico de paisajes contrastantes. Desde las llanuras doradas y las colinas ondulantes hasta los frondosos bosques de pinos y las cumbres majestuosas, cada kil\u00f3metro recorrido es una invitaci\u00f3n a detenerse y absorber la belleza del entorno. En cada parada, la c\u00e1mara se convirti\u00f3 en nuestro mejor aliado, capturando momentos que las palabras no pueden describir adecuadamente.<\/p>\n\n\n\n<p>Viajar en autocaravana nos otorg\u00f3 la libertad de ser n\u00f3madas modernos, de poder despertar cada d\u00eda con una vista diferente desde nuestra \u00abcasa sobre ruedas\u00bb. Esta forma de viajar nos permiti\u00f3 acercarnos m\u00e1s a la naturaleza, estacion\u00e1ndonos en lugares donde el cielo estrellado se convert\u00eda en nuestro techo y el canto de los p\u00e1jaros en nuestra alarma matutina.<\/p>\n\n\n\n<p>A lo largo del trayecto, no solo descubrimos paisajes, sino tambi\u00e9n personas. Los habitantes de los peque\u00f1os pueblos que salpican la sierra nos recibieron con hospitalidad y calidez, compartiendo historias y tradiciones que enriquecieron nuestra experiencia. Este libro tambi\u00e9n rinde homenaje a esos encuentros, reflejando la riqueza cultural de la regi\u00f3n.<\/p>\n\n\n\n<p>Las im\u00e1genes que se presentan en este libro no solo son una representaci\u00f3n de la belleza de la sierra de Albacete, sino tambi\u00e9n una invitaci\u00f3n a emprender una aventura similar. Cada fotograf\u00eda es un recordatorio de que hay lugares en el mundo que, aunque poco conocidos, merecen la pena ser explorados.<\/p>\n\n\n\n<p>Con cada p\u00e1gina, esperamos que los lectores puedan sentir la misma emoci\u00f3n y asombro que nosotros experimentamos, y que este libro sirva como inspiraci\u00f3n para futuros viajes y descubrimientos. Bienvenidos a la sierra de Albacete, un lugar donde el tiempo parece detenerse y la naturaleza nos abraza con su esplendor.<\/p>\n\n\n\n<ul class=\"wp-block-list\">\n<li><a href=\"https:\/\/turismoalcaraz.com\/\">Alcaraz<\/a>  <a href=\"https:\/\/maps.app.goo.gl\/m1QARPLZUsygwz5c9\"><img loading=\"lazy\" decoding=\"async\" width=\"20\" height=\"23\" class=\"wp-image-293\" style=\"width: 20px;\" src=\"https:\/\/fotosyviajes.es\/wp-content\/uploads\/2020\/04\/maps_p.gif\" alt=\"Maps\"><\/a> <a href=\"https:\/\/maps.app.goo.gl\/713pFpKq1FELJnF7A\"><img loading=\"lazy\" decoding=\"async\" width=\"22\" height=\"22\" class=\"wp-image-757\" style=\"width: 22px;\" src=\"https:\/\/fotosyviajes.es\/wp-content\/uploads\/2020\/12\/Parking.png\" alt=\"\"><\/a><\/li>\n\n\n\n<li><a href=\"https:\/\/riopar.es\/oficina-de-turismo\/\">Ri\u00f3par<\/a>  <a href=\"https:\/\/maps.app.goo.gl\/TxEUBUTKb3W1fYYY7\"><img loading=\"lazy\" decoding=\"async\" width=\"20\" height=\"23\" class=\"wp-image-293\" style=\"width: 20px;\" src=\"https:\/\/fotosyviajes.es\/wp-content\/uploads\/2020\/04\/maps_p.gif\" alt=\"Maps\"><\/a>  <a href=\"https:\/\/maps.app.goo.gl\/KPy8jKkrEPSf3HJr7\"><img loading=\"lazy\" decoding=\"async\" width=\"23\" height=\"23\" class=\"wp-image-42\" style=\"width: 23px;\" src=\"https:\/\/fotosyviajes.es\/wp-content\/uploads\/2020\/04\/pngocean.com_.png\" alt=\"\" srcset=\"https:\/\/fotosyviajes.es\/wp-content\/uploads\/2020\/04\/pngocean.com_.png 540w, https:\/\/fotosyviajes.es\/wp-content\/uploads\/2020\/04\/pngocean.com_-300x300.png 300w, https:\/\/fotosyviajes.es\/wp-content\/uploads\/2020\/04\/pngocean.com_-150x150.png 150w\" sizes=\"auto, (max-width: 23px) 100vw, 23px\" \/><\/a><\/li>\n\n\n\n<li><a href=\"https:\/\/turismoruralyeste.net\/\">Yeste<\/a>  <a href=\"https:\/\/maps.app.goo.gl\/4Z4oisjPYJ8KCHTX9\"><img loading=\"lazy\" decoding=\"async\" width=\"20\" height=\"23\" class=\"wp-image-293\" style=\"width: 20px;\" src=\"https:\/\/fotosyviajes.es\/wp-content\/uploads\/2020\/04\/maps_p.gif\" alt=\"Maps\"><\/a> <a href=\"https:\/\/maps.app.goo.gl\/KABRpGfekJ9sVfew6\"><img loading=\"lazy\" decoding=\"async\" width=\"23\" height=\"23\" class=\"wp-image-42\" style=\"width: 23px;\" src=\"https:\/\/fotosyviajes.es\/wp-content\/uploads\/2020\/04\/pngocean.com_.png\" alt=\"\" srcset=\"https:\/\/fotosyviajes.es\/wp-content\/uploads\/2020\/04\/pngocean.com_.png 540w, https:\/\/fotosyviajes.es\/wp-content\/uploads\/2020\/04\/pngocean.com_-300x300.png 300w, https:\/\/fotosyviajes.es\/wp-content\/uploads\/2020\/04\/pngocean.com_-150x150.png 150w\" sizes=\"auto, (max-width: 23px) 100vw, 23px\" \/><\/a><\/li>\n\n\n\n<li><a href=\"https:\/\/turismoletur.com\/\">Letur<\/a>  <a href=\"https:\/\/maps.app.goo.gl\/UKWRgxWDiiUrjSMj9\"><img loading=\"lazy\" decoding=\"async\" width=\"20\" height=\"23\" class=\"wp-image-293\" style=\"width: 20px;\" src=\"https:\/\/fotosyviajes.es\/wp-content\/uploads\/2020\/04\/maps_p.gif\" alt=\"Maps\"><\/a> <\/li>\n\n\n\n<li><a href=\"https:\/\/turismoruralyeste.net\/alojamientos\/balneario-de-tus\/\">Balneario de Tus<\/a>  <a href=\"https:\/\/maps.app.goo.gl\/jS8NsfU62AYw9ByX8\"><img loading=\"lazy\" decoding=\"async\" width=\"20\" height=\"23\" class=\"wp-image-293\" style=\"width: 20px;\" src=\"https:\/\/fotosyviajes.es\/wp-content\/uploads\/2020\/04\/maps_p.gif\" alt=\"Maps\"><\/a><\/li>\n\n\n\n<li><a href=\"https:\/\/turismoayna.es\/\">Ayna<\/a>  <a href=\"https:\/\/maps.app.goo.gl\/wPUXSdiLjoNGXg3w9\"><img loading=\"lazy\" decoding=\"async\" width=\"20\" height=\"23\" class=\"wp-image-293\" style=\"width: 20px;\" src=\"https:\/\/fotosyviajes.es\/wp-content\/uploads\/2020\/04\/maps_p.gif\" alt=\"Maps\"><\/a><a href=\"https:\/\/maps.app.goo.gl\/ZxPKNVAQJZadnEP67\"> <img loading=\"lazy\" decoding=\"async\" width=\"22\" height=\"22\" class=\"wp-image-757\" style=\"width: 22px;\" src=\"https:\/\/fotosyviajes.es\/wp-content\/uploads\/2020\/12\/Parking.png\" alt=\"\"><\/a><\/li>\n\n\n\n<li><a href=\"https:\/\/turismoelchedelasierra.com\/\">Elche de la Sierra<\/a>  <a href=\"https:\/\/maps.app.goo.gl\/a2E8haQUVQV6Y5RJA\"><img loading=\"lazy\" decoding=\"async\" width=\"20\" height=\"23\" class=\"wp-image-293\" style=\"width: 20px;\" src=\"https:\/\/fotosyviajes.es\/wp-content\/uploads\/2020\/04\/maps_p.gif\" alt=\"Maps\"><\/a> <a href=\"https:\/\/maps.app.goo.gl\/Enfw6NXvuUYeLQLMA\"><img loading=\"lazy\" decoding=\"async\" width=\"23\" height=\"23\" class=\"wp-image-42\" style=\"width: 23px;\" src=\"https:\/\/fotosyviajes.es\/wp-content\/uploads\/2020\/04\/pngocean.com_.png\" alt=\"\" srcset=\"https:\/\/fotosyviajes.es\/wp-content\/uploads\/2020\/04\/pngocean.com_.png 540w, https:\/\/fotosyviajes.es\/wp-content\/uploads\/2020\/04\/pngocean.com_-300x300.png 300w, https:\/\/fotosyviajes.es\/wp-content\/uploads\/2020\/04\/pngocean.com_-150x150.png 150w\" sizes=\"auto, (max-width: 23px) 100vw, 23px\" \/><\/a><\/li>\n<\/ul>\n\n\n<style type=\"text\/css\">\n#foogallery-gallery-488 .fg-image { width: 125px; }\n#foogallery-gallery-488 { --fg-gutter: 10px; }<\/style>\n\t\t\t<div class=\"foogallery foogallery-container foogallery-default foogallery-lightbox-foobox fg-center fg-default fg-ready fg-light fg-border-thin fg-shadow-outline fg-loading-default fg-loaded-fade-in fg-caption-hover fg-hover-fade fg-hover-zoom\" id=\"foogallery-gallery-488\" data-foogallery=\"{&quot;item&quot;:{&quot;showCaptionTitle&quot;:true,&quot;showCaptionDescription&quot;:true},&quot;lazy&quot;:true}\" style=\"--fg-title-line-clamp: 0; --fg-description-line-clamp: 0;\" >\n\t<div class=\"fg-item fg-type-image fg-idle\"><figure class=\"fg-item-inner\"><a href=\"https:\/\/fotosyviajes.es\/wp-content\/uploads\/2020\/05\/Mapa_Albacete.jpg\" data-attachment-id=\"313\" data-type=\"image\" class=\"fg-thumb\"><span class=\"fg-image-wrap\"><img decoding=\"async\" width=\"125\" height=\"125\" class=\"skip-lazy fg-image\" data-src-fg=\"https:\/\/fotosyviajes.es\/wp-content\/uploads\/cache\/2020\/05\/Mapa_Albacete\/123646589.jpg\" src=\"data:image\/svg+xml,%3Csvg%20xmlns%3D%22http%3A%2F%2Fwww.w3.org%2F2000%2Fsvg%22%20width%3D%22125%22%20height%3D%22125%22%20viewBox%3D%220%200%20125%20125%22%3E%3C%2Fsvg%3E\" loading=\"eager\"><\/span><span class=\"fg-image-overlay\"><\/span><\/a><\/figure><div class=\"fg-loader\"><\/div><\/div><div class=\"fg-item fg-type-image fg-idle\"><figure class=\"fg-item-inner\"><a href=\"https:\/\/fotosyviajes.es\/wp-content\/uploads\/2020\/05\/Sierra-Albacete-003_2.jpg\" data-attachment-id=\"314\" data-type=\"image\" class=\"fg-thumb\"><span class=\"fg-image-wrap\"><img decoding=\"async\" width=\"125\" height=\"125\" class=\"skip-lazy fg-image\" data-src-fg=\"https:\/\/fotosyviajes.es\/wp-content\/uploads\/cache\/2020\/05\/Sierra-Albacete-003_2\/2317686728.jpg\" src=\"data:image\/svg+xml,%3Csvg%20xmlns%3D%22http%3A%2F%2Fwww.w3.org%2F2000%2Fsvg%22%20width%3D%22125%22%20height%3D%22125%22%20viewBox%3D%220%200%20125%20125%22%3E%3C%2Fsvg%3E\" loading=\"eager\"><\/span><span class=\"fg-image-overlay\"><\/span><\/a><\/figure><div class=\"fg-loader\"><\/div><\/div><div class=\"fg-item fg-type-image fg-idle\"><figure class=\"fg-item-inner\"><a href=\"https:\/\/fotosyviajes.es\/wp-content\/uploads\/2020\/05\/Sierra-Albacete-026.jpg\" data-attachment-id=\"315\" data-type=\"image\" class=\"fg-thumb\"><span class=\"fg-image-wrap\"><img decoding=\"async\" width=\"125\" height=\"125\" class=\"skip-lazy fg-image\" data-src-fg=\"https:\/\/fotosyviajes.es\/wp-content\/uploads\/cache\/2020\/05\/Sierra-Albacete-026\/829558507.jpg\" src=\"data:image\/svg+xml,%3Csvg%20xmlns%3D%22http%3A%2F%2Fwww.w3.org%2F2000%2Fsvg%22%20width%3D%22125%22%20height%3D%22125%22%20viewBox%3D%220%200%20125%20125%22%3E%3C%2Fsvg%3E\" loading=\"eager\"><\/span><span class=\"fg-image-overlay\"><\/span><\/a><\/figure><div class=\"fg-loader\"><\/div><\/div><div class=\"fg-item fg-type-image fg-idle\"><figure class=\"fg-item-inner\"><a href=\"https:\/\/fotosyviajes.es\/wp-content\/uploads\/2020\/05\/Sierra-Albacete-054.jpg\" data-attachment-id=\"316\" data-type=\"image\" class=\"fg-thumb\"><span class=\"fg-image-wrap\"><img decoding=\"async\" width=\"125\" height=\"125\" class=\"skip-lazy fg-image\" data-src-fg=\"https:\/\/fotosyviajes.es\/wp-content\/uploads\/cache\/2020\/05\/Sierra-Albacete-054\/1755983421.jpg\" src=\"data:image\/svg+xml,%3Csvg%20xmlns%3D%22http%3A%2F%2Fwww.w3.org%2F2000%2Fsvg%22%20width%3D%22125%22%20height%3D%22125%22%20viewBox%3D%220%200%20125%20125%22%3E%3C%2Fsvg%3E\" loading=\"eager\"><\/span><span class=\"fg-image-overlay\"><\/span><\/a><\/figure><div class=\"fg-loader\"><\/div><\/div><div class=\"fg-item fg-type-image fg-idle\"><figure class=\"fg-item-inner\"><a href=\"https:\/\/fotosyviajes.es\/wp-content\/uploads\/2020\/05\/Sierra-Albacete-112.jpg\" data-attachment-id=\"317\" data-type=\"image\" class=\"fg-thumb\"><span class=\"fg-image-wrap\"><img decoding=\"async\" width=\"125\" height=\"125\" class=\"skip-lazy fg-image\" data-src-fg=\"https:\/\/fotosyviajes.es\/wp-content\/uploads\/cache\/2020\/05\/Sierra-Albacete-112\/2159027817.jpg\" src=\"data:image\/svg+xml,%3Csvg%20xmlns%3D%22http%3A%2F%2Fwww.w3.org%2F2000%2Fsvg%22%20width%3D%22125%22%20height%3D%22125%22%20viewBox%3D%220%200%20125%20125%22%3E%3C%2Fsvg%3E\" loading=\"eager\"><\/span><span class=\"fg-image-overlay\"><\/span><\/a><\/figure><div class=\"fg-loader\"><\/div><\/div><div class=\"fg-item fg-type-image fg-idle\"><figure class=\"fg-item-inner\"><a href=\"https:\/\/fotosyviajes.es\/wp-content\/uploads\/2020\/05\/Sierra-Albacete-135.jpg\" data-attachment-id=\"318\" data-type=\"image\" class=\"fg-thumb\"><span class=\"fg-image-wrap\"><img decoding=\"async\" width=\"125\" height=\"125\" class=\"skip-lazy fg-image\" data-src-fg=\"https:\/\/fotosyviajes.es\/wp-content\/uploads\/cache\/2020\/05\/Sierra-Albacete-135\/4263469661.jpg\" src=\"data:image\/svg+xml,%3Csvg%20xmlns%3D%22http%3A%2F%2Fwww.w3.org%2F2000%2Fsvg%22%20width%3D%22125%22%20height%3D%22125%22%20viewBox%3D%220%200%20125%20125%22%3E%3C%2Fsvg%3E\" loading=\"eager\"><\/span><span class=\"fg-image-overlay\"><\/span><\/a><\/figure><div class=\"fg-loader\"><\/div><\/div><div class=\"fg-item fg-type-image fg-idle\"><figure class=\"fg-item-inner\"><a href=\"https:\/\/fotosyviajes.es\/wp-content\/uploads\/2020\/05\/Sierra-Albacete-146.jpg\" data-attachment-id=\"319\" data-type=\"image\" class=\"fg-thumb\"><span class=\"fg-image-wrap\"><img decoding=\"async\" width=\"125\" height=\"125\" class=\"skip-lazy fg-image\" data-src-fg=\"https:\/\/fotosyviajes.es\/wp-content\/uploads\/cache\/2020\/05\/Sierra-Albacete-146\/2292855702.jpg\" src=\"data:image\/svg+xml,%3Csvg%20xmlns%3D%22http%3A%2F%2Fwww.w3.org%2F2000%2Fsvg%22%20width%3D%22125%22%20height%3D%22125%22%20viewBox%3D%220%200%20125%20125%22%3E%3C%2Fsvg%3E\" loading=\"eager\"><\/span><span class=\"fg-image-overlay\"><\/span><\/a><\/figure><div class=\"fg-loader\"><\/div><\/div><div class=\"fg-item fg-type-image fg-idle\"><figure class=\"fg-item-inner\"><a href=\"https:\/\/fotosyviajes.es\/wp-content\/uploads\/2020\/05\/Sierra-Albacete-231.jpg\" data-attachment-id=\"321\" data-type=\"image\" class=\"fg-thumb\"><span class=\"fg-image-wrap\"><img decoding=\"async\" width=\"125\" height=\"125\" class=\"skip-lazy fg-image\" data-src-fg=\"https:\/\/fotosyviajes.es\/wp-content\/uploads\/cache\/2020\/05\/Sierra-Albacete-231\/2533735157.jpg\" src=\"data:image\/svg+xml,%3Csvg%20xmlns%3D%22http%3A%2F%2Fwww.w3.org%2F2000%2Fsvg%22%20width%3D%22125%22%20height%3D%22125%22%20viewBox%3D%220%200%20125%20125%22%3E%3C%2Fsvg%3E\" loading=\"eager\"><\/span><span class=\"fg-image-overlay\"><\/span><\/a><\/figure><div class=\"fg-loader\"><\/div><\/div><div class=\"fg-item fg-type-image fg-idle\"><figure class=\"fg-item-inner\"><a href=\"https:\/\/fotosyviajes.es\/wp-content\/uploads\/2020\/05\/Sierra-Albacete-182.jpg\" data-attachment-id=\"320\" data-type=\"image\" class=\"fg-thumb\"><span class=\"fg-image-wrap\"><img decoding=\"async\" width=\"125\" height=\"125\" class=\"skip-lazy fg-image\" data-src-fg=\"https:\/\/fotosyviajes.es\/wp-content\/uploads\/cache\/2020\/05\/Sierra-Albacete-182\/3971195689.jpg\" src=\"data:image\/svg+xml,%3Csvg%20xmlns%3D%22http%3A%2F%2Fwww.w3.org%2F2000%2Fsvg%22%20width%3D%22125%22%20height%3D%22125%22%20viewBox%3D%220%200%20125%20125%22%3E%3C%2Fsvg%3E\" loading=\"eager\"><\/span><span class=\"fg-image-overlay\"><\/span><\/a><\/figure><div class=\"fg-loader\"><\/div><\/div><div class=\"fg-item fg-type-image fg-idle\"><figure class=\"fg-item-inner\"><a href=\"https:\/\/fotosyviajes.es\/wp-content\/uploads\/2020\/05\/Sierra-Albacete-233.jpg\" data-attachment-id=\"322\" data-type=\"image\" class=\"fg-thumb\"><span class=\"fg-image-wrap\"><img decoding=\"async\" width=\"125\" height=\"125\" class=\"skip-lazy fg-image\" data-src-fg=\"https:\/\/fotosyviajes.es\/wp-content\/uploads\/cache\/2020\/05\/Sierra-Albacete-233\/2864510954.jpg\" src=\"data:image\/svg+xml,%3Csvg%20xmlns%3D%22http%3A%2F%2Fwww.w3.org%2F2000%2Fsvg%22%20width%3D%22125%22%20height%3D%22125%22%20viewBox%3D%220%200%20125%20125%22%3E%3C%2Fsvg%3E\" loading=\"eager\"><\/span><span class=\"fg-image-overlay\"><\/span><\/a><\/figure><div class=\"fg-loader\"><\/div><\/div><div class=\"fg-item fg-type-image fg-idle\"><figure class=\"fg-item-inner\"><a href=\"https:\/\/fotosyviajes.es\/wp-content\/uploads\/2020\/05\/Sierra-Albacete-214.jpg\" data-attachment-id=\"326\" data-type=\"image\" class=\"fg-thumb\"><span class=\"fg-image-wrap\"><img decoding=\"async\" width=\"125\" height=\"125\" class=\"skip-lazy fg-image\" data-src-fg=\"https:\/\/fotosyviajes.es\/wp-content\/uploads\/cache\/2020\/05\/Sierra-Albacete-214\/2456826674.jpg\" src=\"data:image\/svg+xml,%3Csvg%20xmlns%3D%22http%3A%2F%2Fwww.w3.org%2F2000%2Fsvg%22%20width%3D%22125%22%20height%3D%22125%22%20viewBox%3D%220%200%20125%20125%22%3E%3C%2Fsvg%3E\" loading=\"eager\"><\/span><span class=\"fg-image-overlay\"><\/span><\/a><\/figure><div class=\"fg-loader\"><\/div><\/div><div class=\"fg-item fg-type-image fg-idle\"><figure class=\"fg-item-inner\"><a href=\"https:\/\/fotosyviajes.es\/wp-content\/uploads\/2020\/05\/Sierra-Albacete-227.jpg\" data-attachment-id=\"327\" data-type=\"image\" class=\"fg-thumb\"><span class=\"fg-image-wrap\"><img decoding=\"async\" width=\"125\" height=\"125\" class=\"skip-lazy fg-image\" data-src-fg=\"https:\/\/fotosyviajes.es\/wp-content\/uploads\/cache\/2020\/05\/Sierra-Albacete-227\/3106485237.jpg\" src=\"data:image\/svg+xml,%3Csvg%20xmlns%3D%22http%3A%2F%2Fwww.w3.org%2F2000%2Fsvg%22%20width%3D%22125%22%20height%3D%22125%22%20viewBox%3D%220%200%20125%20125%22%3E%3C%2Fsvg%3E\" loading=\"eager\"><\/span><span class=\"fg-image-overlay\"><\/span><\/a><\/figure><div class=\"fg-loader\"><\/div><\/div><\/div>\n\n\n\n<p><\/p>\n","protected":false},"excerpt":{"rendered":"<p>La sierra de Albacete es un rinc\u00f3n del mundo que, aunque muchas veces pasa desapercibido en los mapas tur\u00edsticos, guarda secretos y paisajes que dejan sin aliento a quienes se aventuran a descubrirlos. Este libro de fotos es un testimonio visual de un viaje \u00fanico en autocaravana por esta regi\u00f3n, donde cada curva del camino &hellip; <a href=\"https:\/\/fotosyviajes.es\/index.php\/acerca-de\/escapadas\/sierra-de-albacete\/\" class=\"more-link\">Seguir leyendo <span class=\"screen-reader-text\">Sierra de Albacete<\/span> <span class=\"meta-nav\">&rarr;<\/span><\/a><\/p>\n","protected":false},"author":1,"featured_media":364,"parent":45,"menu_order":0,"comment_status":"closed","ping_status":"closed","template":"","meta":{"footnotes":""},"class_list":["post-307","page","type-page","status-publish","has-post-thumbnail","hentry"],"_links":{"self":[{"href":"https:\/\/fotosyviajes.es\/index.php\/wp-json\/wp\/v2\/pages\/307","targetHints":{"allow":["GET"]}}],"collection":[{"href":"https:\/\/fotosyviajes.es\/index.php\/wp-json\/wp\/v2\/pages"}],"about":[{"href":"https:\/\/fotosyviajes.es\/index.php\/wp-json\/wp\/v2\/types\/page"}],"author":[{"embeddable":true,"href":"https:\/\/fotosyviajes.es\/index.php\/wp-json\/wp\/v2\/users\/1"}],"replies":[{"embeddable":true,"href":"https:\/\/fotosyviajes.es\/index.php\/wp-json\/wp\/v2\/comments?post=307"}],"version-history":[{"count":24,"href":"https:\/\/fotosyviajes.es\/index.php\/wp-json\/wp\/v2\/pages\/307\/revisions"}],"predecessor-version":[{"id":1539,"href":"https:\/\/fotosyviajes.es\/index.php\/wp-json\/wp\/v2\/pages\/307\/revisions\/1539"}],"up":[{"embeddable":true,"href":"https:\/\/fotosyviajes.es\/index.php\/wp-json\/wp\/v2\/pages\/45"}],"wp:featuredmedia":[{"embeddable":true,"href":"https:\/\/fotosyviajes.es\/index.php\/wp-json\/wp\/v2\/media\/364"}],"wp:attachment":[{"href":"https:\/\/fotosyviajes.es\/index.php\/wp-json\/wp\/v2\/media?parent=307"}],"curies":[{"name":"wp","href":"https:\/\/api.w.org\/{rel}","templated":true}]}}