{"id":722,"date":"2020-12-22T18:48:03","date_gmt":"2020-12-22T18:48:03","guid":{"rendered":"https:\/\/fotosyviajes.es\/?page_id=722"},"modified":"2025-11-10T15:43:18","modified_gmt":"2025-11-10T15:43:18","slug":"las-batuecas","status":"publish","type":"page","link":"https:\/\/fotosyviajes.es\/index.php\/acerca-de\/escapadas\/las-batuecas\/","title":{"rendered":"Las Batuecas"},"content":{"rendered":"\n<p>\u00a1Hola, aventureros! Si est\u00e1s leyendo esto, es porque has decidido acompa\u00f1arnos en este emocionante viaje que emprendimos a bordo de nuestra fiel autocaravana. Las Batuecas nos estaban esperando con sus paisajes llenos de magia, secretos y esa sensaci\u00f3n de libertad que solo se siente cuando la carretera se extiende ante ti.<\/p>\n\n\n\n<p>Imagina despertarte cada ma\u00f1ana con el canto de los p\u00e1jaros y el suave murmullo del viento entre los \u00e1rboles. Las monta\u00f1as nos abrazan mientras nos adentramos en un mundo donde el tiempo parece detenerse y cada curva de la ruta nos regala una nueva sorpresa. Desde las hermosas rutas serpenteantes hasta esos rincones escondidos que descubrimos por pura casualidad, este libro de fotos es un reflejo de esas vivencias que nos dejaron sin aliento.<\/p>\n\n\n\n<p>Aqu\u00ed no solo encontrar\u00e1s im\u00e1genes de paisajes espectaculares, sino tambi\u00e9n momentos simples pero llenos de significado: risas alrededor de una hoguera, el aroma del caf\u00e9 por la ma\u00f1ana y la complicidad de viajar juntos. As\u00ed que prep\u00e1rate para recorrer con nosotros los senderos de las Batuecas, conectarte con la naturaleza y, sobre todo, disfrutar de cada peque\u00f1o instante que transforma un simple viaje en un recuerdo inolvidable.<\/p>\n\n\n\n<ul class=\"wp-block-list\">\n<li><a href=\"https:\/\/laalberca.com\/oficina-de-turismo\/\">La Alberca<\/a> <a href=\"https:\/\/maps.app.goo.gl\/9s3Fkg2wJZShBszL7\"><img loading=\"lazy\" decoding=\"async\" width=\"30\" height=\"20\" class=\"wp-image-280\" style=\"width: 30px;\" src=\"https:\/\/fotosyviajes.es\/wp-content\/uploads\/2020\/04\/maps-e1588002594737.jpg\" alt=\"\"><\/a><a href=\"https:\/\/maps.app.goo.gl\/ugWpdHxDfnZJ9XsY6\"><img loading=\"lazy\" decoding=\"async\" width=\"24\" height=\"24\" class=\"wp-image-42\" style=\"width: 24px;\" src=\"https:\/\/fotosyviajes.es\/wp-content\/uploads\/2020\/04\/pngocean.com_.png\" alt=\"\" srcset=\"https:\/\/fotosyviajes.es\/wp-content\/uploads\/2020\/04\/pngocean.com_.png 540w, https:\/\/fotosyviajes.es\/wp-content\/uploads\/2020\/04\/pngocean.com_-300x300.png 300w, https:\/\/fotosyviajes.es\/wp-content\/uploads\/2020\/04\/pngocean.com_-150x150.png 150w\" sizes=\"auto, (max-width: 24px) 100vw, 24px\" \/><\/a><\/li>\n\n\n\n<li><a href=\"https:\/\/xn--sanmartindelcastaar-c4b.es\/\">San Martin del Casta\u00f1ar<\/a> <a href=\"https:\/\/maps.app.goo.gl\/AM2eeTc4d2CVnkxv7\"><img loading=\"lazy\" decoding=\"async\" width=\"30\" height=\"20\" class=\"wp-image-280\" style=\"width: 30px;\" src=\"https:\/\/fotosyviajes.es\/wp-content\/uploads\/2020\/04\/maps-e1588002594737.jpg\" alt=\"\"><\/a><a href=\"https:\/\/maps.app.goo.gl\/tfsXDM1rv2YWURA67\"><img loading=\"lazy\" decoding=\"async\" width=\"22\" height=\"22\" class=\"wp-image-757\" style=\"width: 22px;\" src=\"https:\/\/fotosyviajes.es\/wp-content\/uploads\/2020\/12\/Parking.png\" alt=\"\"><\/a><\/li>\n\n\n\n<li><a href=\"https:\/\/www.turismocastillayleon.com\/es\/patrimonio-cultura\/mogarraz\">Mogarraz <\/a> <a href=\"https:\/\/maps.app.goo.gl\/h7qiPkB7zSFc4RgZ6\"><img loading=\"lazy\" decoding=\"async\" width=\"20\" height=\"23\" class=\"wp-image-293\" style=\"width: 20px;\" src=\"https:\/\/fotosyviajes.es\/wp-content\/uploads\/2020\/04\/maps_p.gif\" alt=\"Maps\"><\/a><a href=\"https:\/\/maps.app.goo.gl\/Vk32uRpb4BwHjW2w5\"> <img loading=\"lazy\" decoding=\"async\" width=\"22\" height=\"22\" class=\"wp-image-757\" style=\"width: 22px;\" src=\"https:\/\/fotosyviajes.es\/wp-content\/uploads\/2020\/12\/Parking.png\" alt=\"\"><\/a><\/li>\n\n\n\n<li><a href=\"https:\/\/www.turismocastillayleon.com\/es\/patrimonio-cultura\/sequeros\">Sequeros<\/a> <a href=\"https:\/\/maps.app.goo.gl\/1BwGVGPwMqNWv8ou9\"><img loading=\"lazy\" decoding=\"async\" width=\"20\" height=\"23\" class=\"wp-image-293\" style=\"width: 20px;\" src=\"https:\/\/fotosyviajes.es\/wp-content\/uploads\/2020\/04\/maps_p.gif\" alt=\"Maps\"><\/a><\/li>\n\n\n\n<li><a href=\"https:\/\/www.turismocastillayleon.com\/es\/patrimonio-cultura\/villanueva-conde\">Villanueva del Conde<\/a>  <a href=\"https:\/\/maps.app.goo.gl\/sUVs7Dk9Y3JG9nVg8\"><img loading=\"lazy\" decoding=\"async\" width=\"20\" height=\"23\" class=\"wp-image-293\" style=\"width: 20px;\" src=\"https:\/\/fotosyviajes.es\/wp-content\/uploads\/2020\/04\/maps_p.gif\" alt=\"Maps\"><\/a> <a href=\"https:\/\/maps.app.goo.gl\/vbtR8pGaamdPS74F6\"><\/a><a href=\"https:\/\/maps.app.goo.gl\/Vk32uRpb4BwHjW2w5\"><img loading=\"lazy\" decoding=\"async\" width=\"22\" height=\"22\" class=\"wp-image-757\" style=\"width: 22px;\" src=\"https:\/\/fotosyviajes.es\/wp-content\/uploads\/2020\/12\/Parking.png\" alt=\"\"><\/a><\/li>\n\n\n\n<li><a href=\"https:\/\/www.xn--mirandadelcastaar-txb.es\/\">Miranda del Casta\u00f1ar<\/a> <a href=\"https:\/\/maps.app.goo.gl\/jGuvrKHpADjSKE9s6\"><img loading=\"lazy\" decoding=\"async\" width=\"30\" height=\"20\" class=\"wp-image-280\" style=\"width: 30px;\" src=\"https:\/\/fotosyviajes.es\/wp-content\/uploads\/2020\/04\/maps-e1588002594737.jpg\" alt=\"\"><\/a><a href=\"https:\/\/maps.app.goo.gl\/TmcQeujMCgGEiVKp6\"><img loading=\"lazy\" decoding=\"async\" width=\"22\" height=\"22\" class=\"wp-image-757\" style=\"width: 22px;\" src=\"https:\/\/fotosyviajes.es\/wp-content\/uploads\/2020\/12\/Parking.png\" alt=\"\"><\/a><\/li>\n<\/ul>\n\n\n<style type=\"text\/css\">\n#foogallery-gallery-725 .fg-image { width: 125px; }\n#foogallery-gallery-725 { --fg-gutter: 10px; }<\/style>\n\t\t\t<div class=\"foogallery foogallery-container foogallery-default foogallery-lightbox-foobox fg-center fg-default fg-ready fg-light fg-border-thin fg-shadow-outline fg-loading-default fg-loaded-fade-in fg-caption-hover fg-hover-fade fg-hover-zoom\" id=\"foogallery-gallery-725\" data-foogallery=\"{&quot;item&quot;:{&quot;showCaptionTitle&quot;:true,&quot;showCaptionDescription&quot;:true},&quot;lazy&quot;:true}\" style=\"--fg-title-line-clamp: 0; --fg-description-line-clamp: 0;\" >\n\t<div class=\"fg-item fg-type-image fg-idle\"><figure class=\"fg-item-inner\"><a href=\"https:\/\/fotosyviajes.es\/wp-content\/uploads\/2020\/12\/Las-Batuecas-Mapa.png\" data-attachment-id=\"721\" data-type=\"image\" class=\"fg-thumb\"><span class=\"fg-image-wrap\"><img decoding=\"async\" width=\"125\" height=\"125\" class=\"skip-lazy fg-image\" data-src-fg=\"https:\/\/fotosyviajes.es\/wp-content\/uploads\/cache\/2020\/12\/Las-Batuecas-Mapa\/263427629.png\" src=\"data:image\/svg+xml,%3Csvg%20xmlns%3D%22http%3A%2F%2Fwww.w3.org%2F2000%2Fsvg%22%20width%3D%22125%22%20height%3D%22125%22%20viewBox%3D%220%200%20125%20125%22%3E%3C%2Fsvg%3E\" loading=\"eager\"><\/span><span class=\"fg-image-overlay\"><\/span><\/a><\/figure><div class=\"fg-loader\"><\/div><\/div><div class=\"fg-item fg-type-image fg-idle\"><figure class=\"fg-item-inner\"><a href=\"https:\/\/fotosyviajes.es\/wp-content\/uploads\/2020\/12\/Las-Batuecas-817.jpg\" data-attachment-id=\"720\" data-type=\"image\" class=\"fg-thumb\"><span class=\"fg-image-wrap\"><img decoding=\"async\" width=\"125\" height=\"125\" class=\"skip-lazy fg-image\" data-src-fg=\"https:\/\/fotosyviajes.es\/wp-content\/uploads\/cache\/2020\/12\/Las-Batuecas-817\/191066786.jpg\" src=\"data:image\/svg+xml,%3Csvg%20xmlns%3D%22http%3A%2F%2Fwww.w3.org%2F2000%2Fsvg%22%20width%3D%22125%22%20height%3D%22125%22%20viewBox%3D%220%200%20125%20125%22%3E%3C%2Fsvg%3E\" loading=\"eager\"><\/span><span class=\"fg-image-overlay\"><\/span><\/a><\/figure><div class=\"fg-loader\"><\/div><\/div><div class=\"fg-item fg-type-image fg-idle\"><figure class=\"fg-item-inner\"><a href=\"https:\/\/fotosyviajes.es\/wp-content\/uploads\/2020\/12\/Las-Batuecas-618.jpeg\" data-attachment-id=\"719\" data-type=\"image\" class=\"fg-thumb\"><span class=\"fg-image-wrap\"><img decoding=\"async\" width=\"125\" height=\"125\" class=\"skip-lazy fg-image\" data-src-fg=\"https:\/\/fotosyviajes.es\/wp-content\/uploads\/cache\/2020\/12\/Las-Batuecas-618\/256152288.jpeg\" src=\"data:image\/svg+xml,%3Csvg%20xmlns%3D%22http%3A%2F%2Fwww.w3.org%2F2000%2Fsvg%22%20width%3D%22125%22%20height%3D%22125%22%20viewBox%3D%220%200%20125%20125%22%3E%3C%2Fsvg%3E\" loading=\"eager\"><\/span><span class=\"fg-image-overlay\"><\/span><\/a><\/figure><div class=\"fg-loader\"><\/div><\/div><div class=\"fg-item fg-type-image fg-idle\"><figure class=\"fg-item-inner\"><a href=\"https:\/\/fotosyviajes.es\/wp-content\/uploads\/2020\/12\/Las-Batuecas-502.jpg\" data-attachment-id=\"718\" data-type=\"image\" class=\"fg-thumb\"><span class=\"fg-image-wrap\"><img decoding=\"async\" width=\"125\" height=\"125\" class=\"skip-lazy fg-image\" data-src-fg=\"https:\/\/fotosyviajes.es\/wp-content\/uploads\/cache\/2020\/12\/Las-Batuecas-502\/554304159.jpg\" src=\"data:image\/svg+xml,%3Csvg%20xmlns%3D%22http%3A%2F%2Fwww.w3.org%2F2000%2Fsvg%22%20width%3D%22125%22%20height%3D%22125%22%20viewBox%3D%220%200%20125%20125%22%3E%3C%2Fsvg%3E\" loading=\"eager\"><\/span><span class=\"fg-image-overlay\"><\/span><\/a><\/figure><div class=\"fg-loader\"><\/div><\/div><div class=\"fg-item fg-type-image fg-idle\"><figure class=\"fg-item-inner\"><a href=\"https:\/\/fotosyviajes.es\/wp-content\/uploads\/2020\/12\/Las-Batuecas-466.jpeg\" data-attachment-id=\"717\" data-type=\"image\" class=\"fg-thumb\"><span class=\"fg-image-wrap\"><img decoding=\"async\" width=\"125\" height=\"125\" class=\"skip-lazy fg-image\" data-src-fg=\"https:\/\/fotosyviajes.es\/wp-content\/uploads\/cache\/2020\/12\/Las-Batuecas-466\/2608684410.jpeg\" src=\"data:image\/svg+xml,%3Csvg%20xmlns%3D%22http%3A%2F%2Fwww.w3.org%2F2000%2Fsvg%22%20width%3D%22125%22%20height%3D%22125%22%20viewBox%3D%220%200%20125%20125%22%3E%3C%2Fsvg%3E\" loading=\"eager\"><\/span><span class=\"fg-image-overlay\"><\/span><\/a><\/figure><div class=\"fg-loader\"><\/div><\/div><div class=\"fg-item fg-type-image fg-idle\"><figure class=\"fg-item-inner\"><a href=\"https:\/\/fotosyviajes.es\/wp-content\/uploads\/2020\/12\/Las-Batuecas-391.jpg\" data-attachment-id=\"716\" data-type=\"image\" class=\"fg-thumb\"><span class=\"fg-image-wrap\"><img decoding=\"async\" width=\"125\" height=\"125\" class=\"skip-lazy fg-image\" data-src-fg=\"https:\/\/fotosyviajes.es\/wp-content\/uploads\/cache\/2020\/12\/Las-Batuecas-391\/651325999.jpg\" src=\"data:image\/svg+xml,%3Csvg%20xmlns%3D%22http%3A%2F%2Fwww.w3.org%2F2000%2Fsvg%22%20width%3D%22125%22%20height%3D%22125%22%20viewBox%3D%220%200%20125%20125%22%3E%3C%2Fsvg%3E\" loading=\"eager\"><\/span><span class=\"fg-image-overlay\"><\/span><\/a><\/figure><div class=\"fg-loader\"><\/div><\/div><div class=\"fg-item fg-type-image fg-idle\"><figure class=\"fg-item-inner\"><a href=\"https:\/\/fotosyviajes.es\/wp-content\/uploads\/2020\/12\/Las-Batuecas-323.jpeg\" data-attachment-id=\"715\" data-type=\"image\" class=\"fg-thumb\"><span class=\"fg-image-wrap\"><img decoding=\"async\" width=\"125\" height=\"125\" class=\"skip-lazy fg-image\" data-src-fg=\"https:\/\/fotosyviajes.es\/wp-content\/uploads\/cache\/2020\/12\/Las-Batuecas-323\/1517242538.jpeg\" src=\"data:image\/svg+xml,%3Csvg%20xmlns%3D%22http%3A%2F%2Fwww.w3.org%2F2000%2Fsvg%22%20width%3D%22125%22%20height%3D%22125%22%20viewBox%3D%220%200%20125%20125%22%3E%3C%2Fsvg%3E\" loading=\"eager\"><\/span><span class=\"fg-image-overlay\"><\/span><\/a><\/figure><div class=\"fg-loader\"><\/div><\/div><div class=\"fg-item fg-type-image fg-idle\"><figure class=\"fg-item-inner\"><a href=\"https:\/\/fotosyviajes.es\/wp-content\/uploads\/2020\/12\/Las-Batuecas-315.jpeg\" data-attachment-id=\"714\" data-type=\"image\" class=\"fg-thumb\"><span class=\"fg-image-wrap\"><img decoding=\"async\" width=\"125\" height=\"125\" class=\"skip-lazy fg-image\" data-src-fg=\"https:\/\/fotosyviajes.es\/wp-content\/uploads\/cache\/2020\/12\/Las-Batuecas-315\/2548594832.jpeg\" src=\"data:image\/svg+xml,%3Csvg%20xmlns%3D%22http%3A%2F%2Fwww.w3.org%2F2000%2Fsvg%22%20width%3D%22125%22%20height%3D%22125%22%20viewBox%3D%220%200%20125%20125%22%3E%3C%2Fsvg%3E\" loading=\"eager\"><\/span><span class=\"fg-image-overlay\"><\/span><\/a><\/figure><div class=\"fg-loader\"><\/div><\/div><div class=\"fg-item fg-type-image fg-idle\"><figure class=\"fg-item-inner\"><a href=\"https:\/\/fotosyviajes.es\/wp-content\/uploads\/2020\/12\/Las-Batuecas-289.jpg\" data-attachment-id=\"713\" data-type=\"image\" class=\"fg-thumb\"><span class=\"fg-image-wrap\"><img decoding=\"async\" width=\"125\" height=\"125\" class=\"skip-lazy fg-image\" data-src-fg=\"https:\/\/fotosyviajes.es\/wp-content\/uploads\/cache\/2020\/12\/Las-Batuecas-289\/1889268303.jpg\" src=\"data:image\/svg+xml,%3Csvg%20xmlns%3D%22http%3A%2F%2Fwww.w3.org%2F2000%2Fsvg%22%20width%3D%22125%22%20height%3D%22125%22%20viewBox%3D%220%200%20125%20125%22%3E%3C%2Fsvg%3E\" loading=\"eager\"><\/span><span class=\"fg-image-overlay\"><\/span><\/a><\/figure><div class=\"fg-loader\"><\/div><\/div><div class=\"fg-item fg-type-image fg-idle\"><figure class=\"fg-item-inner\"><a href=\"https:\/\/fotosyviajes.es\/wp-content\/uploads\/2020\/12\/Las-Batuecas-265.jpeg\" data-attachment-id=\"712\" data-type=\"image\" class=\"fg-thumb\"><span class=\"fg-image-wrap\"><img decoding=\"async\" width=\"125\" height=\"125\" class=\"skip-lazy fg-image\" data-src-fg=\"https:\/\/fotosyviajes.es\/wp-content\/uploads\/cache\/2020\/12\/Las-Batuecas-265\/2452985282.jpeg\" src=\"data:image\/svg+xml,%3Csvg%20xmlns%3D%22http%3A%2F%2Fwww.w3.org%2F2000%2Fsvg%22%20width%3D%22125%22%20height%3D%22125%22%20viewBox%3D%220%200%20125%20125%22%3E%3C%2Fsvg%3E\" loading=\"eager\"><\/span><span class=\"fg-image-overlay\"><\/span><\/a><\/figure><div class=\"fg-loader\"><\/div><\/div><div class=\"fg-item fg-type-image fg-idle\"><figure class=\"fg-item-inner\"><a href=\"https:\/\/fotosyviajes.es\/wp-content\/uploads\/2020\/12\/Las-Batuecas-258.jpg\" data-attachment-id=\"711\" data-type=\"image\" class=\"fg-thumb\"><span class=\"fg-image-wrap\"><img decoding=\"async\" width=\"125\" height=\"125\" class=\"skip-lazy fg-image\" data-src-fg=\"https:\/\/fotosyviajes.es\/wp-content\/uploads\/cache\/2020\/12\/Las-Batuecas-258\/3383110313.jpg\" src=\"data:image\/svg+xml,%3Csvg%20xmlns%3D%22http%3A%2F%2Fwww.w3.org%2F2000%2Fsvg%22%20width%3D%22125%22%20height%3D%22125%22%20viewBox%3D%220%200%20125%20125%22%3E%3C%2Fsvg%3E\" loading=\"eager\"><\/span><span class=\"fg-image-overlay\"><\/span><\/a><\/figure><div class=\"fg-loader\"><\/div><\/div><div class=\"fg-item fg-type-image fg-idle\"><figure class=\"fg-item-inner\"><a href=\"https:\/\/fotosyviajes.es\/wp-content\/uploads\/2020\/12\/Las-Batuecas-225-scaled.jpg\" data-attachment-id=\"710\" data-type=\"image\" class=\"fg-thumb\"><span class=\"fg-image-wrap\"><img decoding=\"async\" width=\"125\" height=\"125\" class=\"skip-lazy fg-image\" data-src-fg=\"https:\/\/fotosyviajes.es\/wp-content\/uploads\/cache\/2020\/12\/Las-Batuecas-225-scaled\/2317726915.jpg\" src=\"data:image\/svg+xml,%3Csvg%20xmlns%3D%22http%3A%2F%2Fwww.w3.org%2F2000%2Fsvg%22%20width%3D%22125%22%20height%3D%22125%22%20viewBox%3D%220%200%20125%20125%22%3E%3C%2Fsvg%3E\" loading=\"eager\"><\/span><span class=\"fg-image-overlay\"><\/span><\/a><\/figure><div class=\"fg-loader\"><\/div><\/div><div class=\"fg-item fg-type-image fg-idle\"><figure class=\"fg-item-inner\"><a href=\"https:\/\/fotosyviajes.es\/wp-content\/uploads\/2020\/12\/Las-Batuecas-214.jpeg\" data-attachment-id=\"709\" data-type=\"image\" class=\"fg-thumb\"><span class=\"fg-image-wrap\"><img decoding=\"async\" width=\"125\" height=\"125\" class=\"skip-lazy fg-image\" data-src-fg=\"https:\/\/fotosyviajes.es\/wp-content\/uploads\/cache\/2020\/12\/Las-Batuecas-214\/194271922.jpeg\" src=\"data:image\/svg+xml,%3Csvg%20xmlns%3D%22http%3A%2F%2Fwww.w3.org%2F2000%2Fsvg%22%20width%3D%22125%22%20height%3D%22125%22%20viewBox%3D%220%200%20125%20125%22%3E%3C%2Fsvg%3E\" loading=\"eager\"><\/span><span class=\"fg-image-overlay\"><\/span><\/a><\/figure><div class=\"fg-loader\"><\/div><\/div><div class=\"fg-item fg-type-image fg-idle\"><figure class=\"fg-item-inner\"><a href=\"https:\/\/fotosyviajes.es\/wp-content\/uploads\/2020\/12\/Las-Batuecas-212.jpg\" data-attachment-id=\"708\" data-type=\"image\" class=\"fg-thumb\"><span class=\"fg-image-wrap\"><img decoding=\"async\" width=\"125\" height=\"125\" class=\"skip-lazy fg-image\" data-src-fg=\"https:\/\/fotosyviajes.es\/wp-content\/uploads\/cache\/2020\/12\/Las-Batuecas-212\/2164784918.jpg\" src=\"data:image\/svg+xml,%3Csvg%20xmlns%3D%22http%3A%2F%2Fwww.w3.org%2F2000%2Fsvg%22%20width%3D%22125%22%20height%3D%22125%22%20viewBox%3D%220%200%20125%20125%22%3E%3C%2Fsvg%3E\" loading=\"eager\"><\/span><span class=\"fg-image-overlay\"><\/span><\/a><\/figure><div class=\"fg-loader\"><\/div><\/div><div class=\"fg-item fg-type-image fg-idle\"><figure class=\"fg-item-inner\"><a href=\"https:\/\/fotosyviajes.es\/wp-content\/uploads\/2020\/12\/Las-Batuecas-200.jpg\" data-attachment-id=\"707\" data-type=\"image\" class=\"fg-thumb\"><span class=\"fg-image-wrap\"><img decoding=\"async\" width=\"125\" height=\"125\" class=\"skip-lazy fg-image\" data-src-fg=\"https:\/\/fotosyviajes.es\/wp-content\/uploads\/cache\/2020\/12\/Las-Batuecas-200\/1399308752.jpg\" src=\"data:image\/svg+xml,%3Csvg%20xmlns%3D%22http%3A%2F%2Fwww.w3.org%2F2000%2Fsvg%22%20width%3D%22125%22%20height%3D%22125%22%20viewBox%3D%220%200%20125%20125%22%3E%3C%2Fsvg%3E\" loading=\"eager\"><\/span><span class=\"fg-image-overlay\"><\/span><\/a><\/figure><div class=\"fg-loader\"><\/div><\/div><div class=\"fg-item fg-type-image fg-idle\"><figure class=\"fg-item-inner\"><a href=\"https:\/\/fotosyviajes.es\/wp-content\/uploads\/2020\/12\/Las-Batuecas-190.jpg\" data-attachment-id=\"706\" data-type=\"image\" class=\"fg-thumb\"><span class=\"fg-image-wrap\"><img decoding=\"async\" width=\"125\" height=\"125\" class=\"skip-lazy fg-image\" data-src-fg=\"https:\/\/fotosyviajes.es\/wp-content\/uploads\/cache\/2020\/12\/Las-Batuecas-190\/3139915839.jpg\" src=\"data:image\/svg+xml,%3Csvg%20xmlns%3D%22http%3A%2F%2Fwww.w3.org%2F2000%2Fsvg%22%20width%3D%22125%22%20height%3D%22125%22%20viewBox%3D%220%200%20125%20125%22%3E%3C%2Fsvg%3E\" loading=\"eager\"><\/span><span class=\"fg-image-overlay\"><\/span><\/a><\/figure><div class=\"fg-loader\"><\/div><\/div><div class=\"fg-item fg-type-image fg-idle\"><figure class=\"fg-item-inner\"><a href=\"https:\/\/fotosyviajes.es\/wp-content\/uploads\/2020\/12\/Las-Batuecas-160.jpeg\" data-attachment-id=\"705\" data-type=\"image\" class=\"fg-thumb\"><span class=\"fg-image-wrap\"><img decoding=\"async\" width=\"125\" height=\"125\" class=\"skip-lazy fg-image\" data-src-fg=\"https:\/\/fotosyviajes.es\/wp-content\/uploads\/cache\/2020\/12\/Las-Batuecas-160\/1616389392.jpeg\" src=\"data:image\/svg+xml,%3Csvg%20xmlns%3D%22http%3A%2F%2Fwww.w3.org%2F2000%2Fsvg%22%20width%3D%22125%22%20height%3D%22125%22%20viewBox%3D%220%200%20125%20125%22%3E%3C%2Fsvg%3E\" loading=\"eager\"><\/span><span class=\"fg-image-overlay\"><\/span><\/a><\/figure><div class=\"fg-loader\"><\/div><\/div><div class=\"fg-item fg-type-image fg-idle\"><figure class=\"fg-item-inner\"><a href=\"https:\/\/fotosyviajes.es\/wp-content\/uploads\/2020\/12\/Las-Batuecas-135.jpeg\" data-attachment-id=\"704\" data-type=\"image\" class=\"fg-thumb\"><span class=\"fg-image-wrap\"><img decoding=\"async\" width=\"125\" height=\"125\" class=\"skip-lazy fg-image\" data-src-fg=\"https:\/\/fotosyviajes.es\/wp-content\/uploads\/cache\/2020\/12\/Las-Batuecas-135\/2571917736.jpeg\" src=\"data:image\/svg+xml,%3Csvg%20xmlns%3D%22http%3A%2F%2Fwww.w3.org%2F2000%2Fsvg%22%20width%3D%22125%22%20height%3D%22125%22%20viewBox%3D%220%200%20125%20125%22%3E%3C%2Fsvg%3E\" loading=\"eager\"><\/span><span class=\"fg-image-overlay\"><\/span><\/a><\/figure><div class=\"fg-loader\"><\/div><\/div><div class=\"fg-item fg-type-image fg-idle\"><figure class=\"fg-item-inner\"><a href=\"https:\/\/fotosyviajes.es\/wp-content\/uploads\/2020\/12\/Las-Batuecas-116.jpeg\" data-attachment-id=\"703\" data-type=\"image\" class=\"fg-thumb\"><span class=\"fg-image-wrap\"><img decoding=\"async\" width=\"125\" height=\"125\" class=\"skip-lazy fg-image\" data-src-fg=\"https:\/\/fotosyviajes.es\/wp-content\/uploads\/cache\/2020\/12\/Las-Batuecas-116\/3608243720.jpeg\" src=\"data:image\/svg+xml,%3Csvg%20xmlns%3D%22http%3A%2F%2Fwww.w3.org%2F2000%2Fsvg%22%20width%3D%22125%22%20height%3D%22125%22%20viewBox%3D%220%200%20125%20125%22%3E%3C%2Fsvg%3E\" loading=\"eager\"><\/span><span class=\"fg-image-overlay\"><\/span><\/a><\/figure><div class=\"fg-loader\"><\/div><\/div><div class=\"fg-item fg-type-image fg-idle\"><figure class=\"fg-item-inner\"><a href=\"https:\/\/fotosyviajes.es\/wp-content\/uploads\/2020\/12\/Las-Batuecas-101.jpeg\" data-attachment-id=\"702\" data-type=\"image\" class=\"fg-thumb\"><span class=\"fg-image-wrap\"><img decoding=\"async\" width=\"125\" height=\"125\" class=\"skip-lazy fg-image\" data-src-fg=\"https:\/\/fotosyviajes.es\/wp-content\/uploads\/cache\/2020\/12\/Las-Batuecas-101\/152607308.jpeg\" src=\"data:image\/svg+xml,%3Csvg%20xmlns%3D%22http%3A%2F%2Fwww.w3.org%2F2000%2Fsvg%22%20width%3D%22125%22%20height%3D%22125%22%20viewBox%3D%220%200%20125%20125%22%3E%3C%2Fsvg%3E\" loading=\"eager\"><\/span><span class=\"fg-image-overlay\"><\/span><\/a><\/figure><div class=\"fg-loader\"><\/div><\/div><div class=\"fg-item fg-type-image fg-idle\"><figure class=\"fg-item-inner\"><a href=\"https:\/\/fotosyviajes.es\/wp-content\/uploads\/2020\/12\/Las-Batuecas-095.jpeg\" data-attachment-id=\"701\" data-type=\"image\" class=\"fg-thumb\"><span class=\"fg-image-wrap\"><img decoding=\"async\" width=\"125\" height=\"125\" class=\"skip-lazy fg-image\" data-src-fg=\"https:\/\/fotosyviajes.es\/wp-content\/uploads\/cache\/2020\/12\/Las-Batuecas-095\/2542807199.jpeg\" src=\"data:image\/svg+xml,%3Csvg%20xmlns%3D%22http%3A%2F%2Fwww.w3.org%2F2000%2Fsvg%22%20width%3D%22125%22%20height%3D%22125%22%20viewBox%3D%220%200%20125%20125%22%3E%3C%2Fsvg%3E\" loading=\"eager\"><\/span><span class=\"fg-image-overlay\"><\/span><\/a><\/figure><div class=\"fg-loader\"><\/div><\/div><div class=\"fg-item fg-type-image fg-idle\"><figure class=\"fg-item-inner\"><a href=\"https:\/\/fotosyviajes.es\/wp-content\/uploads\/2020\/12\/Las-Batuecas-093.jpeg\" data-attachment-id=\"700\" data-type=\"image\" class=\"fg-thumb\"><span class=\"fg-image-wrap\"><img decoding=\"async\" width=\"125\" height=\"125\" class=\"skip-lazy fg-image\" data-src-fg=\"https:\/\/fotosyviajes.es\/wp-content\/uploads\/cache\/2020\/12\/Las-Batuecas-093\/2971706278.jpeg\" src=\"data:image\/svg+xml,%3Csvg%20xmlns%3D%22http%3A%2F%2Fwww.w3.org%2F2000%2Fsvg%22%20width%3D%22125%22%20height%3D%22125%22%20viewBox%3D%220%200%20125%20125%22%3E%3C%2Fsvg%3E\" loading=\"eager\"><\/span><span class=\"fg-image-overlay\"><\/span><\/a><\/figure><div class=\"fg-loader\"><\/div><\/div><div class=\"fg-item fg-type-image fg-idle\"><figure class=\"fg-item-inner\"><a href=\"https:\/\/fotosyviajes.es\/wp-content\/uploads\/2020\/12\/Las-Batuecas-072.jpeg\" data-attachment-id=\"699\" data-type=\"image\" class=\"fg-thumb\"><span class=\"fg-image-wrap\"><img decoding=\"async\" width=\"125\" height=\"125\" class=\"skip-lazy fg-image\" data-src-fg=\"https:\/\/fotosyviajes.es\/wp-content\/uploads\/cache\/2020\/12\/Las-Batuecas-072\/535025016.jpeg\" src=\"data:image\/svg+xml,%3Csvg%20xmlns%3D%22http%3A%2F%2Fwww.w3.org%2F2000%2Fsvg%22%20width%3D%22125%22%20height%3D%22125%22%20viewBox%3D%220%200%20125%20125%22%3E%3C%2Fsvg%3E\" loading=\"eager\"><\/span><span class=\"fg-image-overlay\"><\/span><\/a><\/figure><div class=\"fg-loader\"><\/div><\/div><div class=\"fg-item fg-type-image fg-idle\"><figure class=\"fg-item-inner\"><a href=\"https:\/\/fotosyviajes.es\/wp-content\/uploads\/2020\/12\/Las-Batuecas-002.jpeg\" data-attachment-id=\"698\" data-type=\"image\" class=\"fg-thumb\"><span class=\"fg-image-wrap\"><img decoding=\"async\" width=\"125\" height=\"125\" class=\"skip-lazy fg-image\" data-src-fg=\"https:\/\/fotosyviajes.es\/wp-content\/uploads\/cache\/2020\/12\/Las-Batuecas-002\/2828352690.jpeg\" src=\"data:image\/svg+xml,%3Csvg%20xmlns%3D%22http%3A%2F%2Fwww.w3.org%2F2000%2Fsvg%22%20width%3D%22125%22%20height%3D%22125%22%20viewBox%3D%220%200%20125%20125%22%3E%3C%2Fsvg%3E\" loading=\"eager\"><\/span><span class=\"fg-image-overlay\"><\/span><\/a><\/figure><div class=\"fg-loader\"><\/div><\/div><\/div>\n","protected":false},"excerpt":{"rendered":"<p>\u00a1Hola, aventureros! Si est\u00e1s leyendo esto, es porque has decidido acompa\u00f1arnos en este emocionante viaje que emprendimos a bordo de nuestra fiel autocaravana. Las Batuecas nos estaban esperando con sus paisajes llenos de magia, secretos y esa sensaci\u00f3n de libertad que solo se siente cuando la carretera se extiende ante ti. Imagina despertarte cada ma\u00f1ana &hellip; <a href=\"https:\/\/fotosyviajes.es\/index.php\/acerca-de\/escapadas\/las-batuecas\/\" class=\"more-link\">Seguir leyendo <span class=\"screen-reader-text\">Las Batuecas<\/span> <span class=\"meta-nav\">&rarr;<\/span><\/a><\/p>\n","protected":false},"author":1,"featured_media":711,"parent":45,"menu_order":0,"comment_status":"closed","ping_status":"closed","template":"","meta":{"footnotes":""},"class_list":["post-722","page","type-page","status-publish","has-post-thumbnail","hentry"],"_links":{"self":[{"href":"https:\/\/fotosyviajes.es\/index.php\/wp-json\/wp\/v2\/pages\/722","targetHints":{"allow":["GET"]}}],"collection":[{"href":"https:\/\/fotosyviajes.es\/index.php\/wp-json\/wp\/v2\/pages"}],"about":[{"href":"https:\/\/fotosyviajes.es\/index.php\/wp-json\/wp\/v2\/types\/page"}],"author":[{"embeddable":true,"href":"https:\/\/fotosyviajes.es\/index.php\/wp-json\/wp\/v2\/users\/1"}],"replies":[{"embeddable":true,"href":"https:\/\/fotosyviajes.es\/index.php\/wp-json\/wp\/v2\/comments?post=722"}],"version-history":[{"count":17,"href":"https:\/\/fotosyviajes.es\/index.php\/wp-json\/wp\/v2\/pages\/722\/revisions"}],"predecessor-version":[{"id":1576,"href":"https:\/\/fotosyviajes.es\/index.php\/wp-json\/wp\/v2\/pages\/722\/revisions\/1576"}],"up":[{"embeddable":true,"href":"https:\/\/fotosyviajes.es\/index.php\/wp-json\/wp\/v2\/pages\/45"}],"wp:featuredmedia":[{"embeddable":true,"href":"https:\/\/fotosyviajes.es\/index.php\/wp-json\/wp\/v2\/media\/711"}],"wp:attachment":[{"href":"https:\/\/fotosyviajes.es\/index.php\/wp-json\/wp\/v2\/media?parent=722"}],"curies":[{"name":"wp","href":"https:\/\/api.w.org\/{rel}","templated":true}]}}