{"id":775,"date":"2021-01-08T13:57:17","date_gmt":"2021-01-08T13:57:17","guid":{"rendered":"https:\/\/fotosyviajes.es\/?page_id=775"},"modified":"2025-11-13T18:04:54","modified_gmt":"2025-11-13T18:04:54","slug":"cuenca-provincia","status":"publish","type":"page","link":"https:\/\/fotosyviajes.es\/index.php\/acerca-de\/escapadas\/cuenca-provincia\/","title":{"rendered":"Cuenca provincia"},"content":{"rendered":"\n<p>Cuando decidimos emprender un viaje en autocaravana por la provincia de Cuenca, sab\u00edamos que \u00edbamos a vivir una aventura \u00fanica, pero nunca imaginamos que ser\u00eda tan enriquecedora. Con cada kil\u00f3metro recorrido, el paisaje se transformaba, como si la provincia misma nos susurrara secretos guardados en sus monta\u00f1as, r\u00edos y pueblos pintorescos.<\/p>\n\n\n\n<p>Esta web de fotos es un homenaje a esos d\u00edas de libertad sobre ruedas, donde cada parada nos regal\u00f3 un nuevo descubrimiento. Desde las impresionantes formaciones geol\u00f3gicas de la Ciudad Encantada hasta la paz que se respira en los peque\u00f1os pueblos con encanto, cada imagen captura un instante que vale la pena compartir.<\/p>\n\n\n\n<p>A lo largo de esta traves\u00eda, nos re\u00edmos, exploramos y disfrutamos de la gastronom\u00eda local, convirtiendo cada comida en una celebraci\u00f3n. Las risas y las an\u00e9cdotas se entrelazaban con el sonido del motor y el crujir de la naturaleza que nos rodeaba. Y aunque al principio nos sentimos novatos en el arte de viajar en autocaravana, pronto nos convertimos en expertos en abrir una botella de vino mientras observamos el atardecer desde el campamento.<\/p>\n\n\n\n<p>Esperamos que estas p\u00e1ginas te transporten a nuestras vivencias, que te hagan sentir el viento en tu rostro y te inspiren a emprender tu propia aventura. As\u00ed que, prepara tus maletas, ajusta tu sombrero y acomp\u00e1\u00f1anos en este recorrido visual por una provincia llena de magia y encanto. \u00a1Vamos a rodar juntos!<\/p>\n\n\n\n<ul class=\"wp-block-list\">\n<li><a href=\"https:\/\/ayuntamientoalarcon.es\/turismo\/\">Alarc\u00f3n<\/a> <a href=\"https:\/\/maps.app.goo.gl\/VniaUExgypM4TYhVA\"><img loading=\"lazy\" decoding=\"async\" width=\"30\" height=\"20\" class=\"wp-image-280\" style=\"width: 30px;\" src=\"https:\/\/fotosyviajes.es\/wp-content\/uploads\/2020\/04\/maps-e1588002594737.jpg\" alt=\"\"><\/a><a href=\"https:\/\/maps.app.goo.gl\/wKhoME6Ena2XVeVC6\"><img loading=\"lazy\" decoding=\"async\" width=\"22\" height=\"22\" class=\"wp-image-757\" style=\"width: 22px;\" src=\"https:\/\/fotosyviajes.es\/wp-content\/uploads\/2020\/12\/Parking.png\" alt=\"\"><\/a><\/li>\n\n\n\n<li><a href=\"https:\/\/www.sanclemente.es\/oficina-de-turismo\/\">San Clemente<\/a> <a href=\"https:\/\/goo.gl\/maps\/U3RAyE6ky6cuiJVp8\"><img loading=\"lazy\" decoding=\"async\" width=\"30\" height=\"20\" class=\"wp-image-280\" style=\"width: 30px;\" src=\"https:\/\/fotosyviajes.es\/wp-content\/uploads\/2020\/04\/maps-e1588002594737.jpg\" alt=\"\"><\/a><a href=\"https:\/\/maps.app.goo.gl\/DTUJd5SJhfkh7Gfz9\"><img loading=\"lazy\" decoding=\"async\" width=\"24\" height=\"24\" class=\"wp-image-42\" style=\"width: 24px;\" src=\"https:\/\/fotosyviajes.es\/wp-content\/uploads\/2020\/04\/pngocean.com_.png\" alt=\"\" srcset=\"https:\/\/fotosyviajes.es\/wp-content\/uploads\/2020\/04\/pngocean.com_.png 540w, https:\/\/fotosyviajes.es\/wp-content\/uploads\/2020\/04\/pngocean.com_-300x300.png 300w, https:\/\/fotosyviajes.es\/wp-content\/uploads\/2020\/04\/pngocean.com_-150x150.png 150w\" sizes=\"auto, (max-width: 24px) 100vw, 24px\" \/><\/a><\/li>\n\n\n\n<li><a href=\"https:\/\/www.sisante.es\/turismo\/\">Sisante <\/a> <a href=\"https:\/\/maps.app.goo.gl\/NxkfHeCV2JxWFVyw7\"><img loading=\"lazy\" decoding=\"async\" width=\"20\" height=\"23\" class=\"wp-image-293\" style=\"width: 20px;\" src=\"https:\/\/fotosyviajes.es\/wp-content\/uploads\/2020\/04\/maps_p.gif\" alt=\"Maps\"><\/a>  <\/li>\n\n\n\n<li><a href=\"https:\/\/www.castillogarcimunoz.es\/turismo\/\">Castillo de Garcimu\u00f1oz<\/a>  <a href=\"https:\/\/maps.app.goo.gl\/iopQ1v9BNpRGSZ279\"><img loading=\"lazy\" decoding=\"async\" width=\"20\" height=\"23\" class=\"wp-image-293\" style=\"width: 20px;\" src=\"https:\/\/fotosyviajes.es\/wp-content\/uploads\/2020\/04\/maps_p.gif\" alt=\"Maps\"><\/a>  <a href=\"https:\/\/maps.app.goo.gl\/iU8fjvCpQjbxpR4d9\"><img loading=\"lazy\" decoding=\"async\" width=\"24\" height=\"24\" class=\"wp-image-42\" style=\"width: 24px;\" src=\"https:\/\/fotosyviajes.es\/wp-content\/uploads\/2020\/04\/pngocean.com_.png\" alt=\"\" srcset=\"https:\/\/fotosyviajes.es\/wp-content\/uploads\/2020\/04\/pngocean.com_.png 540w, https:\/\/fotosyviajes.es\/wp-content\/uploads\/2020\/04\/pngocean.com_-300x300.png 300w, https:\/\/fotosyviajes.es\/wp-content\/uploads\/2020\/04\/pngocean.com_-150x150.png 150w\" sizes=\"auto, (max-width: 24px) 100vw, 24px\" \/><\/a>  <\/li>\n\n\n\n<li><a href=\"https:\/\/ucles.es\/turismo\/\">Monasterio de Ucl\u00e9s<\/a>  <a href=\"https:\/\/maps.app.goo.gl\/P4NA6oQm4bLg5ad78\"><img loading=\"lazy\" decoding=\"async\" width=\"20\" height=\"23\" class=\"wp-image-293\" style=\"width: 20px;\" src=\"https:\/\/fotosyviajes.es\/wp-content\/uploads\/2020\/04\/maps_p.gif\" alt=\"Maps\"><\/a> <a href=\"https:\/\/maps.app.goo.gl\/bY5StXFKwohkGxaJA\"> <img loading=\"lazy\" decoding=\"async\" width=\"24\" height=\"24\" class=\"wp-image-42\" style=\"width: 24px;\" src=\"https:\/\/fotosyviajes.es\/wp-content\/uploads\/2020\/04\/pngocean.com_.png\" alt=\"\" srcset=\"https:\/\/fotosyviajes.es\/wp-content\/uploads\/2020\/04\/pngocean.com_.png 540w, https:\/\/fotosyviajes.es\/wp-content\/uploads\/2020\/04\/pngocean.com_-300x300.png 300w, https:\/\/fotosyviajes.es\/wp-content\/uploads\/2020\/04\/pngocean.com_-150x150.png 150w\" sizes=\"auto, (max-width: 24px) 100vw, 24px\" \/><\/a><\/li>\n<\/ul>\n\n\n\n<p><\/p>\n\n\n<style type=\"text\/css\">\n#foogallery-gallery-778 .fg-image { width: 125px; }\n#foogallery-gallery-778 { --fg-gutter: 10px; }<\/style>\n\t\t\t<div class=\"foogallery foogallery-container foogallery-default foogallery-lightbox-foobox fg-center fg-default fg-ready fg-light fg-border-thin fg-shadow-outline fg-loading-default fg-loaded-fade-in fg-caption-hover fg-hover-fade fg-hover-zoom\" id=\"foogallery-gallery-778\" data-foogallery=\"{&quot;item&quot;:{&quot;showCaptionTitle&quot;:true,&quot;showCaptionDescription&quot;:true},&quot;lazy&quot;:true}\" style=\"--fg-title-line-clamp: 0; --fg-description-line-clamp: 0;\" >\n\t<div class=\"fg-item fg-type-image fg-idle\"><figure class=\"fg-item-inner\"><a href=\"https:\/\/fotosyviajes.es\/wp-content\/uploads\/2021\/01\/Cuenca-provincia-mapa.png\" data-attachment-id=\"782\" data-type=\"image\" class=\"fg-thumb\"><span class=\"fg-image-wrap\"><img decoding=\"async\" width=\"125\" height=\"125\" class=\"skip-lazy fg-image\" data-src-fg=\"https:\/\/fotosyviajes.es\/wp-content\/uploads\/cache\/2021\/01\/Cuenca-provincia-mapa\/3317423125.png\" src=\"data:image\/svg+xml,%3Csvg%20xmlns%3D%22http%3A%2F%2Fwww.w3.org%2F2000%2Fsvg%22%20width%3D%22125%22%20height%3D%22125%22%20viewBox%3D%220%200%20125%20125%22%3E%3C%2Fsvg%3E\" loading=\"eager\"><\/span><span class=\"fg-image-overlay\"><\/span><\/a><\/figure><div class=\"fg-loader\"><\/div><\/div><div class=\"fg-item fg-type-image fg-idle\"><figure class=\"fg-item-inner\"><a href=\"https:\/\/fotosyviajes.es\/wp-content\/uploads\/2021\/01\/Cuenca-093.jpeg\" data-attachment-id=\"763\" data-type=\"image\" class=\"fg-thumb\"><span class=\"fg-image-wrap\"><img decoding=\"async\" width=\"125\" height=\"125\" class=\"skip-lazy fg-image\" data-src-fg=\"https:\/\/fotosyviajes.es\/wp-content\/uploads\/cache\/2021\/01\/Cuenca-093\/4070712559.jpeg\" src=\"data:image\/svg+xml,%3Csvg%20xmlns%3D%22http%3A%2F%2Fwww.w3.org%2F2000%2Fsvg%22%20width%3D%22125%22%20height%3D%22125%22%20viewBox%3D%220%200%20125%20125%22%3E%3C%2Fsvg%3E\" loading=\"eager\"><\/span><span class=\"fg-image-overlay\"><\/span><\/a><\/figure><div class=\"fg-loader\"><\/div><\/div><div class=\"fg-item fg-type-image fg-idle\"><figure class=\"fg-item-inner\"><a href=\"https:\/\/fotosyviajes.es\/wp-content\/uploads\/2021\/01\/Cuenca-094.jpeg\" data-attachment-id=\"764\" data-type=\"image\" class=\"fg-thumb\"><span class=\"fg-image-wrap\"><img decoding=\"async\" width=\"125\" height=\"125\" class=\"skip-lazy fg-image\" data-src-fg=\"https:\/\/fotosyviajes.es\/wp-content\/uploads\/cache\/2021\/01\/Cuenca-094\/2054464037.jpeg\" src=\"data:image\/svg+xml,%3Csvg%20xmlns%3D%22http%3A%2F%2Fwww.w3.org%2F2000%2Fsvg%22%20width%3D%22125%22%20height%3D%22125%22%20viewBox%3D%220%200%20125%20125%22%3E%3C%2Fsvg%3E\" loading=\"eager\"><\/span><span class=\"fg-image-overlay\"><\/span><\/a><\/figure><div class=\"fg-loader\"><\/div><\/div><div class=\"fg-item fg-type-image fg-idle\"><figure class=\"fg-item-inner\"><a href=\"https:\/\/fotosyviajes.es\/wp-content\/uploads\/2021\/01\/Cuenca-102.jpeg\" data-attachment-id=\"765\" data-type=\"image\" class=\"fg-thumb\"><span class=\"fg-image-wrap\"><img decoding=\"async\" width=\"125\" height=\"125\" class=\"skip-lazy fg-image\" data-src-fg=\"https:\/\/fotosyviajes.es\/wp-content\/uploads\/cache\/2021\/01\/Cuenca-102\/1392688083.jpeg\" src=\"data:image\/svg+xml,%3Csvg%20xmlns%3D%22http%3A%2F%2Fwww.w3.org%2F2000%2Fsvg%22%20width%3D%22125%22%20height%3D%22125%22%20viewBox%3D%220%200%20125%20125%22%3E%3C%2Fsvg%3E\" loading=\"eager\"><\/span><span class=\"fg-image-overlay\"><\/span><\/a><\/figure><div class=\"fg-loader\"><\/div><\/div><div class=\"fg-item fg-type-image fg-idle\"><figure class=\"fg-item-inner\"><a href=\"https:\/\/fotosyviajes.es\/wp-content\/uploads\/2021\/01\/Cuenca-116.jpeg\" data-attachment-id=\"766\" data-type=\"image\" class=\"fg-thumb\"><span class=\"fg-image-wrap\"><img decoding=\"async\" width=\"125\" height=\"125\" class=\"skip-lazy fg-image\" data-src-fg=\"https:\/\/fotosyviajes.es\/wp-content\/uploads\/cache\/2021\/01\/Cuenca-116\/1228160379.jpeg\" src=\"data:image\/svg+xml,%3Csvg%20xmlns%3D%22http%3A%2F%2Fwww.w3.org%2F2000%2Fsvg%22%20width%3D%22125%22%20height%3D%22125%22%20viewBox%3D%220%200%20125%20125%22%3E%3C%2Fsvg%3E\" loading=\"eager\"><\/span><span class=\"fg-image-overlay\"><\/span><\/a><\/figure><div class=\"fg-loader\"><\/div><\/div><div class=\"fg-item fg-type-image fg-idle\"><figure class=\"fg-item-inner\"><a href=\"https:\/\/fotosyviajes.es\/wp-content\/uploads\/2021\/01\/Cuenca-127.jpeg\" data-attachment-id=\"767\" data-type=\"image\" class=\"fg-thumb\"><span class=\"fg-image-wrap\"><img decoding=\"async\" width=\"125\" height=\"125\" class=\"skip-lazy fg-image\" data-src-fg=\"https:\/\/fotosyviajes.es\/wp-content\/uploads\/cache\/2021\/01\/Cuenca-127\/3532588621.jpeg\" src=\"data:image\/svg+xml,%3Csvg%20xmlns%3D%22http%3A%2F%2Fwww.w3.org%2F2000%2Fsvg%22%20width%3D%22125%22%20height%3D%22125%22%20viewBox%3D%220%200%20125%20125%22%3E%3C%2Fsvg%3E\" loading=\"eager\"><\/span><span class=\"fg-image-overlay\"><\/span><\/a><\/figure><div class=\"fg-loader\"><\/div><\/div><div class=\"fg-item fg-type-image fg-idle\"><figure class=\"fg-item-inner\"><a href=\"https:\/\/fotosyviajes.es\/wp-content\/uploads\/2021\/01\/Cuenca-158.jpeg\" data-attachment-id=\"768\" data-type=\"image\" class=\"fg-thumb\"><span class=\"fg-image-wrap\"><img decoding=\"async\" width=\"125\" height=\"125\" class=\"skip-lazy fg-image\" data-src-fg=\"https:\/\/fotosyviajes.es\/wp-content\/uploads\/cache\/2021\/01\/Cuenca-158\/2315491028.jpeg\" src=\"data:image\/svg+xml,%3Csvg%20xmlns%3D%22http%3A%2F%2Fwww.w3.org%2F2000%2Fsvg%22%20width%3D%22125%22%20height%3D%22125%22%20viewBox%3D%220%200%20125%20125%22%3E%3C%2Fsvg%3E\" loading=\"eager\"><\/span><span class=\"fg-image-overlay\"><\/span><\/a><\/figure><div class=\"fg-loader\"><\/div><\/div><div class=\"fg-item fg-type-image fg-idle\"><figure class=\"fg-item-inner\"><a href=\"https:\/\/fotosyviajes.es\/wp-content\/uploads\/2021\/01\/Cuenca-241.jpeg\" data-attachment-id=\"769\" data-type=\"image\" class=\"fg-thumb\"><span class=\"fg-image-wrap\"><img decoding=\"async\" width=\"125\" height=\"125\" class=\"skip-lazy fg-image\" data-src-fg=\"https:\/\/fotosyviajes.es\/wp-content\/uploads\/cache\/2021\/01\/Cuenca-241\/930593222.jpeg\" src=\"data:image\/svg+xml,%3Csvg%20xmlns%3D%22http%3A%2F%2Fwww.w3.org%2F2000%2Fsvg%22%20width%3D%22125%22%20height%3D%22125%22%20viewBox%3D%220%200%20125%20125%22%3E%3C%2Fsvg%3E\" loading=\"eager\"><\/span><span class=\"fg-image-overlay\"><\/span><\/a><\/figure><div class=\"fg-loader\"><\/div><\/div><div class=\"fg-item fg-type-image fg-idle\"><figure class=\"fg-item-inner\"><a href=\"https:\/\/fotosyviajes.es\/wp-content\/uploads\/2021\/01\/Cuenca-371.jpeg\" data-attachment-id=\"771\" data-type=\"image\" class=\"fg-thumb\"><span class=\"fg-image-wrap\"><img decoding=\"async\" width=\"125\" height=\"125\" class=\"skip-lazy fg-image\" data-src-fg=\"https:\/\/fotosyviajes.es\/wp-content\/uploads\/cache\/2021\/01\/Cuenca-371\/764498346.jpeg\" src=\"data:image\/svg+xml,%3Csvg%20xmlns%3D%22http%3A%2F%2Fwww.w3.org%2F2000%2Fsvg%22%20width%3D%22125%22%20height%3D%22125%22%20viewBox%3D%220%200%20125%20125%22%3E%3C%2Fsvg%3E\" loading=\"eager\"><\/span><span class=\"fg-image-overlay\"><\/span><\/a><\/figure><div class=\"fg-loader\"><\/div><\/div><div class=\"fg-item fg-type-image fg-idle\"><figure class=\"fg-item-inner\"><a href=\"https:\/\/fotosyviajes.es\/wp-content\/uploads\/2021\/01\/Cuenca-425.jpeg\" data-attachment-id=\"772\" data-type=\"image\" class=\"fg-thumb\"><span class=\"fg-image-wrap\"><img decoding=\"async\" width=\"125\" height=\"125\" class=\"skip-lazy fg-image\" data-src-fg=\"https:\/\/fotosyviajes.es\/wp-content\/uploads\/cache\/2021\/01\/Cuenca-425\/393700091.jpeg\" src=\"data:image\/svg+xml,%3Csvg%20xmlns%3D%22http%3A%2F%2Fwww.w3.org%2F2000%2Fsvg%22%20width%3D%22125%22%20height%3D%22125%22%20viewBox%3D%220%200%20125%20125%22%3E%3C%2Fsvg%3E\" loading=\"eager\"><\/span><span class=\"fg-image-overlay\"><\/span><\/a><\/figure><div class=\"fg-loader\"><\/div><\/div><div class=\"fg-item fg-type-image fg-idle\"><figure class=\"fg-item-inner\"><a href=\"https:\/\/fotosyviajes.es\/wp-content\/uploads\/2021\/01\/Cuenca-455.jpg\" data-attachment-id=\"773\" data-type=\"image\" class=\"fg-thumb\"><span class=\"fg-image-wrap\"><img decoding=\"async\" width=\"125\" height=\"125\" class=\"skip-lazy fg-image\" data-src-fg=\"https:\/\/fotosyviajes.es\/wp-content\/uploads\/cache\/2021\/01\/Cuenca-455\/745607959.jpg\" src=\"data:image\/svg+xml,%3Csvg%20xmlns%3D%22http%3A%2F%2Fwww.w3.org%2F2000%2Fsvg%22%20width%3D%22125%22%20height%3D%22125%22%20viewBox%3D%220%200%20125%20125%22%3E%3C%2Fsvg%3E\" loading=\"eager\"><\/span><span class=\"fg-image-overlay\"><\/span><\/a><\/figure><div class=\"fg-loader\"><\/div><\/div><div class=\"fg-item fg-type-image fg-idle\"><figure class=\"fg-item-inner\"><a href=\"https:\/\/fotosyviajes.es\/wp-content\/uploads\/2021\/01\/Cuenca-481.jpg\" data-attachment-id=\"774\" data-type=\"image\" class=\"fg-thumb\"><span class=\"fg-image-wrap\"><img decoding=\"async\" width=\"125\" height=\"125\" class=\"skip-lazy fg-image\" data-src-fg=\"https:\/\/fotosyviajes.es\/wp-content\/uploads\/cache\/2021\/01\/Cuenca-481\/2372788091.jpg\" src=\"data:image\/svg+xml,%3Csvg%20xmlns%3D%22http%3A%2F%2Fwww.w3.org%2F2000%2Fsvg%22%20width%3D%22125%22%20height%3D%22125%22%20viewBox%3D%220%200%20125%20125%22%3E%3C%2Fsvg%3E\" loading=\"eager\"><\/span><span class=\"fg-image-overlay\"><\/span><\/a><\/figure><div class=\"fg-loader\"><\/div><\/div><\/div>\n","protected":false},"excerpt":{"rendered":"<p>Cuando decidimos emprender un viaje en autocaravana por la provincia de Cuenca, sab\u00edamos que \u00edbamos a vivir una aventura \u00fanica, pero nunca imaginamos que ser\u00eda tan enriquecedora. Con cada kil\u00f3metro recorrido, el paisaje se transformaba, como si la provincia misma nos susurrara secretos guardados en sus monta\u00f1as, r\u00edos y pueblos pintorescos. Esta web de fotos &hellip; <a href=\"https:\/\/fotosyviajes.es\/index.php\/acerca-de\/escapadas\/cuenca-provincia\/\" class=\"more-link\">Seguir leyendo <span class=\"screen-reader-text\">Cuenca provincia<\/span> <span class=\"meta-nav\">&rarr;<\/span><\/a><\/p>\n","protected":false},"author":1,"featured_media":764,"parent":45,"menu_order":0,"comment_status":"closed","ping_status":"closed","template":"","meta":{"footnotes":""},"class_list":["post-775","page","type-page","status-publish","has-post-thumbnail","hentry"],"_links":{"self":[{"href":"https:\/\/fotosyviajes.es\/index.php\/wp-json\/wp\/v2\/pages\/775","targetHints":{"allow":["GET"]}}],"collection":[{"href":"https:\/\/fotosyviajes.es\/index.php\/wp-json\/wp\/v2\/pages"}],"about":[{"href":"https:\/\/fotosyviajes.es\/index.php\/wp-json\/wp\/v2\/types\/page"}],"author":[{"embeddable":true,"href":"https:\/\/fotosyviajes.es\/index.php\/wp-json\/wp\/v2\/users\/1"}],"replies":[{"embeddable":true,"href":"https:\/\/fotosyviajes.es\/index.php\/wp-json\/wp\/v2\/comments?post=775"}],"version-history":[{"count":10,"href":"https:\/\/fotosyviajes.es\/index.php\/wp-json\/wp\/v2\/pages\/775\/revisions"}],"predecessor-version":[{"id":1610,"href":"https:\/\/fotosyviajes.es\/index.php\/wp-json\/wp\/v2\/pages\/775\/revisions\/1610"}],"up":[{"embeddable":true,"href":"https:\/\/fotosyviajes.es\/index.php\/wp-json\/wp\/v2\/pages\/45"}],"wp:featuredmedia":[{"embeddable":true,"href":"https:\/\/fotosyviajes.es\/index.php\/wp-json\/wp\/v2\/media\/764"}],"wp:attachment":[{"href":"https:\/\/fotosyviajes.es\/index.php\/wp-json\/wp\/v2\/media?parent=775"}],"curies":[{"name":"wp","href":"https:\/\/api.w.org\/{rel}","templated":true}]}}